{"id":5941,"date":"2025-08-13T08:05:32","date_gmt":"2025-08-13T08:05:32","guid":{"rendered":"https:\/\/p-ul7el4.project.space\/familievaerelse\/"},"modified":"2026-05-12T09:53:35","modified_gmt":"2026-05-12T09:53:35","slug":"familievaerelse","status":"publish","type":"page","link":"https:\/\/hotel-des-nordens.com\/da\/vaerelser\/familievaerelse\/","title":{"rendered":"Familiev\u00e6relse"},"content":{"rendered":"<div class=\"et_pb_section_0 et_pb_section et_section_regular et_block_section z-index-0\">\n<div class=\"et_pb_row_0 et_pb_row et_flex_row\">\n<div class=\"et_pb_column_0 et_pb_column et_block_column et_pb_css_mix_blend_mode_passthrough et_flex_column_24_24 et_flex_column_24_24_tablet et_flex_column_24_24_phone col-1\">\n<div class=\"et_pb_text_0 et_pb_text et_pb_bg_layout_light et_pb_module et_block_module preset--module--divi-text--17aa47f9-1791-4ef5-8c6e-2067ce530fd2\"><div class=\"et_pb_text_inner\"><p>V\u00e6relsesdetaljer<\/p>\n<\/div><\/div>\n\n<div class=\"et_pb_heading_0 et_pb_heading et_pb_module et_block_module preset--module--divi-heading--6b1cdf70-b116-44f1-b170-07837637ffba\"><div class=\"et_pb_heading_container\"><h1 class=\"et_pb_module_header\">Familiev\u00e6relse<\/h1><\/div><\/div>\n\n<div class=\"et_pb_text_1 et_pb_text et_pb_bg_layout_light et_pb_module et_block_module preset--module--divi-text--a1bebcce-26b7-401b-bde8-72bfa10e960b\"><div class=\"et_pb_text_inner\"><p>Med 32 m\u00b2 tilbyder vores familiev\u00e6relse p\u00e5 Hotel des Nordens den perfekte ramme for et afslappende ophold med b\u00f8rn. Udstyret med en komfortabel dobbeltseng, fladsk\u00e6rms-tv, hyggelig sofagruppe og praktisk skrivebord kombinerer v\u00e6relserne funktionalitet med en behagelig atmosf\u00e6re. Det separate opholdsomr\u00e5de kan nemt omdannes til et ekstra soveomr\u00e5de for b\u00f8rn via opredning af sofaen \u2013 det perfekte hotelv\u00e6relse for familier. <\/p>\n<\/div><\/div>\n\n<div class=\"et_pb_module et_pb_button_module_wrapper et_pb_button_0_wrapper preset--module--divi-button--default_wrapper\"><a class=\"et_pb_button_0 et_pb_button et_pb_bg_layout_dark et_pb_module et_block_module preset--module--divi-button--default\" href=\"https:\/\/www.secure-hotel-booking.com\/d-edge\/Hotel-des-Nordens\/J2LC\/da-DK\/DateSelection?roomId=91390\" target=\"_blank\">Book v\u00e6relse<\/a><\/div>\n<\/div>\n\n<div class=\"et_pb_column_1 et_pb_column et-last-child et_flex_column et_pb_css_mix_blend_mode_passthrough et_flex_column_24_24 et_flex_column_24_24_tablet et_flex_column_24_24_phone col-2\">\n<div class=\"et_pb_code_0 et_pb_code et_pb_module\"><\/div>\n<\/div>\n<\/div>\n<\/div>\n\n<div class=\"et_pb_section_1 et_pb_section et_section_regular et_block_section\">\n<div class=\"et_pb_row_1 et_pb_row et_block_row\">\n<div class=\"et_pb_column_2 et_pb_column et_pb_column_4_4 et-last-child et_block_column et_pb_css_mix_blend_mode_passthrough\">\n<div class=\"et_pb_image_0 et_pb_image et_animated et_pb_module et_block_module\"><span class=\"et_pb_image_wrap\"><img loading=\"lazy\" decoding=\"async\" src=\"https:\/\/hotel-des-nordens.com\/wp-content\/uploads\/2026\/03\/hotel-des-nordens-famiien-zimmer-02.webp\" width=\"1521\" height=\"818\" srcset=\"https:\/\/hotel-des-nordens.com\/wp-content\/uploads\/2026\/03\/hotel-des-nordens-famiien-zimmer-02.webp 1521w, https:\/\/hotel-des-nordens.com\/wp-content\/uploads\/2026\/03\/hotel-des-nordens-famiien-zimmer-02-1280x688.webp 1280w, https:\/\/hotel-des-nordens.com\/wp-content\/uploads\/2026\/03\/hotel-des-nordens-famiien-zimmer-02-980x527.webp 980w, https:\/\/hotel-des-nordens.com\/wp-content\/uploads\/2026\/03\/hotel-des-nordens-famiien-zimmer-02-480x258.webp 480w\" sizes=\"(min-width: 0px) and (max-width: 480px) 480px, (min-width: 481px) and (max-width: 980px) 980px, (min-width: 981px) and (max-width: 1280px) 1280px, (min-width: 1281px) 1521px, 100vw\" class=\"wp-image-6618\" alt=\"Rummeligt familiev\u00e6relse med skrivebord\" \/><\/span><\/div>\n<\/div>\n<\/div>\n\n<div class=\"et_pb_row_2 et_pb_row et_block_row\">\n<div class=\"et_pb_column_3 et_pb_column et_pb_column_1_2 et_block_column et_pb_css_mix_blend_mode_passthrough\">\n<div class=\"et_pb_image_1 et_pb_image et_animated et_pb_module et_block_module\"><span class=\"et_pb_image_wrap\"><img loading=\"lazy\" decoding=\"async\" src=\"https:\/\/hotel-des-nordens.com\/wp-content\/uploads\/2026\/03\/hotel-des-nordens-famiien-zimmer-03.webp\" width=\"707\" height=\"535\" srcset=\"https:\/\/hotel-des-nordens.com\/wp-content\/uploads\/2026\/03\/hotel-des-nordens-famiien-zimmer-03.webp 707w, https:\/\/hotel-des-nordens.com\/wp-content\/uploads\/2026\/03\/hotel-des-nordens-famiien-zimmer-03-480x363.webp 480w\" sizes=\"(min-width: 0px) and (max-width: 480px) 480px, (min-width: 481px) 707px, 100vw\" class=\"wp-image-6619\" alt=\"Rummeligt familiev\u00e6relse med skrivebord\" \/><\/span><\/div>\n<\/div>\n\n<div class=\"et_pb_column_4 et_pb_column et_pb_column_1_2 et-last-child et_block_column et_pb_css_mix_blend_mode_passthrough\">\n<div class=\"et_pb_image_2 et_pb_image et_animated et_pb_module et_block_module\"><span class=\"et_pb_image_wrap\"><img loading=\"lazy\" decoding=\"async\" src=\"https:\/\/hotel-des-nordens.com\/wp-content\/uploads\/2026\/03\/hotel-des-nordens-famiien-zimmer-04.webp\" width=\"707\" height=\"535\" srcset=\"https:\/\/hotel-des-nordens.com\/wp-content\/uploads\/2026\/03\/hotel-des-nordens-famiien-zimmer-04.webp 707w, https:\/\/hotel-des-nordens.com\/wp-content\/uploads\/2026\/03\/hotel-des-nordens-famiien-zimmer-04-480x363.webp 480w\" sizes=\"(min-width: 0px) and (max-width: 480px) 480px, (min-width: 481px) 707px, 100vw\" class=\"wp-image-6620\" alt=\"Rummeligt familiev\u00e6relse med skrivebord\" \/><\/span><\/div>\n<\/div>\n<\/div>\n<\/div>\n\n<div class=\"et_pb_section_2 et_pb_section et_section_regular et_block_section\">\n<div class=\"et_pb_row_3 et_pb_row et_block_row\">\n<div class=\"et_pb_column_5 et_pb_column et_pb_column_4_4 et-last-child et_block_column et_pb_css_mix_blend_mode_passthrough\">\n<div class=\"et_pb_heading_1 et_pb_heading et_pb_module et_block_module preset--module--divi-heading--f5eead34-ecd1-47b6-b936-72bf5a4138f6\"><div class=\"et_pb_heading_container\"><h2 class=\"et_pb_module_header\">Oversigt over dit ophold<\/h2><\/div><\/div>\n<\/div>\n<\/div>\n\n<div class=\"et_pb_row_4 et_pb_row et_flex_row preset--module--divi-row--djuq15uns8\">\n<div class=\"et_pb_column_6 et_pb_column et_block_column et_pb_css_mix_blend_mode_passthrough et_animated et_flex_column_24_24 et_flex_column_12_24_tablet et_flex_column_24_24_phone preset--module--divi-column--6ea4c9e9-3b45-41dc-a4a5-48fe83cc7cac\">\n<div class=\"et_pb_text_2 et_pb_text et_pb_bg_layout_light et_pb_module et_block_module preset--module--divi-text--6de73d31-ad69-4c1c-8a72-6b5c5a1d0529\"><div class=\"et_pb_text_inner\"><h3>Individuel v\u00e6relsefaciliteter<\/h3>\n<\/div><\/div>\n\n<div class=\"et_pb_text_3 et_pb_text et_pb_bg_layout_light et_pb_module et_block_module preset--module--divi-text--146b78f0-ff57-44d3-a9f4-418eb6997015\"><div class=\"et_pb_text_inner\"><ul>\n<li>ca. 32 m\u00b2<\/li>\n<li>Dobbeltseng<\/li>\n<li>Separat opholdsstue med sovesofa<\/li>\n<li>Siddehj\u00f8rne<\/li>\n<li>Stort skrivebord<\/li>\n<\/ul>\n<\/div><\/div>\n<\/div>\n\n<div class=\"et_pb_column_7 et_pb_column et_block_column et_pb_css_mix_blend_mode_passthrough et_animated et_flex_column_24_24 et_flex_column_12_24_tablet et_flex_column_24_24_phone preset--module--divi-column--6ea4c9e9-3b45-41dc-a4a5-48fe83cc7cac\">\n<div class=\"et_pb_text_4 et_pb_text et_pb_bg_layout_light et_pb_module et_block_module preset--module--divi-text--6de73d31-ad69-4c1c-8a72-6b5c5a1d0529\"><div class=\"et_pb_text_inner\"><h3>Faciliteter p\u00e5 alle v\u00e6relser<\/h3>\n<\/div><\/div>\n\n<div class=\"et_pb_text_5 et_pb_text et_pb_bg_layout_light et_pb_module et_block_module preset--module--divi-text--146b78f0-ff57-44d3-a9f4-418eb6997015\"><div class=\"et_pb_text_inner\"><ul>\n<li>Ikke-ryger v\u00e6relser<\/li>\n<li>Gratis Wi-Fi<\/li>\n<li>Kaffe-\/te-station<\/li>\n<li>Fladsk\u00e6rms-tv<\/li>\n<li>Telefon<\/li>\n<li>H\u00e5rt\u00f8rrer p\u00e5 badev\u00e6relset<\/li>\n<li>1 flaske mineralvand<\/li>\n<\/ul>\n<\/div><\/div>\n<\/div>\n\n<div class=\"et_pb_column_8 et_pb_column et_block_column et_pb_css_mix_blend_mode_passthrough et_animated et_flex_column_24_24 et_flex_column_12_24_tablet et_flex_column_24_24_phone preset--module--divi-column--6ea4c9e9-3b45-41dc-a4a5-48fe83cc7cac\">\n<div class=\"et_pb_text_6 et_pb_text et_pb_bg_layout_light et_pb_module et_block_module preset--module--divi-text--6de73d31-ad69-4c1c-8a72-6b5c5a1d0529\"><div class=\"et_pb_text_inner\"><h3>Dine inkluderede ydelser<\/h3>\n<\/div><\/div>\n\n<div class=\"et_pb_text_7 et_pb_text et_pb_bg_layout_light et_pb_module et_block_module preset--module--divi-text--146b78f0-ff57-44d3-a9f4-418eb6997015\"><div class=\"et_pb_text_inner\"><ul>\n<li>Morgenmadsbuffet<\/li>\n<li>Brug af wellness-omr\u00e5det \u201eAquapoint\u201c (pools, sauna osv.)<\/li>\n<li>Wi-Fi inkluderet<\/li>\n<li>Mineralvand ved ankomst<\/li>\n<li>Gratis parkeringspladser<\/li>\n<\/ul>\n<ul><\/ul>\n<\/div><\/div>\n<\/div>\n\n<div class=\"et_pb_column_9 et_pb_column et-last-child et_block_column et_pb_css_mix_blend_mode_passthrough et_animated et_flex_column_24_24 et_flex_column_12_24_tablet et_flex_column_24_24_phone preset--module--divi-column--6ea4c9e9-3b45-41dc-a4a5-48fe83cc7cac\">\n<div class=\"et_pb_text_8 et_pb_text et_pb_bg_layout_light et_pb_module et_block_module preset--module--divi-text--6de73d31-ad69-4c1c-8a72-6b5c5a1d0529\"><div class=\"et_pb_text_inner\"><h3>Betingelser<\/h3>\n<\/div><\/div>\n\n<div class=\"et_pb_text_9 et_pb_text et_pb_bg_layout_light et_pb_module et_block_module preset--module--divi-text--146b78f0-ff57-44d3-a9f4-418eb6997015\"><div class=\"et_pb_text_inner\"><ul>\n<li>Maks. 4 personer <\/li>\n<li>Afbestilling og betaling: afh\u00e6ngigt af betalingsplan<\/li>\n<\/ul>\n<\/div><\/div>\n<\/div>\n<\/div>\n<\/div>\n\n<div class=\"et_pb_section_3 et_pb_section et_section_regular et_block_section\"><div class=\"et_pb_row_5 et_pb_row et_flex_row\"><div class=\"et_pb_column_10 et_pb_column et-last-child et_flex_column et_pb_css_mix_blend_mode_passthrough et_flex_column_24_24 et_flex_column_24_24_tablet et_flex_column_24_24_phone\"><div class=\"et_pb_module et_pb_button_module_wrapper et_pb_button_1_wrapper preset--module--divi-button--default_wrapper\"><a class=\"et_pb_button_1 et_pb_button et_pb_bg_layout_dark et_pb_module et_flex_module preset--module--divi-button--default\" href=\"https:\/\/hotel-des-nordens.com\/zimmer\/\">Alle v\u00e6relser<\/a><\/div><\/div><\/div><\/div>\n\n","protected":false},"excerpt":{"rendered":"<p>St\u00f8rrelse: ca. 32 m\u00b2<br \/>\nSengest\u00f8rrelse: Dobbeltseng<\/p>\n","protected":false},"author":9,"featured_media":9363,"parent":5776,"menu_order":0,"comment_status":"closed","ping_status":"closed","template":"","meta":{"inline_featured_image":false,"footnotes":""},"class_list":["post-5941","page","type-page","status-publish","has-post-thumbnail","hentry"],"yoast_head":"<!-- This site is optimized with the Yoast SEO plugin v27.6 - https:\/\/yoast.com\/product\/yoast-seo-wordpress\/ -->\n<title>Familiev\u00e6relse ved \u00d8sters\u00f8en | Hotel des Nordens<\/title>\n<meta name=\"description\" content=\"Hotel des Nordens har det perfekte hotelv\u00e6relse til enhver familie. Se vores familiev\u00e6relser nu og book en familieferie.\" \/>\n<meta name=\"robots\" content=\"index, follow, max-snippet:-1, max-image-preview:large, max-video-preview:-1\" \/>\n<link rel=\"canonical\" href=\"https:\/\/hotel-des-nordens.com\/da\/vaerelser\/familievaerelse\/\" \/>\n<meta property=\"og:locale\" content=\"da_DK\" \/>\n<meta property=\"og:type\" content=\"article\" \/>\n<meta property=\"og:title\" content=\"Familiev\u00e6relse ved \u00d8sters\u00f8en | Hotel des Nordens\" \/>\n<meta property=\"og:description\" content=\"Hotel des Nordens har det perfekte hotelv\u00e6relse til enhver familie. Se vores familiev\u00e6relser nu og book en familieferie.\" \/>\n<meta property=\"og:url\" content=\"https:\/\/hotel-des-nordens.com\/da\/vaerelser\/familievaerelse\/\" \/>\n<meta property=\"og:site_name\" content=\"Hotel des Nordens\" \/>\n<meta property=\"article:publisher\" content=\"https:\/\/www.facebook.com\/HotelDesNordens\/\" \/>\n<meta property=\"article:modified_time\" content=\"2026-05-12T09:53:35+00:00\" \/>\n<meta property=\"og:image\" content=\"https:\/\/hotel-des-nordens.com\/wp-content\/uploads\/2026\/03\/hotel-des-nordens-famiien-zimmer-03.webp\" \/>\n\t<meta property=\"og:image:width\" content=\"707\" \/>\n\t<meta property=\"og:image:height\" content=\"535\" \/>\n\t<meta property=\"og:image:type\" content=\"image\/webp\" \/>\n<meta name=\"twitter:card\" content=\"summary_large_image\" \/>\n<script type=\"application\/ld+json\" class=\"yoast-schema-graph\">{\"@context\":\"https:\\\/\\\/schema.org\",\"@graph\":[{\"@type\":\"WebPage\",\"@id\":\"https:\\\/\\\/hotel-des-nordens.com\\\/da\\\/vaerelser\\\/familievaerelse\\\/\",\"url\":\"https:\\\/\\\/hotel-des-nordens.com\\\/da\\\/vaerelser\\\/familievaerelse\\\/\",\"name\":\"Familiev\u00e6relse ved \u00d8sters\u00f8en | Hotel des Nordens\",\"isPartOf\":{\"@id\":\"https:\\\/\\\/hotel-des-nordens.com\\\/da\\\/#website\"},\"primaryImageOfPage\":{\"@id\":\"https:\\\/\\\/hotel-des-nordens.com\\\/da\\\/vaerelser\\\/familievaerelse\\\/#primaryimage\"},\"image\":{\"@id\":\"https:\\\/\\\/hotel-des-nordens.com\\\/da\\\/vaerelser\\\/familievaerelse\\\/#primaryimage\"},\"thumbnailUrl\":\"https:\\\/\\\/hotel-des-nordens.com\\\/wp-content\\\/uploads\\\/2026\\\/03\\\/hotel-des-nordens-famiien-zimmer-03.webp\",\"datePublished\":\"2025-08-13T08:05:32+00:00\",\"dateModified\":\"2026-05-12T09:53:35+00:00\",\"description\":\"Hotel des Nordens har det perfekte hotelv\u00e6relse til enhver familie. Se vores familiev\u00e6relser nu og book en familieferie.\",\"breadcrumb\":{\"@id\":\"https:\\\/\\\/hotel-des-nordens.com\\\/da\\\/vaerelser\\\/familievaerelse\\\/#breadcrumb\"},\"inLanguage\":\"da-DK\",\"potentialAction\":[{\"@type\":\"ReadAction\",\"target\":[\"https:\\\/\\\/hotel-des-nordens.com\\\/da\\\/vaerelser\\\/familievaerelse\\\/\"]}]},{\"@type\":\"ImageObject\",\"inLanguage\":\"da-DK\",\"@id\":\"https:\\\/\\\/hotel-des-nordens.com\\\/da\\\/vaerelser\\\/familievaerelse\\\/#primaryimage\",\"url\":\"https:\\\/\\\/hotel-des-nordens.com\\\/wp-content\\\/uploads\\\/2026\\\/03\\\/hotel-des-nordens-famiien-zimmer-03.webp\",\"contentUrl\":\"https:\\\/\\\/hotel-des-nordens.com\\\/wp-content\\\/uploads\\\/2026\\\/03\\\/hotel-des-nordens-famiien-zimmer-03.webp\",\"width\":707,\"height\":535,\"caption\":\"Rummeligt sovev\u00e6relse med dobbeltseng, skrivebord og tv p\u00e5 v\u00e6ggen overfor sengen.\"},{\"@type\":\"BreadcrumbList\",\"@id\":\"https:\\\/\\\/hotel-des-nordens.com\\\/da\\\/vaerelser\\\/familievaerelse\\\/#breadcrumb\",\"itemListElement\":[{\"@type\":\"ListItem\",\"position\":1,\"name\":\"Home\",\"item\":\"https:\\\/\\\/hotel-des-nordens.com\\\/da\\\/\"},{\"@type\":\"ListItem\",\"position\":2,\"name\":\"V\u00e6relser\",\"item\":\"https:\\\/\\\/hotel-des-nordens.com\\\/da\\\/vaerelser\\\/\"},{\"@type\":\"ListItem\",\"position\":3,\"name\":\"Familiev\u00e6relse\"}]},{\"@type\":\"WebSite\",\"@id\":\"https:\\\/\\\/hotel-des-nordens.com\\\/da\\\/#website\",\"url\":\"https:\\\/\\\/hotel-des-nordens.com\\\/da\\\/\",\"name\":\"Hotel des Nordens\",\"description\":\"\",\"publisher\":{\"@id\":\"https:\\\/\\\/hotel-des-nordens.com\\\/da\\\/#organization\"},\"potentialAction\":[{\"@type\":\"SearchAction\",\"target\":{\"@type\":\"EntryPoint\",\"urlTemplate\":\"https:\\\/\\\/hotel-des-nordens.com\\\/da\\\/?s={search_term_string}\"},\"query-input\":{\"@type\":\"PropertyValueSpecification\",\"valueRequired\":true,\"valueName\":\"search_term_string\"}}],\"inLanguage\":\"da-DK\"},{\"@type\":\"Organization\",\"@id\":\"https:\\\/\\\/hotel-des-nordens.com\\\/da\\\/#organization\",\"name\":\"Hotel des Nordens\",\"url\":\"https:\\\/\\\/hotel-des-nordens.com\\\/da\\\/\",\"logo\":{\"@type\":\"ImageObject\",\"inLanguage\":\"da-DK\",\"@id\":\"https:\\\/\\\/hotel-des-nordens.com\\\/da\\\/#\\\/schema\\\/logo\\\/image\\\/\",\"url\":\"https:\\\/\\\/hotel-des-nordens.com\\\/wp-content\\\/uploads\\\/2025\\\/09\\\/cropped-hotel-des-nordens-icon.png\",\"contentUrl\":\"https:\\\/\\\/hotel-des-nordens.com\\\/wp-content\\\/uploads\\\/2025\\\/09\\\/cropped-hotel-des-nordens-icon.png\",\"width\":512,\"height\":512,\"caption\":\"Hotel des Nordens\"},\"image\":{\"@id\":\"https:\\\/\\\/hotel-des-nordens.com\\\/da\\\/#\\\/schema\\\/logo\\\/image\\\/\"},\"sameAs\":[\"https:\\\/\\\/www.facebook.com\\\/HotelDesNordens\\\/\",\"https:\\\/\\\/www.instagram.com\\\/hoteldesnordens\\\/\"]}]}<\/script>\n<!-- \/ Yoast SEO plugin. -->","yoast_head_json":{"title":"Familiev\u00e6relse ved \u00d8sters\u00f8en | Hotel des Nordens","description":"Hotel des Nordens har det perfekte hotelv\u00e6relse til enhver familie. Se vores familiev\u00e6relser nu og book en familieferie.","robots":{"index":"index","follow":"follow","max-snippet":"max-snippet:-1","max-image-preview":"max-image-preview:large","max-video-preview":"max-video-preview:-1"},"canonical":"https:\/\/hotel-des-nordens.com\/da\/vaerelser\/familievaerelse\/","og_locale":"da_DK","og_type":"article","og_title":"Familiev\u00e6relse ved \u00d8sters\u00f8en | Hotel des Nordens","og_description":"Hotel des Nordens har det perfekte hotelv\u00e6relse til enhver familie. Se vores familiev\u00e6relser nu og book en familieferie.","og_url":"https:\/\/hotel-des-nordens.com\/da\/vaerelser\/familievaerelse\/","og_site_name":"Hotel des Nordens","article_publisher":"https:\/\/www.facebook.com\/HotelDesNordens\/","article_modified_time":"2026-05-12T09:53:35+00:00","og_image":[{"width":707,"height":535,"url":"https:\/\/hotel-des-nordens.com\/wp-content\/uploads\/2026\/03\/hotel-des-nordens-famiien-zimmer-03.webp","type":"image\/webp"}],"twitter_card":"summary_large_image","schema":{"@context":"https:\/\/schema.org","@graph":[{"@type":"WebPage","@id":"https:\/\/hotel-des-nordens.com\/da\/vaerelser\/familievaerelse\/","url":"https:\/\/hotel-des-nordens.com\/da\/vaerelser\/familievaerelse\/","name":"Familiev\u00e6relse ved \u00d8sters\u00f8en | Hotel des Nordens","isPartOf":{"@id":"https:\/\/hotel-des-nordens.com\/da\/#website"},"primaryImageOfPage":{"@id":"https:\/\/hotel-des-nordens.com\/da\/vaerelser\/familievaerelse\/#primaryimage"},"image":{"@id":"https:\/\/hotel-des-nordens.com\/da\/vaerelser\/familievaerelse\/#primaryimage"},"thumbnailUrl":"https:\/\/hotel-des-nordens.com\/wp-content\/uploads\/2026\/03\/hotel-des-nordens-famiien-zimmer-03.webp","datePublished":"2025-08-13T08:05:32+00:00","dateModified":"2026-05-12T09:53:35+00:00","description":"Hotel des Nordens har det perfekte hotelv\u00e6relse til enhver familie. Se vores familiev\u00e6relser nu og book en familieferie.","breadcrumb":{"@id":"https:\/\/hotel-des-nordens.com\/da\/vaerelser\/familievaerelse\/#breadcrumb"},"inLanguage":"da-DK","potentialAction":[{"@type":"ReadAction","target":["https:\/\/hotel-des-nordens.com\/da\/vaerelser\/familievaerelse\/"]}]},{"@type":"ImageObject","inLanguage":"da-DK","@id":"https:\/\/hotel-des-nordens.com\/da\/vaerelser\/familievaerelse\/#primaryimage","url":"https:\/\/hotel-des-nordens.com\/wp-content\/uploads\/2026\/03\/hotel-des-nordens-famiien-zimmer-03.webp","contentUrl":"https:\/\/hotel-des-nordens.com\/wp-content\/uploads\/2026\/03\/hotel-des-nordens-famiien-zimmer-03.webp","width":707,"height":535,"caption":"Rummeligt sovev\u00e6relse med dobbeltseng, skrivebord og tv p\u00e5 v\u00e6ggen overfor sengen."},{"@type":"BreadcrumbList","@id":"https:\/\/hotel-des-nordens.com\/da\/vaerelser\/familievaerelse\/#breadcrumb","itemListElement":[{"@type":"ListItem","position":1,"name":"Home","item":"https:\/\/hotel-des-nordens.com\/da\/"},{"@type":"ListItem","position":2,"name":"V\u00e6relser","item":"https:\/\/hotel-des-nordens.com\/da\/vaerelser\/"},{"@type":"ListItem","position":3,"name":"Familiev\u00e6relse"}]},{"@type":"WebSite","@id":"https:\/\/hotel-des-nordens.com\/da\/#website","url":"https:\/\/hotel-des-nordens.com\/da\/","name":"Hotel des Nordens","description":"","publisher":{"@id":"https:\/\/hotel-des-nordens.com\/da\/#organization"},"potentialAction":[{"@type":"SearchAction","target":{"@type":"EntryPoint","urlTemplate":"https:\/\/hotel-des-nordens.com\/da\/?s={search_term_string}"},"query-input":{"@type":"PropertyValueSpecification","valueRequired":true,"valueName":"search_term_string"}}],"inLanguage":"da-DK"},{"@type":"Organization","@id":"https:\/\/hotel-des-nordens.com\/da\/#organization","name":"Hotel des Nordens","url":"https:\/\/hotel-des-nordens.com\/da\/","logo":{"@type":"ImageObject","inLanguage":"da-DK","@id":"https:\/\/hotel-des-nordens.com\/da\/#\/schema\/logo\/image\/","url":"https:\/\/hotel-des-nordens.com\/wp-content\/uploads\/2025\/09\/cropped-hotel-des-nordens-icon.png","contentUrl":"https:\/\/hotel-des-nordens.com\/wp-content\/uploads\/2025\/09\/cropped-hotel-des-nordens-icon.png","width":512,"height":512,"caption":"Hotel des Nordens"},"image":{"@id":"https:\/\/hotel-des-nordens.com\/da\/#\/schema\/logo\/image\/"},"sameAs":["https:\/\/www.facebook.com\/HotelDesNordens\/","https:\/\/www.instagram.com\/hoteldesnordens\/"]}]}},"jetpack_sharing_enabled":true,"_links":{"self":[{"href":"https:\/\/hotel-des-nordens.com\/da\/wp-json\/wp\/v2\/pages\/5941","targetHints":{"allow":["GET"]}}],"collection":[{"href":"https:\/\/hotel-des-nordens.com\/da\/wp-json\/wp\/v2\/pages"}],"about":[{"href":"https:\/\/hotel-des-nordens.com\/da\/wp-json\/wp\/v2\/types\/page"}],"author":[{"embeddable":true,"href":"https:\/\/hotel-des-nordens.com\/da\/wp-json\/wp\/v2\/users\/9"}],"replies":[{"embeddable":true,"href":"https:\/\/hotel-des-nordens.com\/da\/wp-json\/wp\/v2\/comments?post=5941"}],"version-history":[{"count":5,"href":"https:\/\/hotel-des-nordens.com\/da\/wp-json\/wp\/v2\/pages\/5941\/revisions"}],"predecessor-version":[{"id":9644,"href":"https:\/\/hotel-des-nordens.com\/da\/wp-json\/wp\/v2\/pages\/5941\/revisions\/9644"}],"up":[{"embeddable":true,"href":"https:\/\/hotel-des-nordens.com\/da\/wp-json\/wp\/v2\/pages\/5776"}],"wp:featuredmedia":[{"embeddable":true,"href":"https:\/\/hotel-des-nordens.com\/da\/wp-json\/wp\/v2\/media\/9363"}],"wp:attachment":[{"href":"https:\/\/hotel-des-nordens.com\/da\/wp-json\/wp\/v2\/media?parent=5941"}],"curies":[{"name":"wp","href":"https:\/\/api.w.org\/{rel}","templated":true}]}}