{"id":5734,"date":"2025-01-27T15:22:22","date_gmt":"2025-01-27T15:22:22","guid":{"rendered":"https:\/\/p-ul7el4.project.space\/galleri\/"},"modified":"2026-05-12T10:38:49","modified_gmt":"2026-05-12T10:38:49","slug":"galleri","status":"publish","type":"page","link":"https:\/\/hotel-des-nordens.com\/da\/galleri\/","title":{"rendered":"Galleri"},"content":{"rendered":"<div class=\"et_pb_section_0 et_pb_section et_section_regular et_block_section\">\n<div class=\"et_pb_row_0 et_pb_row et_block_row\">\n<div class=\"et_pb_column_0 et_pb_column et_pb_column_4_4 et-last-child et_block_column et_pb_css_mix_blend_mode_passthrough\">\n<div class=\"et_pb_text_0 et_pb_text et_pb_bg_layout_light et_pb_module et_block_module et_pb_text_align_center preset--module--divi-text--17aa47f9-1791-4ef5-8c6e-2067ce530fd2\"><div class=\"et_pb_text_inner\"><p>Indtryk &amp; stemninger<\/p>\n<\/div><\/div>\n\n<div class=\"et_pb_heading_0 et_pb_heading et_pb_module et_block_module preset--module--divi-heading--07c807f5-30a2-466c-bd49-e9a777215f15\"><div class=\"et_pb_heading_container\"><h1 class=\"et_pb_module_header\">Billeder fra Hotel des Nordens<\/h1><\/div><\/div>\n\n<div class=\"et_pb_text_1 et_pb_text et_pb_bg_layout_light et_pb_module et_block_module et_pb_text_align_center preset--module--divi-text--a1bebcce-26b7-401b-bde8-72bfa10e960b\"><div class=\"et_pb_text_inner\"><p>Oplev mangeartede indtryk fra Hotel des Nordens \u2013 fra den unikke beliggenhed ved den dansk-tyske gr\u00e6nse til afslappende \u00f8jeblikke ved poolen eller i restauranten med udsigt til det gr\u00f8nne. Vores galleri bringer den nordiske velv\u00e6restemning direkte til din sk\u00e6rm. <\/p>\n<\/div><\/div>\n\n<div class=\"et_pb_icon_0 et_pb_icon et_pb_module et_block_module preset--module--divi-icon--a1264cde-02c4-43b0-9644-2c0ea0ae1cfb\"><span class=\"et_pb_icon_wrap\"><span class=\"et-pb-icon\">7<\/span><\/span><\/div>\n<\/div>\n<\/div>\n<\/div>\n\n<div class=\"et_pb_section_1 et_pb_section et_section_regular et_block_section\">\n<div class=\"et_pb_row_1 et_pb_row et_pb_gutters2 et_block_row preset--module--divi-row--8e6b1c8f-c645-4ad8-8e4e-f21d8155fa0e\">\n<div class=\"et_pb_column_1 et_pb_column et_pb_column_4_4 et-last-child et_block_column et_pb_css_mix_blend_mode_passthrough\">\n<div class=\"et_pb_gallery_0 et_pb_gallery et_pb_bg_layout_light et_pb_gallery_grid et_pb_module preset--module--divi-gallery--default\" data-auto-rotate=\"off\" data-auto-rotate-speed=\"\"><div class=\"et_pb_gallery_items et_post_gallery clearfix et_grid_module\" data-per_page=\"12\"><div class=\"et_pb_gallery_item et_pb_grid_item et_pb_gallery_item_0_0\"><div class=\"et_pb_gallery_image landscape\" data-per_page=\"12\"><a href=\"https:\/\/hotel-des-nordens.com\/wp-content\/uploads\/2026\/03\/Altstadt-Flensburg.webp\" title=\"Flensborgs gamle bydel\"><img loading=\"lazy\" decoding=\"async\" width=\"400\" height=\"284\" src=\"https:\/\/hotel-des-nordens.com\/wp-content\/uploads\/2026\/03\/Altstadt-Flensburg-400x284.webp\" alt=\"Livlig g\u00e5gade i den historiske bymidte.\" class=\"wp-image-6924\" srcset=\"https:\/\/hotel-des-nordens.com\/wp-content\/uploads\/2026\/03\/Altstadt-Flensburg.webp 479w, https:\/\/hotel-des-nordens.com\/wp-content\/uploads\/2026\/03\/Altstadt-Flensburg-400x284.webp 480w\" sizes=\"(max-width:479px) 479px, 100vw\" \/><span class=\"et_overlay\" data-icon=\"\" data-icon-tablet=\"\" data-icon-phone=\"\"><\/span><\/a><\/div><h3 class=\"et_pb_gallery_title\">Flensborgs gamle bydel<\/h3><\/div><div class=\"et_pb_gallery_item et_pb_grid_item et_pb_gallery_item_0_1\"><div class=\"et_pb_gallery_image landscape\" data-per_page=\"12\"><a href=\"https:\/\/hotel-des-nordens.com\/wp-content\/uploads\/2026\/03\/Aussenansicht-Pool.webp\" title=\"Udearealet ved pool\"><img loading=\"lazy\" decoding=\"async\" width=\"400\" height=\"284\" src=\"https:\/\/hotel-des-nordens.com\/wp-content\/uploads\/2026\/03\/Aussenansicht-Pool-400x284.webp\" alt=\"Have med poolomr\u00e5de og udend\u00f8rs sauna. Foran den lille hytte med sauna st\u00e5r der tre skulpturer, og ved poolen st\u00e5r der bl\u00e5 liggestole.\" class=\"wp-image-6925\" srcset=\"https:\/\/hotel-des-nordens.com\/wp-content\/uploads\/2026\/03\/Aussenansicht-Pool.webp 479w, https:\/\/hotel-des-nordens.com\/wp-content\/uploads\/2026\/03\/Aussenansicht-Pool-400x284.webp 480w\" sizes=\"(max-width:479px) 479px, 100vw\" \/><span class=\"et_overlay\" data-icon=\"\" data-icon-tablet=\"\" data-icon-phone=\"\"><\/span><\/a><\/div><h3 class=\"et_pb_gallery_title\">Udearealet ved pool<\/h3><\/div><div class=\"et_pb_gallery_item et_pb_grid_item et_pb_gallery_item_0_2\"><div class=\"et_pb_gallery_image landscape\" data-per_page=\"12\"><a href=\"https:\/\/hotel-des-nordens.com\/wp-content\/uploads\/2026\/03\/Familiensuite.webp\" title=\"Familiev\u00e6relser\"><img loading=\"lazy\" decoding=\"async\" width=\"400\" height=\"284\" src=\"https:\/\/hotel-des-nordens.com\/wp-content\/uploads\/2026\/03\/Familiensuite-400x284.webp\" alt=\"Et hotelv\u00e6relse med en sofa, to l\u00e6nestole og et tv p\u00e5 v\u00e6ggen foran en stor vinduesfront med udsigt til en altan. Til h\u00f8jre er der en pejs, og overfor st\u00e5r et skrivebord med en polstret stol.\" class=\"wp-image-6926\" srcset=\"https:\/\/hotel-des-nordens.com\/wp-content\/uploads\/2026\/03\/Familiensuite.webp 479w, https:\/\/hotel-des-nordens.com\/wp-content\/uploads\/2026\/03\/Familiensuite-400x284.webp 480w\" sizes=\"(max-width:479px) 479px, 100vw\" \/><span class=\"et_overlay\" data-icon=\"\" data-icon-tablet=\"\" data-icon-phone=\"\"><\/span><\/a><\/div><h3 class=\"et_pb_gallery_title\">Familiev\u00e6relser<\/h3><\/div><div class=\"et_pb_gallery_item et_pb_grid_item et_pb_gallery_item_0_3\"><div class=\"et_pb_gallery_image landscape\" data-per_page=\"12\"><a href=\"https:\/\/hotel-des-nordens.com\/wp-content\/uploads\/2026\/03\/Frisch-renovierte-Badezimmer.webp\" title=\"Badev\u00e6relse\"><img loading=\"lazy\" decoding=\"async\" width=\"400\" height=\"284\" src=\"https:\/\/hotel-des-nordens.com\/wp-content\/uploads\/2026\/03\/Frisch-renovierte-Badezimmer-400x284.webp\" alt=\"Badev\u00e6relse med h\u00e5ndvask foran et stort v\u00e6gspejl. Til h\u00f8jre for det h\u00e6nger der et h\u00e5ndkl\u00e6det\u00f8rrer p\u00e5 v\u00e6ggen.\" class=\"wp-image-6927\" srcset=\"https:\/\/hotel-des-nordens.com\/wp-content\/uploads\/2026\/03\/Frisch-renovierte-Badezimmer.webp 479w, https:\/\/hotel-des-nordens.com\/wp-content\/uploads\/2026\/03\/Frisch-renovierte-Badezimmer-400x284.webp 480w\" sizes=\"(max-width:479px) 479px, 100vw\" \/><span class=\"et_overlay\" data-icon=\"\" data-icon-tablet=\"\" data-icon-phone=\"\"><\/span><\/a><\/div><h3 class=\"et_pb_gallery_title\">Badev\u00e6relse<\/h3><\/div><div class=\"et_pb_gallery_item et_pb_grid_item et_pb_gallery_item_0_4\"><div class=\"et_pb_gallery_image landscape\" data-per_page=\"12\"><a href=\"https:\/\/hotel-des-nordens.com\/wp-content\/uploads\/2026\/03\/Garten-und-Aussenpool.webp\" title=\"Have med udend\u00f8rs pool\"><img loading=\"lazy\" decoding=\"async\" width=\"400\" height=\"284\" src=\"https:\/\/hotel-des-nordens.com\/wp-content\/uploads\/2026\/03\/Garten-und-Aussenpool-400x284.webp\" alt=\"Udsigt fra haven til poolen og hotellet. Rundt om poolen st\u00e5r der liggestole og strandkurve.\" class=\"wp-image-6928\" srcset=\"https:\/\/hotel-des-nordens.com\/wp-content\/uploads\/2026\/03\/Garten-und-Aussenpool.webp 479w, https:\/\/hotel-des-nordens.com\/wp-content\/uploads\/2026\/03\/Garten-und-Aussenpool-400x284.webp 480w\" sizes=\"(max-width:479px) 479px, 100vw\" \/><span class=\"et_overlay\" data-icon=\"\" data-icon-tablet=\"\" data-icon-phone=\"\"><\/span><\/a><\/div><h3 class=\"et_pb_gallery_title\">Have med udend\u00f8rs pool<\/h3><\/div><div class=\"et_pb_gallery_item et_pb_grid_item et_pb_gallery_item_0_5\"><div class=\"et_pb_gallery_image landscape\" data-per_page=\"12\"><a href=\"https:\/\/hotel-des-nordens.com\/wp-content\/uploads\/2026\/03\/Gemuetliches-Doppelzimmer.webp\" title=\"Comfort-v\u00e6relse\"><img loading=\"lazy\" decoding=\"async\" width=\"400\" height=\"284\" src=\"https:\/\/hotel-des-nordens.com\/wp-content\/uploads\/2026\/03\/Gemuetliches-Doppelzimmer-400x284.webp\" alt=\"En dobbeltseng med natborde og sengelamper foran en v\u00e6g med gr\u00e5-hvid dekorativ tapet med palmeblade. Til h\u00f8jre ses hj\u00f8rnet af en m\u00f8rkegr\u00e5 sofa ved siden af sengen.\" class=\"wp-image-6929\" srcset=\"https:\/\/hotel-des-nordens.com\/wp-content\/uploads\/2026\/03\/Gemuetliches-Doppelzimmer.webp 479w, https:\/\/hotel-des-nordens.com\/wp-content\/uploads\/2026\/03\/Gemuetliches-Doppelzimmer-400x284.webp 480w\" sizes=\"(max-width:479px) 479px, 100vw\" \/><span class=\"et_overlay\" data-icon=\"\" data-icon-tablet=\"\" data-icon-phone=\"\"><\/span><\/a><\/div><h3 class=\"et_pb_gallery_title\">Comfort-v\u00e6relse<\/h3><\/div><div class=\"et_pb_gallery_item et_pb_grid_item et_pb_gallery_item_0_6\"><div class=\"et_pb_gallery_image landscape\" data-per_page=\"12\"><a href=\"https:\/\/hotel-des-nordens.com\/wp-content\/uploads\/2026\/03\/Hafen-in-Flensburg.webp\" title=\"Havnen i Flensborg\"><img loading=\"lazy\" decoding=\"async\" width=\"400\" height=\"284\" src=\"https:\/\/hotel-des-nordens.com\/wp-content\/uploads\/2026\/03\/Hafen-in-Flensburg-400x284.webp\" alt=\"Sejlb\u00e5de i Flensburgs havn. I baggrunden ses den gamle bydel.\" class=\"wp-image-6930\" srcset=\"https:\/\/hotel-des-nordens.com\/wp-content\/uploads\/2026\/03\/Hafen-in-Flensburg.webp 479w, https:\/\/hotel-des-nordens.com\/wp-content\/uploads\/2026\/03\/Hafen-in-Flensburg-400x284.webp 480w\" sizes=\"(max-width:479px) 479px, 100vw\" \/><span class=\"et_overlay\" data-icon=\"\" data-icon-tablet=\"\" data-icon-phone=\"\"><\/span><\/a><\/div><h3 class=\"et_pb_gallery_title\">Havnen i Flensborg<\/h3><\/div><div class=\"et_pb_gallery_item et_pb_grid_item et_pb_gallery_item_0_7\"><div class=\"et_pb_gallery_image landscape\" data-per_page=\"12\"><a href=\"https:\/\/hotel-des-nordens.com\/wp-content\/uploads\/2026\/03\/Hoteleingang.webp\" title=\"Hotellets indgang\"><img loading=\"lazy\" decoding=\"async\" width=\"400\" height=\"284\" src=\"https:\/\/hotel-des-nordens.com\/wp-content\/uploads\/2026\/03\/Hoteleingang-400x284.webp\" alt=\"Udsigt fra ydersiden af Hotel des Nordens med overd\u00e6kket indgang og det tyske, danske, svenske og norske flag p\u00e5 taget.\" class=\"wp-image-6931\" srcset=\"https:\/\/hotel-des-nordens.com\/wp-content\/uploads\/2026\/03\/Hoteleingang.webp 479w, https:\/\/hotel-des-nordens.com\/wp-content\/uploads\/2026\/03\/Hoteleingang-400x284.webp 480w\" sizes=\"(max-width:479px) 479px, 100vw\" \/><span class=\"et_overlay\" data-icon=\"\" data-icon-tablet=\"\" data-icon-phone=\"\"><\/span><\/a><\/div><h3 class=\"et_pb_gallery_title\">Hotellets indgang<\/h3><\/div><div class=\"et_pb_gallery_item et_pb_grid_item et_pb_gallery_item_0_8\"><div class=\"et_pb_gallery_image landscape\" data-per_page=\"12\"><a href=\"https:\/\/hotel-des-nordens.com\/wp-content\/uploads\/2026\/03\/Konferenzraum-Siegfried-Lenz.webp\" title=\"Konferencelokale Siegfried Lenz\"><img loading=\"lazy\" decoding=\"async\" width=\"400\" height=\"284\" src=\"https:\/\/hotel-des-nordens.com\/wp-content\/uploads\/2026\/03\/Konferenzraum-Siegfried-Lenz-400x284.webp\" alt=\"Konferencelokale med flere r\u00e6kker af borde og stole. Opstillet omkring et bord med stole foran en l\u00e6rred, der h\u00e6nger ned fra loftet.\" class=\"wp-image-6932\" srcset=\"https:\/\/hotel-des-nordens.com\/wp-content\/uploads\/2026\/03\/Konferenzraum-Siegfried-Lenz.webp 479w, https:\/\/hotel-des-nordens.com\/wp-content\/uploads\/2026\/03\/Konferenzraum-Siegfried-Lenz-400x284.webp 480w\" sizes=\"(max-width:479px) 479px, 100vw\" \/><span class=\"et_overlay\" data-icon=\"\" data-icon-tablet=\"\" data-icon-phone=\"\"><\/span><\/a><\/div><h3 class=\"et_pb_gallery_title\">Konferencelokale Siegfried Lenz<\/h3><\/div><div class=\"et_pb_gallery_item et_pb_grid_item et_pb_gallery_item_0_9\"><div class=\"et_pb_gallery_image landscape\" data-per_page=\"12\"><a href=\"https:\/\/hotel-des-nordens.com\/wp-content\/uploads\/2026\/03\/Lobby.webp\" title=\"Lobbyen\"><img loading=\"lazy\" decoding=\"async\" width=\"400\" height=\"284\" src=\"https:\/\/hotel-des-nordens.com\/wp-content\/uploads\/2026\/03\/Lobby-400x284.webp\" alt=\"Siddeomr\u00e5de med sofaer i hotellets lobby foran et stort vindue med udsigt ud mod gaden.\" class=\"wp-image-6933\" srcset=\"https:\/\/hotel-des-nordens.com\/wp-content\/uploads\/2026\/03\/Lobby.webp 479w, https:\/\/hotel-des-nordens.com\/wp-content\/uploads\/2026\/03\/Lobby-400x284.webp 480w\" sizes=\"(max-width:479px) 479px, 100vw\" \/><span class=\"et_overlay\" data-icon=\"\" data-icon-tablet=\"\" data-icon-phone=\"\"><\/span><\/a><\/div><h3 class=\"et_pb_gallery_title\">Lobbyen<\/h3><\/div><div class=\"et_pb_gallery_item et_pb_grid_item et_pb_gallery_item_0_10\"><div class=\"et_pb_gallery_image landscape\" data-per_page=\"12\"><a href=\"https:\/\/hotel-des-nordens.com\/wp-content\/uploads\/2026\/03\/Praesidentensuite.webp\" title=\"Pr\u00e6sidentsuite\"><img loading=\"lazy\" decoding=\"async\" width=\"400\" height=\"284\" src=\"https:\/\/hotel-des-nordens.com\/wp-content\/uploads\/2026\/03\/Praesidentensuite-400x284.webp\" alt=\"Spisebord med stole i en hotelsuite foran et vindue med gardiner og forh\u00e6ng. Foran forh\u00e6nget st\u00e5r en stor orkid\u00e9 p\u00e5 en s\u00f8jle.\" class=\"wp-image-6934\" srcset=\"https:\/\/hotel-des-nordens.com\/wp-content\/uploads\/2026\/03\/Praesidentensuite.webp 479w, https:\/\/hotel-des-nordens.com\/wp-content\/uploads\/2026\/03\/Praesidentensuite-400x284.webp 480w\" sizes=\"(max-width:479px) 479px, 100vw\" \/><span class=\"et_overlay\" data-icon=\"\" data-icon-tablet=\"\" data-icon-phone=\"\"><\/span><\/a><\/div><h3 class=\"et_pb_gallery_title\">Pr\u00e6sidentsuite<\/h3><\/div><div class=\"et_pb_gallery_item et_pb_grid_item et_pb_gallery_item_0_11\"><div class=\"et_pb_gallery_image landscape\" data-per_page=\"12\"><a href=\"https:\/\/hotel-des-nordens.com\/wp-content\/uploads\/2026\/03\/Zimmer-mit-Poolaussicht.webp\" title=\"Poolsuite\"><img loading=\"lazy\" decoding=\"async\" width=\"400\" height=\"284\" src=\"https:\/\/hotel-des-nordens.com\/wp-content\/uploads\/2026\/03\/Zimmer-mit-Poolaussicht-400x284.webp\" alt=\"Udsigt over en gr\u00e5 sofa gennem den \u00e5bne d\u00f8r ind i sovev\u00e6relset. Til h\u00f8jre en pejs og til venstre en stor altan med udsigt til poolen.\" class=\"wp-image-6935\" srcset=\"https:\/\/hotel-des-nordens.com\/wp-content\/uploads\/2026\/03\/Zimmer-mit-Poolaussicht.webp 479w, https:\/\/hotel-des-nordens.com\/wp-content\/uploads\/2026\/03\/Zimmer-mit-Poolaussicht-400x284.webp 480w\" sizes=\"(max-width:479px) 479px, 100vw\" \/><span class=\"et_overlay\" data-icon=\"\" data-icon-tablet=\"\" data-icon-phone=\"\"><\/span><\/a><\/div><h3 class=\"et_pb_gallery_title\">Poolsuite<\/h3><\/div><\/div><div class=\"et_pb_gallery_pagination\"><\/div><\/div>\n<\/div>\n<\/div>\n<\/div>","protected":false},"excerpt":{"rendered":"","protected":false},"author":5,"featured_media":6928,"parent":0,"menu_order":0,"comment_status":"closed","ping_status":"closed","template":"","meta":{"inline_featured_image":false,"footnotes":""},"class_list":["post-5734","page","type-page","status-publish","has-post-thumbnail","hentry"],"yoast_head":"<!-- This site is optimized with the Yoast SEO plugin v27.6 - https:\/\/yoast.com\/product\/yoast-seo-wordpress\/ -->\n<title>F\u00f8rste indtryk: Billeder fra vores hotel | Hotel des Nordens<\/title>\n<meta name=\"description\" content=\"Oplev Hotel des Nordens gennem billeder og indtryk, og planl\u00e6g din n\u00e6ste rejse til \u00d8sters\u00f8en.\" \/>\n<meta name=\"robots\" content=\"index, follow, max-snippet:-1, max-image-preview:large, max-video-preview:-1\" \/>\n<link rel=\"canonical\" href=\"https:\/\/hotel-des-nordens.com\/da\/galleri\/\" \/>\n<meta property=\"og:locale\" content=\"da_DK\" \/>\n<meta property=\"og:type\" content=\"article\" \/>\n<meta property=\"og:title\" content=\"F\u00f8rste indtryk: Billeder fra vores hotel | Hotel des Nordens\" \/>\n<meta property=\"og:description\" content=\"Oplev Hotel des Nordens gennem billeder og indtryk, og planl\u00e6g din n\u00e6ste rejse til \u00d8sters\u00f8en.\" \/>\n<meta property=\"og:url\" content=\"https:\/\/hotel-des-nordens.com\/da\/galleri\/\" \/>\n<meta property=\"og:site_name\" content=\"Hotel des Nordens\" \/>\n<meta property=\"article:publisher\" content=\"https:\/\/www.facebook.com\/HotelDesNordens\/\" \/>\n<meta property=\"article:modified_time\" content=\"2026-05-12T10:38:49+00:00\" \/>\n<meta property=\"og:image\" content=\"https:\/\/hotel-des-nordens.com\/wp-content\/uploads\/2026\/03\/Garten-und-Aussenpool.webp\" \/>\n\t<meta property=\"og:image:width\" content=\"960\" \/>\n\t<meta property=\"og:image:height\" content=\"776\" \/>\n\t<meta property=\"og:image:type\" content=\"image\/webp\" \/>\n<meta name=\"twitter:card\" content=\"summary_large_image\" \/>\n<script type=\"application\/ld+json\" class=\"yoast-schema-graph\">{\"@context\":\"https:\\\/\\\/schema.org\",\"@graph\":[{\"@type\":\"WebPage\",\"@id\":\"https:\\\/\\\/hotel-des-nordens.com\\\/da\\\/galleri\\\/\",\"url\":\"https:\\\/\\\/hotel-des-nordens.com\\\/da\\\/galleri\\\/\",\"name\":\"F\u00f8rste indtryk: Billeder fra vores hotel | Hotel des Nordens\",\"isPartOf\":{\"@id\":\"https:\\\/\\\/hotel-des-nordens.com\\\/da\\\/#website\"},\"primaryImageOfPage\":{\"@id\":\"https:\\\/\\\/hotel-des-nordens.com\\\/da\\\/galleri\\\/#primaryimage\"},\"image\":{\"@id\":\"https:\\\/\\\/hotel-des-nordens.com\\\/da\\\/galleri\\\/#primaryimage\"},\"thumbnailUrl\":\"https:\\\/\\\/hotel-des-nordens.com\\\/wp-content\\\/uploads\\\/2026\\\/03\\\/Garten-und-Aussenpool.webp\",\"datePublished\":\"2025-01-27T15:22:22+00:00\",\"dateModified\":\"2026-05-12T10:38:49+00:00\",\"description\":\"Oplev Hotel des Nordens gennem billeder og indtryk, og planl\u00e6g din n\u00e6ste rejse til \u00d8sters\u00f8en.\",\"breadcrumb\":{\"@id\":\"https:\\\/\\\/hotel-des-nordens.com\\\/da\\\/galleri\\\/#breadcrumb\"},\"inLanguage\":\"da-DK\",\"potentialAction\":[{\"@type\":\"ReadAction\",\"target\":[\"https:\\\/\\\/hotel-des-nordens.com\\\/da\\\/galleri\\\/\"]}]},{\"@type\":\"ImageObject\",\"inLanguage\":\"da-DK\",\"@id\":\"https:\\\/\\\/hotel-des-nordens.com\\\/da\\\/galleri\\\/#primaryimage\",\"url\":\"https:\\\/\\\/hotel-des-nordens.com\\\/wp-content\\\/uploads\\\/2026\\\/03\\\/Garten-und-Aussenpool.webp\",\"contentUrl\":\"https:\\\/\\\/hotel-des-nordens.com\\\/wp-content\\\/uploads\\\/2026\\\/03\\\/Garten-und-Aussenpool.webp\",\"width\":960,\"height\":776,\"caption\":\"Udsigt fra haven til poolen og hotellet. Rundt om poolen st\u00e5r der liggestole og strandkurve.\"},{\"@type\":\"BreadcrumbList\",\"@id\":\"https:\\\/\\\/hotel-des-nordens.com\\\/da\\\/galleri\\\/#breadcrumb\",\"itemListElement\":[{\"@type\":\"ListItem\",\"position\":1,\"name\":\"Home\",\"item\":\"https:\\\/\\\/hotel-des-nordens.com\\\/da\\\/\"},{\"@type\":\"ListItem\",\"position\":2,\"name\":\"Galleri\"}]},{\"@type\":\"WebSite\",\"@id\":\"https:\\\/\\\/hotel-des-nordens.com\\\/da\\\/#website\",\"url\":\"https:\\\/\\\/hotel-des-nordens.com\\\/da\\\/\",\"name\":\"Hotel des Nordens\",\"description\":\"\",\"publisher\":{\"@id\":\"https:\\\/\\\/hotel-des-nordens.com\\\/da\\\/#organization\"},\"potentialAction\":[{\"@type\":\"SearchAction\",\"target\":{\"@type\":\"EntryPoint\",\"urlTemplate\":\"https:\\\/\\\/hotel-des-nordens.com\\\/da\\\/?s={search_term_string}\"},\"query-input\":{\"@type\":\"PropertyValueSpecification\",\"valueRequired\":true,\"valueName\":\"search_term_string\"}}],\"inLanguage\":\"da-DK\"},{\"@type\":\"Organization\",\"@id\":\"https:\\\/\\\/hotel-des-nordens.com\\\/da\\\/#organization\",\"name\":\"Hotel des Nordens\",\"url\":\"https:\\\/\\\/hotel-des-nordens.com\\\/da\\\/\",\"logo\":{\"@type\":\"ImageObject\",\"inLanguage\":\"da-DK\",\"@id\":\"https:\\\/\\\/hotel-des-nordens.com\\\/da\\\/#\\\/schema\\\/logo\\\/image\\\/\",\"url\":\"https:\\\/\\\/hotel-des-nordens.com\\\/wp-content\\\/uploads\\\/2025\\\/09\\\/cropped-hotel-des-nordens-icon.png\",\"contentUrl\":\"https:\\\/\\\/hotel-des-nordens.com\\\/wp-content\\\/uploads\\\/2025\\\/09\\\/cropped-hotel-des-nordens-icon.png\",\"width\":512,\"height\":512,\"caption\":\"Hotel des Nordens\"},\"image\":{\"@id\":\"https:\\\/\\\/hotel-des-nordens.com\\\/da\\\/#\\\/schema\\\/logo\\\/image\\\/\"},\"sameAs\":[\"https:\\\/\\\/www.facebook.com\\\/HotelDesNordens\\\/\",\"https:\\\/\\\/www.instagram.com\\\/hoteldesnordens\\\/\"]}]}<\/script>\n<!-- \/ Yoast SEO plugin. -->","yoast_head_json":{"title":"F\u00f8rste indtryk: Billeder fra vores hotel | Hotel des Nordens","description":"Oplev Hotel des Nordens gennem billeder og indtryk, og planl\u00e6g din n\u00e6ste rejse til \u00d8sters\u00f8en.","robots":{"index":"index","follow":"follow","max-snippet":"max-snippet:-1","max-image-preview":"max-image-preview:large","max-video-preview":"max-video-preview:-1"},"canonical":"https:\/\/hotel-des-nordens.com\/da\/galleri\/","og_locale":"da_DK","og_type":"article","og_title":"F\u00f8rste indtryk: Billeder fra vores hotel | Hotel des Nordens","og_description":"Oplev Hotel des Nordens gennem billeder og indtryk, og planl\u00e6g din n\u00e6ste rejse til \u00d8sters\u00f8en.","og_url":"https:\/\/hotel-des-nordens.com\/da\/galleri\/","og_site_name":"Hotel des Nordens","article_publisher":"https:\/\/www.facebook.com\/HotelDesNordens\/","article_modified_time":"2026-05-12T10:38:49+00:00","og_image":[{"width":960,"height":776,"url":"https:\/\/hotel-des-nordens.com\/wp-content\/uploads\/2026\/03\/Garten-und-Aussenpool.webp","type":"image\/webp"}],"twitter_card":"summary_large_image","schema":{"@context":"https:\/\/schema.org","@graph":[{"@type":"WebPage","@id":"https:\/\/hotel-des-nordens.com\/da\/galleri\/","url":"https:\/\/hotel-des-nordens.com\/da\/galleri\/","name":"F\u00f8rste indtryk: Billeder fra vores hotel | Hotel des Nordens","isPartOf":{"@id":"https:\/\/hotel-des-nordens.com\/da\/#website"},"primaryImageOfPage":{"@id":"https:\/\/hotel-des-nordens.com\/da\/galleri\/#primaryimage"},"image":{"@id":"https:\/\/hotel-des-nordens.com\/da\/galleri\/#primaryimage"},"thumbnailUrl":"https:\/\/hotel-des-nordens.com\/wp-content\/uploads\/2026\/03\/Garten-und-Aussenpool.webp","datePublished":"2025-01-27T15:22:22+00:00","dateModified":"2026-05-12T10:38:49+00:00","description":"Oplev Hotel des Nordens gennem billeder og indtryk, og planl\u00e6g din n\u00e6ste rejse til \u00d8sters\u00f8en.","breadcrumb":{"@id":"https:\/\/hotel-des-nordens.com\/da\/galleri\/#breadcrumb"},"inLanguage":"da-DK","potentialAction":[{"@type":"ReadAction","target":["https:\/\/hotel-des-nordens.com\/da\/galleri\/"]}]},{"@type":"ImageObject","inLanguage":"da-DK","@id":"https:\/\/hotel-des-nordens.com\/da\/galleri\/#primaryimage","url":"https:\/\/hotel-des-nordens.com\/wp-content\/uploads\/2026\/03\/Garten-und-Aussenpool.webp","contentUrl":"https:\/\/hotel-des-nordens.com\/wp-content\/uploads\/2026\/03\/Garten-und-Aussenpool.webp","width":960,"height":776,"caption":"Udsigt fra haven til poolen og hotellet. Rundt om poolen st\u00e5r der liggestole og strandkurve."},{"@type":"BreadcrumbList","@id":"https:\/\/hotel-des-nordens.com\/da\/galleri\/#breadcrumb","itemListElement":[{"@type":"ListItem","position":1,"name":"Home","item":"https:\/\/hotel-des-nordens.com\/da\/"},{"@type":"ListItem","position":2,"name":"Galleri"}]},{"@type":"WebSite","@id":"https:\/\/hotel-des-nordens.com\/da\/#website","url":"https:\/\/hotel-des-nordens.com\/da\/","name":"Hotel des Nordens","description":"","publisher":{"@id":"https:\/\/hotel-des-nordens.com\/da\/#organization"},"potentialAction":[{"@type":"SearchAction","target":{"@type":"EntryPoint","urlTemplate":"https:\/\/hotel-des-nordens.com\/da\/?s={search_term_string}"},"query-input":{"@type":"PropertyValueSpecification","valueRequired":true,"valueName":"search_term_string"}}],"inLanguage":"da-DK"},{"@type":"Organization","@id":"https:\/\/hotel-des-nordens.com\/da\/#organization","name":"Hotel des Nordens","url":"https:\/\/hotel-des-nordens.com\/da\/","logo":{"@type":"ImageObject","inLanguage":"da-DK","@id":"https:\/\/hotel-des-nordens.com\/da\/#\/schema\/logo\/image\/","url":"https:\/\/hotel-des-nordens.com\/wp-content\/uploads\/2025\/09\/cropped-hotel-des-nordens-icon.png","contentUrl":"https:\/\/hotel-des-nordens.com\/wp-content\/uploads\/2025\/09\/cropped-hotel-des-nordens-icon.png","width":512,"height":512,"caption":"Hotel des Nordens"},"image":{"@id":"https:\/\/hotel-des-nordens.com\/da\/#\/schema\/logo\/image\/"},"sameAs":["https:\/\/www.facebook.com\/HotelDesNordens\/","https:\/\/www.instagram.com\/hoteldesnordens\/"]}]}},"jetpack_sharing_enabled":true,"_links":{"self":[{"href":"https:\/\/hotel-des-nordens.com\/da\/wp-json\/wp\/v2\/pages\/5734","targetHints":{"allow":["GET"]}}],"collection":[{"href":"https:\/\/hotel-des-nordens.com\/da\/wp-json\/wp\/v2\/pages"}],"about":[{"href":"https:\/\/hotel-des-nordens.com\/da\/wp-json\/wp\/v2\/types\/page"}],"author":[{"embeddable":true,"href":"https:\/\/hotel-des-nordens.com\/da\/wp-json\/wp\/v2\/users\/5"}],"replies":[{"embeddable":true,"href":"https:\/\/hotel-des-nordens.com\/da\/wp-json\/wp\/v2\/comments?post=5734"}],"version-history":[{"count":5,"href":"https:\/\/hotel-des-nordens.com\/da\/wp-json\/wp\/v2\/pages\/5734\/revisions"}],"predecessor-version":[{"id":9696,"href":"https:\/\/hotel-des-nordens.com\/da\/wp-json\/wp\/v2\/pages\/5734\/revisions\/9696"}],"wp:featuredmedia":[{"embeddable":true,"href":"https:\/\/hotel-des-nordens.com\/da\/wp-json\/wp\/v2\/media\/6928"}],"wp:attachment":[{"href":"https:\/\/hotel-des-nordens.com\/da\/wp-json\/wp\/v2\/media?parent=5734"}],"curies":[{"name":"wp","href":"https:\/\/api.w.org\/{rel}","templated":true}]}}