{"id":5663,"date":"2025-09-22T10:29:30","date_gmt":"2025-09-22T10:29:30","guid":{"rendered":"https:\/\/p-ul7el4.project.space\/konferencehotel\/"},"modified":"2026-05-13T07:08:14","modified_gmt":"2026-05-13T07:08:14","slug":"konferencehotel","status":"publish","type":"page","link":"https:\/\/hotel-des-nordens.com\/da\/moeder\/konferencehotel\/","title":{"rendered":"Konferencehotel"},"content":{"rendered":"<div class=\"et_pb_section_0 et_pb_section et_section_regular et_flex_section z-index-0\">\n<div class=\"et_pb_row_0 et_pb_row et_flex_row\">\n<div class=\"et_pb_column_0 et_pb_column et_block_column et_pb_css_mix_blend_mode_passthrough et_flex_column_12_24 et_flex_column_24_24_tablet et_flex_column_24_24_phone\">\n<div class=\"et_pb_text_0 et_pb_text et_pb_bg_layout_light et_pb_module et_block_module preset--module--divi-text--17aa47f9-1791-4ef5-8c6e-2067ce530fd2\"><div class=\"et_pb_text_inner\"><p>Konferencehotel ved \u00d8sters\u00f8en<\/p>\n<\/div><\/div>\n\n<div class=\"et_pb_heading_0 et_pb_heading et_pb_module et_block_module preset--module--divi-heading--6b1cdf70-b116-44f1-b170-07837637ffba\"><div class=\"et_pb_heading_container\"><h1 class=\"et_pb_module_header\">Det fleksible konferencehotel i Flensborg<\/h1><\/div><\/div>\n\n<div class=\"et_pb_text_1 et_pb_text et_pb_bg_layout_light et_pb_module et_block_module preset--module--divi-text--146b78f0-ff57-44d3-a9f4-418eb6997015\"><div class=\"et_pb_text_inner\"><p>Uanset om det er en workshop, et seminar eller en konference, der varer flere dage - som erfarent konferencehotel ved \u00d8sters\u00f8en tilbyder vi dig de ideelle rammer for vellykkede arrangementer. I en klassisk atmosf\u00e6re, med moderne teknologi, masser af plads og en rolig beliggenhed, skaber vi de bedste betingelser for dit individuelle arrangement i Harrisslee. Vi tilpasser vores service til dine individuelle behov - personligt, professionelt og effektivt.<\/p>\n<\/div><\/div>\n<\/div>\n\n<div class=\"et_pb_column_1 et_pb_column et-last-child et_block_column et_pb_css_mix_blend_mode_passthrough et_flex_column_12_24 et_flex_column_24_24_tablet et_flex_column_24_24_phone\">\n<div class=\"et_pb_image_0 et_pb_image et_pb_image_sticky_tablet et_pb_module et_block_module preset--module--divi-image--f4c36f21-314c-43ce-b01c-e0dff776509a\"><span class=\"et_pb_image_wrap\"><img loading=\"lazy\" decoding=\"async\" src=\"https:\/\/hotel-des-nordens.com\/wp-content\/uploads\/2026\/03\/hotel-des-nordens-tagungshotel-header-image.jpg\" alt=\"Stort og rummeligt m\u00f8delokale\" width=\"800\" height=\"800\" srcset=\"https:\/\/hotel-des-nordens.com\/wp-content\/uploads\/2026\/03\/hotel-des-nordens-tagungshotel-header-image.jpg 800w, https:\/\/hotel-des-nordens.com\/wp-content\/uploads\/2026\/03\/hotel-des-nordens-tagungshotel-header-image-480x480.jpg 480w\" sizes=\"(min-width: 0px) and (max-width: 480px) 480px, (min-width: 481px) 800px, 100vw\" class=\"wp-image-6563\" \/><\/span><\/div>\n<\/div>\n<\/div>\n<\/div>\n\n<div class=\"et_pb_section_1 et_pb_section et_section_regular et_block_section\">\n<div class=\"et_pb_row_1 et_pb_row et_pb_equal_columns et_block_row orderWrapper\">\n<div class=\"et_pb_column_2 et_pb_column et_pb_column_1_2 et_block_column et_pb_css_mix_blend_mode_passthrough tabletSecond\">\n<div class=\"et_pb_image_1 et_pb_image et_pb_image_bottom_space_tablet et_pb_module et_block_module preset--module--divi-image--f4c36f21-314c-43ce-b01c-e0dff776509a\"><span class=\"et_pb_image_wrap\"><img loading=\"lazy\" decoding=\"async\" src=\"https:\/\/hotel-des-nordens.com\/wp-content\/uploads\/2026\/03\/hotel-des-nordens-tagungsraeume-image.webp\" alt=\"Hyggeligt konferencelokale p\u00e5 Hotel des Nordens\" width=\"800\" height=\"620\" srcset=\"https:\/\/hotel-des-nordens.com\/wp-content\/uploads\/2026\/03\/hotel-des-nordens-tagungsraeume-image.webp 800w, https:\/\/hotel-des-nordens.com\/wp-content\/uploads\/2026\/03\/hotel-des-nordens-tagungsraeume-image-480x372.webp 480w\" sizes=\"(min-width: 0px) and (max-width: 480px) 480px, (min-width: 481px) 800px, 100vw\" class=\"wp-image-9338\" \/><\/span><\/div>\n<\/div>\n\n<div class=\"et_pb_column_3 et_pb_column et_pb_column_1_2 et-last-child et_block_column et_pb_css_mix_blend_mode_passthrough tabletFirst\">\n<div class=\"et_pb_heading_1 et_pb_heading et_pb_module et_block_module preset--module--divi-heading--f5eead34-ecd1-47b6-b936-72bf5a4138f6\"><div class=\"et_pb_heading_container\"><h2 class=\"et_pb_module_header\">Konferencepakke \"Mini\" - maks. 5 timer <\/h2><\/div><\/div>\n\n<div class=\"et_pb_text_2 et_pb_text et_pb_bg_layout_light et_pb_module et_block_module preset--module--divi-text--2d186a9d-0022-4931-bb60-8056d0118c7b\"><div class=\"et_pb_text_inner\"><p>Vores \"Mini\"-konferencepakke indeholder alt, hvad du har brug for til et vellykket arrangement - fra moderne teknologi til kulinarisk pleje af dine deltagere. Alt dette g\u00f8r vores hotel til et popul\u00e6rt seminarhotel ved \u00d8sters\u00f8en.<\/p>\n<p>&nbsp;<\/p>\n<ul>\n<li>M\u00f8delokale inkl. projektor, l\u00e6rred, flipover<\/li>\n<li>Skriveblok og notesblokke til hver deltager<\/li>\n<li>Kaffe, te og mineralvand under hele m\u00f8det<\/li>\n<li>Morgenpause med sm\u00e5 snacks eller<\/li>\n<li>Frokostpause med 2-retters menu eller buffet efter eget valg Kokke inkl. mineralvand<\/li>\n<li>Wifi p\u00e5 hele hotellet<\/li>\n<li>Parkeringsplads<\/li>\n<\/ul>\n<\/div><\/div>\n\n<div class=\"et_pb_heading_2 et_pb_heading et_pb_module et_block_module preset--module--divi-heading--871dfbd5-9f52-4426-b058-08b36ee86f9a\"><div class=\"et_pb_heading_container\"><h3 class=\"et_pb_module_header\">48,- \u20ac pr. person<\/h3><\/div><\/div>\n\n<div class=\"et_pb_module et_pb_button_module_wrapper et_pb_button_0_wrapper preset--module--divi-button--default_wrapper\"><a class=\"et_pb_button_0 et_pb_button et_pb_bg_layout_dark et_pb_module et_block_module preset--module--divi-button--default\" href=\"mailto:fle02-re@hotel-des-nordens.com?subject=Anfrage%20Tagungspauschale%20Mini\">Anmod om et tilbud<\/a><\/div>\n<\/div>\n<\/div>\n<\/div>\n\n<div class=\"et_pb_section_2 et_pb_section et_section_regular et_block_section z-index-0\">\n<div class=\"et_pb_row_2 et_pb_row et_pb_equal_columns et_block_row\">\n<div class=\"et_pb_column_4 et_pb_column et_pb_column_1_2 et_block_column et_pb_css_mix_blend_mode_passthrough\">\n<div class=\"et_pb_heading_3 et_pb_heading et_pb_module et_block_module preset--module--divi-heading--f5eead34-ecd1-47b6-b936-72bf5a4138f6\"><div class=\"et_pb_heading_container\"><h2 class=\"et_pb_module_header\">Konferencepakke \"Classic\" - maks. 9 timer <\/h2><\/div><\/div>\n\n<div class=\"et_pb_text_3 et_pb_text et_pb_bg_layout_light et_pb_module et_block_module preset--module--divi-text--2d186a9d-0022-4931-bb60-8056d0118c7b\"><div class=\"et_pb_text_inner\"><p>Vores konferencepakke \"CLASSIC\" giver dig et gennemt\u00e6nkt tilbud til dit arrangement p\u00e5 vores seminarhotel ved \u00d8sters\u00f8en. Fra det teknisk udstyrede konferencelokale til catering hele dagen er alt, hvad du har brug for til et vellykket arrangement, inkluderet.<\/p>\n<p>&nbsp;<\/p>\n<ul>\n<li>M\u00f8delokale inkl. projektor, l\u00e6rred, flipover<\/li>\n<li>Skriveblok og notesblokke til hver deltager<\/li>\n<li>Kaffe, te og mineralvand under hele m\u00f8det<\/li>\n<li>Morgenpause med sm\u00e5 snacks<\/li>\n<li>Frokostpause med 2-retters menu eller buffet efter eget valg Kokke inkl. mineralvand<\/li>\n<li>Eftermiddagspause med kage<\/li>\n<li>Wifi p\u00e5 hele hotellet<\/li>\n<li>Parkeringsplads<\/li>\n<\/ul>\n<\/div><\/div>\n\n<div class=\"et_pb_heading_4 et_pb_heading et_pb_module et_block_module preset--module--divi-heading--871dfbd5-9f52-4426-b058-08b36ee86f9a\"><div class=\"et_pb_heading_container\"><h3 class=\"et_pb_module_header\">58,- \u20ac pr. person<\/h3><\/div><\/div>\n\n<div class=\"et_pb_module et_pb_button_module_wrapper et_pb_button_1_wrapper preset--module--divi-button--default_wrapper\"><a class=\"et_pb_button_1 et_pb_button et_pb_bg_layout_dark et_pb_module et_block_module preset--module--divi-button--default\" href=\"mailto:fle02-re@hotel-des-nordens.com?subject=Anfrage%20Tagungspauschale%20Classic\">Anmod om et tilbud<\/a><\/div>\n<\/div>\n\n<div class=\"et_pb_column_5 et_pb_column et_pb_column_1_2 et-last-child et_block_column et_pb_css_mix_blend_mode_passthrough preset--module--divi-column--8o62c6h4e7\">\n<div class=\"et_pb_image_2 et_pb_image et_pb_image_sticky_tablet et_pb_module et_block_module\"><span class=\"et_pb_image_wrap\"><img loading=\"lazy\" decoding=\"async\" src=\"https:\/\/hotel-des-nordens.com\/wp-content\/uploads\/2026\/03\/hotel-des-nordens-tagungspauschale-classic.jpg\" alt=\"Eventlokale som dagpakke Classic p\u00e5 Hotel des Nordens\" width=\"800\" height=\"620\" srcset=\"https:\/\/hotel-des-nordens.com\/wp-content\/uploads\/2026\/03\/hotel-des-nordens-tagungspauschale-classic.jpg 800w, https:\/\/hotel-des-nordens.com\/wp-content\/uploads\/2026\/03\/hotel-des-nordens-tagungspauschale-classic-480x372.jpg 480w\" sizes=\"(min-width: 0px) and (max-width: 480px) 480px, (min-width: 481px) 800px, 100vw\" class=\"wp-image-6565\" \/><\/span><\/div>\n<\/div>\n<\/div>\n<\/div>\n\n<div class=\"et_pb_section_3 et_pb_section et_section_specialty et_pb_equal_columns et_pb_gutters3 et_block_section preset--module--divi-specialty-section--default\"><div class=\"et_pb_row et_pb_row-3-4_1-4 et_block_row\">\n<div class=\"et_pb_column_6 et_pb_column et_pb_specialty_column et_pb_column_3_4 et_block_column et_pb_css_mix_blend_mode_passthrough\">\n<div class=\"et_pb_row_inner_0 et_pb_row_inner et_block_row\">\n<div class=\"et_pb_column_inner_0 et_pb_column_inner et_pb_column et_pb_column_4_4 et-last-child et_block_column et_pb_css_mix_blend_mode_passthrough\">\n<div class=\"et_pb_heading_5 et_pb_heading et_pb_module et_block_module preset--module--divi-heading--f5eead34-ecd1-47b6-b936-72bf5a4138f6\"><div class=\"et_pb_heading_container\"><h2 class=\"et_pb_module_header\">Din kontakt for m\u00f8der & events<\/h2><\/div><\/div>\n\n<div class=\"et_pb_text_4 et_pb_text et_pb_bg_layout_light et_pb_module et_block_module preset--module--divi-text--2d186a9d-0022-4931-bb60-8056d0118c7b\"><div class=\"et_pb_text_inner\"><p>S\u00f8ger du konferencelokaler i og omkring Flensborg til dine kommende arrangementer? S\u00e5 skriv til os!\u00a0 Vores team st\u00e5r klar til at hj\u00e6lpe dig og planl\u00e6gger gerne dine events og m\u00f8der. Sammen s\u00f8rger vi for, at dine arrangementer bliver uforglemmelige og en stor succes.<\/p>\n<\/div><\/div>\n\n<div class=\"et_pb_module et_pb_button_module_wrapper et_pb_button_2_wrapper preset--module--divi-button--default_wrapper\"><a class=\"et_pb_button_2 et_pb_button et_pb_bg_layout_dark et_pb_module et_block_module preset--module--divi-button--default\" href=\"mailto:fle02-conf@hotel-des-nordens.com?subject=Anfrage%20Tagungsveranstaltung\">Send kontaktforesp\u00f8rgsel<\/a><\/div>\n<\/div>\n<\/div>\n<\/div>\n\n<div class=\"et_pb_column_7 et_pb_column et_pb_column_single et_pb_column_1_4 et-last-child et_block_column et_pb_column_empty et_pb_css_mix_blend_mode_passthrough\"><\/div>\n<\/div><\/div>","protected":false},"excerpt":{"rendered":"","protected":false},"author":9,"featured_media":9344,"parent":5614,"menu_order":0,"comment_status":"closed","ping_status":"closed","template":"","meta":{"inline_featured_image":false,"footnotes":""},"class_list":["post-5663","page","type-page","status-publish","has-post-thumbnail","hentry"],"yoast_head":"<!-- This site is optimized with the Yoast SEO plugin v27.6 - https:\/\/yoast.com\/product\/yoast-seo-wordpress\/ -->\n<title>Konferencehotel i Flensborg | Hotel des Nordens<\/title>\n<meta name=\"description\" content=\"Succesfulde m\u00f8der p\u00e5 konferencehotellet i Flensborg: fleksible lokaler, moderne teknologi og professionel service til dit arrangement.\" \/>\n<meta name=\"robots\" content=\"index, follow, max-snippet:-1, max-image-preview:large, max-video-preview:-1\" \/>\n<link rel=\"canonical\" href=\"https:\/\/hotel-des-nordens.com\/da\/moeder\/konferencehotel\/\" \/>\n<meta property=\"og:locale\" content=\"da_DK\" \/>\n<meta property=\"og:type\" content=\"article\" \/>\n<meta property=\"og:title\" content=\"Konferencehotel i Flensborg | Hotel des Nordens\" \/>\n<meta property=\"og:description\" content=\"Succesfulde m\u00f8der p\u00e5 konferencehotellet i Flensborg: fleksible lokaler, moderne teknologi og professionel service til dit arrangement.\" \/>\n<meta property=\"og:url\" content=\"https:\/\/hotel-des-nordens.com\/da\/moeder\/konferencehotel\/\" \/>\n<meta property=\"og:site_name\" content=\"Hotel des Nordens\" \/>\n<meta property=\"article:publisher\" content=\"https:\/\/www.facebook.com\/HotelDesNordens\/\" \/>\n<meta property=\"article:modified_time\" content=\"2026-05-13T07:08:14+00:00\" \/>\n<meta property=\"og:image\" content=\"https:\/\/hotel-des-nordens.com\/wp-content\/uploads\/2026\/03\/hotel-des-nordens-tagungsraeume-header-image.webp\" \/>\n\t<meta property=\"og:image:width\" content=\"788\" \/>\n\t<meta property=\"og:image:height\" content=\"800\" \/>\n\t<meta property=\"og:image:type\" content=\"image\/webp\" \/>\n<meta name=\"twitter:card\" content=\"summary_large_image\" \/>\n<script type=\"application\/ld+json\" class=\"yoast-schema-graph\">{\"@context\":\"https:\\\/\\\/schema.org\",\"@graph\":[{\"@type\":\"WebPage\",\"@id\":\"https:\\\/\\\/hotel-des-nordens.com\\\/da\\\/moeder\\\/konferencehotel\\\/\",\"url\":\"https:\\\/\\\/hotel-des-nordens.com\\\/da\\\/moeder\\\/konferencehotel\\\/\",\"name\":\"Konferencehotel i Flensborg | Hotel des Nordens\",\"isPartOf\":{\"@id\":\"https:\\\/\\\/hotel-des-nordens.com\\\/da\\\/#website\"},\"primaryImageOfPage\":{\"@id\":\"https:\\\/\\\/hotel-des-nordens.com\\\/da\\\/moeder\\\/konferencehotel\\\/#primaryimage\"},\"image\":{\"@id\":\"https:\\\/\\\/hotel-des-nordens.com\\\/da\\\/moeder\\\/konferencehotel\\\/#primaryimage\"},\"thumbnailUrl\":\"https:\\\/\\\/hotel-des-nordens.com\\\/wp-content\\\/uploads\\\/2026\\\/03\\\/hotel-des-nordens-tagungsraeume-header-image.webp\",\"datePublished\":\"2025-09-22T10:29:30+00:00\",\"dateModified\":\"2026-05-13T07:08:14+00:00\",\"description\":\"Succesfulde m\u00f8der p\u00e5 konferencehotellet i Flensborg: fleksible lokaler, moderne teknologi og professionel service til dit arrangement.\",\"breadcrumb\":{\"@id\":\"https:\\\/\\\/hotel-des-nordens.com\\\/da\\\/moeder\\\/konferencehotel\\\/#breadcrumb\"},\"inLanguage\":\"da-DK\",\"potentialAction\":[{\"@type\":\"ReadAction\",\"target\":[\"https:\\\/\\\/hotel-des-nordens.com\\\/da\\\/moeder\\\/konferencehotel\\\/\"]}]},{\"@type\":\"ImageObject\",\"inLanguage\":\"da-DK\",\"@id\":\"https:\\\/\\\/hotel-des-nordens.com\\\/da\\\/moeder\\\/konferencehotel\\\/#primaryimage\",\"url\":\"https:\\\/\\\/hotel-des-nordens.com\\\/wp-content\\\/uploads\\\/2026\\\/03\\\/hotel-des-nordens-tagungsraeume-header-image.webp\",\"contentUrl\":\"https:\\\/\\\/hotel-des-nordens.com\\\/wp-content\\\/uploads\\\/2026\\\/03\\\/hotel-des-nordens-tagungsraeume-header-image.webp\",\"width\":788,\"height\":800,\"caption\":\"Stort og lyst konferencelokale med store vinduer.\"},{\"@type\":\"BreadcrumbList\",\"@id\":\"https:\\\/\\\/hotel-des-nordens.com\\\/da\\\/moeder\\\/konferencehotel\\\/#breadcrumb\",\"itemListElement\":[{\"@type\":\"ListItem\",\"position\":1,\"name\":\"Home\",\"item\":\"https:\\\/\\\/hotel-des-nordens.com\\\/da\\\/\"},{\"@type\":\"ListItem\",\"position\":2,\"name\":\"M\u00f8der og arrangementer\",\"item\":\"https:\\\/\\\/hotel-des-nordens.com\\\/da\\\/moeder\\\/\"},{\"@type\":\"ListItem\",\"position\":3,\"name\":\"Konferencehotel\"}]},{\"@type\":\"WebSite\",\"@id\":\"https:\\\/\\\/hotel-des-nordens.com\\\/da\\\/#website\",\"url\":\"https:\\\/\\\/hotel-des-nordens.com\\\/da\\\/\",\"name\":\"Hotel des Nordens\",\"description\":\"\",\"publisher\":{\"@id\":\"https:\\\/\\\/hotel-des-nordens.com\\\/da\\\/#organization\"},\"potentialAction\":[{\"@type\":\"SearchAction\",\"target\":{\"@type\":\"EntryPoint\",\"urlTemplate\":\"https:\\\/\\\/hotel-des-nordens.com\\\/da\\\/?s={search_term_string}\"},\"query-input\":{\"@type\":\"PropertyValueSpecification\",\"valueRequired\":true,\"valueName\":\"search_term_string\"}}],\"inLanguage\":\"da-DK\"},{\"@type\":\"Organization\",\"@id\":\"https:\\\/\\\/hotel-des-nordens.com\\\/da\\\/#organization\",\"name\":\"Hotel des Nordens\",\"url\":\"https:\\\/\\\/hotel-des-nordens.com\\\/da\\\/\",\"logo\":{\"@type\":\"ImageObject\",\"inLanguage\":\"da-DK\",\"@id\":\"https:\\\/\\\/hotel-des-nordens.com\\\/da\\\/#\\\/schema\\\/logo\\\/image\\\/\",\"url\":\"https:\\\/\\\/hotel-des-nordens.com\\\/wp-content\\\/uploads\\\/2025\\\/09\\\/cropped-hotel-des-nordens-icon.png\",\"contentUrl\":\"https:\\\/\\\/hotel-des-nordens.com\\\/wp-content\\\/uploads\\\/2025\\\/09\\\/cropped-hotel-des-nordens-icon.png\",\"width\":512,\"height\":512,\"caption\":\"Hotel des Nordens\"},\"image\":{\"@id\":\"https:\\\/\\\/hotel-des-nordens.com\\\/da\\\/#\\\/schema\\\/logo\\\/image\\\/\"},\"sameAs\":[\"https:\\\/\\\/www.facebook.com\\\/HotelDesNordens\\\/\",\"https:\\\/\\\/www.instagram.com\\\/hoteldesnordens\\\/\"]}]}<\/script>\n<!-- \/ Yoast SEO plugin. -->","yoast_head_json":{"title":"Konferencehotel i Flensborg | Hotel des Nordens","description":"Succesfulde m\u00f8der p\u00e5 konferencehotellet i Flensborg: fleksible lokaler, moderne teknologi og professionel service til dit arrangement.","robots":{"index":"index","follow":"follow","max-snippet":"max-snippet:-1","max-image-preview":"max-image-preview:large","max-video-preview":"max-video-preview:-1"},"canonical":"https:\/\/hotel-des-nordens.com\/da\/moeder\/konferencehotel\/","og_locale":"da_DK","og_type":"article","og_title":"Konferencehotel i Flensborg | Hotel des Nordens","og_description":"Succesfulde m\u00f8der p\u00e5 konferencehotellet i Flensborg: fleksible lokaler, moderne teknologi og professionel service til dit arrangement.","og_url":"https:\/\/hotel-des-nordens.com\/da\/moeder\/konferencehotel\/","og_site_name":"Hotel des Nordens","article_publisher":"https:\/\/www.facebook.com\/HotelDesNordens\/","article_modified_time":"2026-05-13T07:08:14+00:00","og_image":[{"width":788,"height":800,"url":"https:\/\/hotel-des-nordens.com\/wp-content\/uploads\/2026\/03\/hotel-des-nordens-tagungsraeume-header-image.webp","type":"image\/webp"}],"twitter_card":"summary_large_image","schema":{"@context":"https:\/\/schema.org","@graph":[{"@type":"WebPage","@id":"https:\/\/hotel-des-nordens.com\/da\/moeder\/konferencehotel\/","url":"https:\/\/hotel-des-nordens.com\/da\/moeder\/konferencehotel\/","name":"Konferencehotel i Flensborg | Hotel des Nordens","isPartOf":{"@id":"https:\/\/hotel-des-nordens.com\/da\/#website"},"primaryImageOfPage":{"@id":"https:\/\/hotel-des-nordens.com\/da\/moeder\/konferencehotel\/#primaryimage"},"image":{"@id":"https:\/\/hotel-des-nordens.com\/da\/moeder\/konferencehotel\/#primaryimage"},"thumbnailUrl":"https:\/\/hotel-des-nordens.com\/wp-content\/uploads\/2026\/03\/hotel-des-nordens-tagungsraeume-header-image.webp","datePublished":"2025-09-22T10:29:30+00:00","dateModified":"2026-05-13T07:08:14+00:00","description":"Succesfulde m\u00f8der p\u00e5 konferencehotellet i Flensborg: fleksible lokaler, moderne teknologi og professionel service til dit arrangement.","breadcrumb":{"@id":"https:\/\/hotel-des-nordens.com\/da\/moeder\/konferencehotel\/#breadcrumb"},"inLanguage":"da-DK","potentialAction":[{"@type":"ReadAction","target":["https:\/\/hotel-des-nordens.com\/da\/moeder\/konferencehotel\/"]}]},{"@type":"ImageObject","inLanguage":"da-DK","@id":"https:\/\/hotel-des-nordens.com\/da\/moeder\/konferencehotel\/#primaryimage","url":"https:\/\/hotel-des-nordens.com\/wp-content\/uploads\/2026\/03\/hotel-des-nordens-tagungsraeume-header-image.webp","contentUrl":"https:\/\/hotel-des-nordens.com\/wp-content\/uploads\/2026\/03\/hotel-des-nordens-tagungsraeume-header-image.webp","width":788,"height":800,"caption":"Stort og lyst konferencelokale med store vinduer."},{"@type":"BreadcrumbList","@id":"https:\/\/hotel-des-nordens.com\/da\/moeder\/konferencehotel\/#breadcrumb","itemListElement":[{"@type":"ListItem","position":1,"name":"Home","item":"https:\/\/hotel-des-nordens.com\/da\/"},{"@type":"ListItem","position":2,"name":"M\u00f8der og arrangementer","item":"https:\/\/hotel-des-nordens.com\/da\/moeder\/"},{"@type":"ListItem","position":3,"name":"Konferencehotel"}]},{"@type":"WebSite","@id":"https:\/\/hotel-des-nordens.com\/da\/#website","url":"https:\/\/hotel-des-nordens.com\/da\/","name":"Hotel des Nordens","description":"","publisher":{"@id":"https:\/\/hotel-des-nordens.com\/da\/#organization"},"potentialAction":[{"@type":"SearchAction","target":{"@type":"EntryPoint","urlTemplate":"https:\/\/hotel-des-nordens.com\/da\/?s={search_term_string}"},"query-input":{"@type":"PropertyValueSpecification","valueRequired":true,"valueName":"search_term_string"}}],"inLanguage":"da-DK"},{"@type":"Organization","@id":"https:\/\/hotel-des-nordens.com\/da\/#organization","name":"Hotel des Nordens","url":"https:\/\/hotel-des-nordens.com\/da\/","logo":{"@type":"ImageObject","inLanguage":"da-DK","@id":"https:\/\/hotel-des-nordens.com\/da\/#\/schema\/logo\/image\/","url":"https:\/\/hotel-des-nordens.com\/wp-content\/uploads\/2025\/09\/cropped-hotel-des-nordens-icon.png","contentUrl":"https:\/\/hotel-des-nordens.com\/wp-content\/uploads\/2025\/09\/cropped-hotel-des-nordens-icon.png","width":512,"height":512,"caption":"Hotel des Nordens"},"image":{"@id":"https:\/\/hotel-des-nordens.com\/da\/#\/schema\/logo\/image\/"},"sameAs":["https:\/\/www.facebook.com\/HotelDesNordens\/","https:\/\/www.instagram.com\/hoteldesnordens\/"]}]}},"jetpack_sharing_enabled":true,"_links":{"self":[{"href":"https:\/\/hotel-des-nordens.com\/da\/wp-json\/wp\/v2\/pages\/5663","targetHints":{"allow":["GET"]}}],"collection":[{"href":"https:\/\/hotel-des-nordens.com\/da\/wp-json\/wp\/v2\/pages"}],"about":[{"href":"https:\/\/hotel-des-nordens.com\/da\/wp-json\/wp\/v2\/types\/page"}],"author":[{"embeddable":true,"href":"https:\/\/hotel-des-nordens.com\/da\/wp-json\/wp\/v2\/users\/9"}],"replies":[{"embeddable":true,"href":"https:\/\/hotel-des-nordens.com\/da\/wp-json\/wp\/v2\/comments?post=5663"}],"version-history":[{"count":5,"href":"https:\/\/hotel-des-nordens.com\/da\/wp-json\/wp\/v2\/pages\/5663\/revisions"}],"predecessor-version":[{"id":9842,"href":"https:\/\/hotel-des-nordens.com\/da\/wp-json\/wp\/v2\/pages\/5663\/revisions\/9842"}],"up":[{"embeddable":true,"href":"https:\/\/hotel-des-nordens.com\/da\/wp-json\/wp\/v2\/pages\/5614"}],"wp:featuredmedia":[{"embeddable":true,"href":"https:\/\/hotel-des-nordens.com\/da\/wp-json\/wp\/v2\/media\/9344"}],"wp:attachment":[{"href":"https:\/\/hotel-des-nordens.com\/da\/wp-json\/wp\/v2\/media?parent=5663"}],"curies":[{"name":"wp","href":"https:\/\/api.w.org\/{rel}","templated":true}]}}