{"id":5640,"date":"2025-09-22T10:03:55","date_gmt":"2025-09-22T10:03:55","guid":{"rendered":"https:\/\/p-ul7el4.project.space\/restaurant\/"},"modified":"2026-04-21T07:11:05","modified_gmt":"2026-04-21T07:11:05","slug":"restaurant","status":"publish","type":"page","link":"https:\/\/hotel-des-nordens.com\/da\/restaurant\/","title":{"rendered":"Restaurant"},"content":{"rendered":"<div class=\"et_pb_section_0 et_pb_section et_section_specialty et_pb_equal_columns et_pb_gutters3 et_block_section et_pb_section_parallax preset--module--divi-specialty-section--default\"><span class=\"et-pb-parallax-wrapper\"><span class=\"et-pb-parallax-background et-pb-parallax-background--css et-pb-parallax-background-module--divi-section-0\" style=\"background-image:url(https:\/\/hotel-des-nordens.com\/wp-content\/uploads\/2026\/03\/hotel-des-nordens-restaurant-headerbild-scaled.webp)\"><\/span><\/span><div class=\"et_pb_row et_block_row\">\r\n<div class=\"et_pb_column_0 et_pb_column et_pb_column_single et_pb_column_1_2 et_block_column et_pb_css_mix_blend_mode_passthrough\">\r\n<div class=\"et_pb_code_0 et_pb_code et_pb_module\"><\/div>\r\n<\/div>\r\n\r\n<div class=\"et_pb_column_1 et_pb_column et_pb_specialty_column et_pb_column_1_2 et-last-child et_block_column et_pb_column_empty et_pb_css_mix_blend_mode_passthrough\"><\/div>\r\n<\/div><\/div>\r\n\r\n<div class=\"et_pb_section_1 et_pb_section et_section_regular et_block_section preset--module--divi-section--c76e071d-b3e5-447a-8aa9-3df7f257a5af\">\r\n<div class=\"et_pb_row_0 et_pb_row et_block_row\">\r\n<div class=\"et_pb_column_2 et_pb_column et_pb_column_4_4 et-last-child et_block_column et_pb_css_mix_blend_mode_passthrough\">\r\n<div class=\"et_pb_text_0 et_pb_text et_pb_bg_layout_light et_pb_module et_block_module et_pb_text_align_center preset--module--divi-text--17aa47f9-1791-4ef5-8c6e-2067ce530fd2\"><div class=\"et_pb_text_inner\"><p><span data-metadata=\"&lt;!--(figmeta)eyJmaWxlS2V5IjoiZDc3dzc4bE1rVEE4eXdtaG4zVmI5bSIsInBhc3RlSUQiOjExMzIyMjM4MDIsImRhdGFUeXBlIjoic2NlbmUifQo=(\/figmeta)--&gt;\"><\/span>Restaurant i Harrislee<\/p>\n<\/div><\/div>\r\n\r\n<div class=\"et_pb_heading_0 et_pb_heading et_pb_module et_block_module preset--module--divi-heading--07c807f5-30a2-466c-bd49-e9a777215f15\"><div class=\"et_pb_heading_container\"><h1 class=\"et_pb_module_header\">Kulinariske h\u00f8jdepunkter i vores restaurant i Flensborg<\/h1><\/div><\/div>\r\n\r\n<div class=\"et_pb_text_1 et_pb_text et_pb_bg_layout_light et_pb_module et_block_module et_pb_text_align_center preset--module--divi-text--a1bebcce-26b7-401b-bde8-72bfa10e960b\"><div class=\"et_pb_text_inner\"><p>Fra varm kaffe og friskbagt br\u00f8d om morgenen til 3-retters menu eller buffet om aftenen \u2013 i Restaurant R\u00f4tisserie nyder du regionale retter med Flensborg-specialiteter i hyggelige omgivelser.<\/p>\n<\/div><\/div>\r\n\r\n<div class=\"et_pb_icon_0 et_pb_icon et_pb_module et_block_module preset--module--divi-icon--a1264cde-02c4-43b0-9644-2c0ea0ae1cfb\"><span class=\"et_pb_icon_wrap\"><span class=\"et-pb-icon\">7<\/span><\/span><\/div>\r\n<\/div>\r\n<\/div>\r\n<\/div>\r\n\r\n<div class=\"et_pb_section_2 et_pb_section et_section_regular et_block_section\">\r\n<div class=\"et_pb_row_1 et_pb_row et_pb_equal_columns et_block_row orderWrapper\">\r\n<div class=\"et_pb_column_3 et_pb_column et_pb_column_1_2 et_block_column et_pb_css_mix_blend_mode_passthrough tabletSecond\">\r\n<div class=\"et_pb_image_0 et_pb_image et_pb_image_sticky_tablet et_pb_image_sticky_phone et_pb_module et_block_module preset--module--divi-image--f4c36f21-314c-43ce-b01c-e0dff776509a\"><span class=\"et_pb_image_wrap\"><img loading=\"lazy\" decoding=\"async\" src=\"https:\/\/hotel-des-nordens.com\/wp-content\/uploads\/2026\/03\/hotel-des-nordens-restaurant-rotisserie.webp\" width=\"800\" height=\"620\" srcset=\"https:\/\/hotel-des-nordens.com\/wp-content\/uploads\/2026\/03\/hotel-des-nordens-restaurant-rotisserie.webp 800w, https:\/\/hotel-des-nordens.com\/wp-content\/uploads\/2026\/03\/hotel-des-nordens-restaurant-rotisserie-480x372.webp 480w\" sizes=\"(min-width: 0px) and (max-width: 480px) 480px, (min-width: 481px) 800px, 100vw\" class=\"wp-image-6534\" alt=\"Burger med tilbeh\u00f8r og drikkevarer p\u00e5 Hotel des Nordens\" \/><\/span><\/div>\r\n<\/div>\r\n\r\n<div class=\"et_pb_column_4 et_pb_column et_pb_column_1_2 et-last-child et_block_column et_pb_css_mix_blend_mode_passthrough tabletFirst\">\r\n<div class=\"et_pb_heading_1 et_pb_heading et_pb_module et_block_module preset--module--divi-heading--f5eead34-ecd1-47b6-b936-72bf5a4138f6\"><div class=\"et_pb_heading_container\"><h2 class=\"et_pb_module_header\">Restaurant R\u00f4tisserie i Harrislee<\/h2><\/div><\/div>\r\n\r\n<div class=\"et_pb_text_2 et_pb_text et_pb_bg_layout_light et_pb_module et_block_module preset--module--divi-text--2d186a9d-0022-4931-bb60-8056d0118c7b\"><div class=\"et_pb_text_inner\"><p>I vores hyggelige Restaurant R\u00f4tisserie kan du hver aften gl\u00e6de dig til skiftende menuer eller varierede buffeter \u2013 altid med fokus p\u00e5 friskhed og kvalitet. Vores k\u00f8kkenchef og hans team kombinerer popul\u00e6re skandinaviske klassikere med innovative smagsoplevelser. Lokale specialiteter fra Flensborg og omegn indg\u00e5r regelm\u00e6ssigt i de kreative retter. En perfekt middag i Flensborg.<\/p>\n<\/div><\/div>\r\n<\/div>\r\n<\/div>\r\n<\/div>\r\n\r\n<div class=\"et_pb_section_3 et_pb_section et_section_regular et_block_section z-index-0\">\r\n<div class=\"et_pb_row_2 et_pb_row et_pb_equal_columns et_block_row\">\r\n<div class=\"et_pb_column_5 et_pb_column et_pb_column_1_2 et_block_column et_pb_css_mix_blend_mode_passthrough\">\r\n<div class=\"et_pb_heading_2 et_pb_heading et_pb_module et_block_module preset--module--divi-heading--f5eead34-ecd1-47b6-b936-72bf5a4138f6\"><div class=\"et_pb_heading_container\"><h2 class=\"et_pb_module_header\">Morgenmad p\u00e5 Hotel des Nordens<\/h2><\/div><\/div>\r\n\r\n<div class=\"et_pb_text_3 et_pb_text et_pb_bg_layout_light et_pb_module et_block_module preset--module--divi-text--2d186a9d-0022-4931-bb60-8056d0118c7b\"><div class=\"et_pb_text_inner\"><p>Hver morgen tilbyder restauranten R\u00f4tisserie vores g\u00e6ster en stor morgenmadsbuffet. Start din dag i Flensborg med vores morgenbuffet og varm kaffe, friskbagte br\u00f8d og mange andre l\u00e6kkerier.<\/p>\n<\/div><\/div>\r\n<\/div>\r\n\r\n<div class=\"et_pb_column_6 et_pb_column et_pb_column_1_2 et-last-child et_block_column et_pb_css_mix_blend_mode_passthrough preset--module--divi-column--8o62c6h4e7\">\r\n<div class=\"et_pb_image_1 et_pb_image et_pb_image_sticky_tablet et_pb_module et_block_module\"><span class=\"et_pb_image_wrap\"><img loading=\"lazy\" decoding=\"async\" src=\"https:\/\/hotel-des-nordens.com\/wp-content\/uploads\/2026\/03\/hotel-des-nordens-fruehstuecksbuffet.webp\" alt=\"Rigt morgenmadsbuffet p\u00e5 Hotel des Nordens\" width=\"800\" height=\"620\" srcset=\"https:\/\/hotel-des-nordens.com\/wp-content\/uploads\/2026\/03\/hotel-des-nordens-fruehstuecksbuffet.webp 800w, https:\/\/hotel-des-nordens.com\/wp-content\/uploads\/2026\/03\/hotel-des-nordens-fruehstuecksbuffet-480x372.webp 480w\" sizes=\"(min-width: 0px) and (max-width: 480px) 480px, (min-width: 481px) 800px, 100vw\" class=\"wp-image-6535\" \/><\/span><\/div>\r\n<\/div>\r\n<\/div>\r\n<\/div>\r\n\r\n<div class=\"et_pb_section_4 et_pb_section et_section_regular et_block_section\">\r\n<div class=\"et_pb_row_3 et_pb_row et_pb_equal_columns et_block_row orderWrapper\">\r\n<div class=\"et_pb_column_7 et_pb_column et_pb_column_1_2 et_block_column et_pb_css_mix_blend_mode_passthrough tabletSecond\">\r\n<div class=\"et_pb_image_2 et_pb_image et_pb_image_sticky_tablet et_pb_image_sticky_phone et_pb_module et_block_module preset--module--divi-image--f4c36f21-314c-43ce-b01c-e0dff776509a\"><span class=\"et_pb_image_wrap\"><img loading=\"lazy\" decoding=\"async\" src=\"https:\/\/hotel-des-nordens.com\/wp-content\/uploads\/2026\/03\/hotel-des-nordens-bar-image.webp\" title=\"hotel-des-nordens-bar-image\" width=\"800\" height=\"620\" srcset=\"https:\/\/hotel-des-nordens.com\/wp-content\/uploads\/2026\/03\/hotel-des-nordens-bar-image.webp 800w, https:\/\/hotel-des-nordens.com\/wp-content\/uploads\/2026\/03\/hotel-des-nordens-bar-image-480x372.webp 480w\" sizes=\"(min-width: 0px) and (max-width: 480px) 480px, (min-width: 481px) 800px, 100vw\" class=\"wp-image-6536\" alt=\"Burger med tilbeh\u00f8r og drikkevarer p\u00e5 Hotel des Nordens\" \/><\/span><\/div>\r\n<\/div>\r\n\r\n<div class=\"et_pb_column_8 et_pb_column et_pb_column_1_2 et-last-child et_block_column et_pb_css_mix_blend_mode_passthrough tabletFirst\">\r\n<div class=\"et_pb_heading_3 et_pb_heading et_pb_module et_block_module preset--module--divi-heading--f5eead34-ecd1-47b6-b936-72bf5a4138f6\"><div class=\"et_pb_heading_container\"><h2 class=\"et_pb_module_header\">Afslappet aften i hotelbaren<\/h2><\/div><\/div>\r\n\r\n<div class=\"et_pb_text_4 et_pb_text et_pb_bg_layout_light et_pb_module et_block_module preset--module--divi-text--2d186a9d-0022-4931-bb60-8056d0118c7b\"><div class=\"et_pb_text_inner\"><p>Efter en oplevelsesrig dag i Flensborg byder vores egen bar p\u00e5 hygge og afslapning. Nyd regionale \u00f8lspecialiteter og personlige anbefalinger fra vores barteam i afslappet atmosf\u00e6re.<\/p>\n<\/div><\/div>\r\n<\/div>\r\n<\/div>\r\n<\/div>\r\n\r\n<div class=\"et_pb_section_5 et_pb_section et_section_regular et_block_section\">\r\n<div class=\"et_pb_row_4 et_pb_row et_block_row\">\r\n<div class=\"et_pb_column_9 et_pb_column et_pb_column_4_4 et-last-child et_block_column et_pb_css_mix_blend_mode_passthrough\">\r\n\r\n<\/div>\r\n<\/div>\r\n\r\n<div class=\"et_pb_row_5 et_pb_row et_flex_row preset--module--divi-row--djuq15uns8\">\r\n<div class=\"et_pb_column_10 et_pb_column et_block_column et_pb_css_mix_blend_mode_passthrough et_animated et_flex_column_24_24 et_flex_column_12_24_tablet et_flex_column_24_24_phone preset--module--divi-column--6ea4c9e9-3b45-41dc-a4a5-48fe83cc7cac\">\r\n<div class=\"et_pb_text_5 et_pb_text et_pb_bg_layout_light et_pb_module et_block_module preset--module--divi-text--6de73d31-ad69-4c1c-8a72-6b5c5a1d0529\"><div class=\"et_pb_text_inner\"><h3>Morgenmad<\/h3>\n<\/div><\/div>\r\n\r\n<div class=\"et_pb_text_6 et_pb_text et_pb_bg_layout_light et_pb_module et_block_module preset--module--divi-text--146b78f0-ff57-44d3-a9f4-418eb6997015\"><div class=\"et_pb_text_inner\"><ul>\n<li>Mandag til fredag<br \/>6:30 \u2013 10:00<\/li>\n<li>L\u00f8rdag, s\u00f8ndag og helligdage<br \/>7:00 \u2013 10:30<\/li>\n<\/ul>\n<\/div><\/div>\r\n<\/div>\r\n\r\n<div class=\"et_pb_column_11 et_pb_column et_block_column et_pb_css_mix_blend_mode_passthrough et_animated et_flex_column_24_24 et_flex_column_12_24_tablet et_flex_column_24_24_phone preset--module--divi-column--6ea4c9e9-3b45-41dc-a4a5-48fe83cc7cac\">\r\n<div class=\"et_pb_text_7 et_pb_text et_pb_bg_layout_light et_pb_module et_block_module preset--module--divi-text--6de73d31-ad69-4c1c-8a72-6b5c5a1d0529\"><div class=\"et_pb_text_inner\"><h3>\u00c5bningstider<\/h3>\n<\/div><\/div>\r\n\r\n<div class=\"et_pb_text_8 et_pb_text et_pb_bg_layout_light et_pb_module et_block_module preset--module--divi-text--146b78f0-ff57-44d3-a9f4-418eb6997015\"><div class=\"et_pb_text_inner\"><p><strong>Restaurant R\u00f4tisserie:<\/strong><br \/>dagligt 18:00 \u2013 22:00<\/p>\n<p><strong>Hotelbar:<\/strong><br \/>Tirsdag til l\u00f8rdag fra kl. 12:00<br \/>S\u00f8ndag og mandag lukket<\/p>\n<\/div><\/div>\r\n<\/div>\r\n\r\n<div class=\"et_pb_column_12 et_pb_column et_block_column et_pb_css_mix_blend_mode_passthrough et_animated et_flex_column_24_24 et_flex_column_12_24_tablet et_flex_column_24_24_phone preset--module--divi-column--6ea4c9e9-3b45-41dc-a4a5-48fe83cc7cac\">\r\n<div class=\"et_pb_text_9 et_pb_text et_pb_bg_layout_light et_pb_module et_block_module preset--module--divi-text--6de73d31-ad69-4c1c-8a72-6b5c5a1d0529\"><div class=\"et_pb_text_inner\"><h3>Madudbud<\/h3>\n<\/div><\/div>\r\n\r\n<div class=\"et_pb_text_10 et_pb_text et_pb_bg_layout_light et_pb_module et_block_module preset--module--divi-text--146b78f0-ff57-44d3-a9f4-418eb6997015\"><div class=\"et_pb_text_inner\"><p>Hver aften serverer vi enten en kold-varm buffet eller en 2- og 3-retters menu udvalgt af k\u00f8kkenchefen.<\/p>\n<\/div><\/div>\r\n<\/div>\r\n\r\n<div class=\"et_pb_column_13 et_pb_column et-last-child et_block_column et_pb_css_mix_blend_mode_passthrough et_animated et_flex_column_24_24 et_flex_column_12_24_tablet et_flex_column_24_24_phone preset--module--divi-column--6ea4c9e9-3b45-41dc-a4a5-48fe83cc7cac\">\r\n<div class=\"et_pb_text_11 et_pb_text et_pb_bg_layout_light et_pb_module et_block_module preset--module--divi-text--6de73d31-ad69-4c1c-8a72-6b5c5a1d0529\"><div class=\"et_pb_text_inner\"><h3>Reservation<\/h3>\n<\/div><\/div>\r\n\r\n<div class=\"et_pb_module et_pb_button_module_wrapper et_pb_button_0_wrapper preset--module--divi-button--14e06432-4765-4443-a512-1036c51336ac_wrapper\"><a class=\"et_pb_button_0 et_pb_button et_pb_bg_layout_light et_pb_module et_block_module preset--module--divi-button--14e06432-4765-4443-a512-1036c51336ac\" href=\"tel:+494617020\" data-icon=\"$\">T +49 461 70 20<\/a><\/div>\r\n\r\n<div class=\"et_pb_module et_pb_button_module_wrapper et_pb_button_1_wrapper preset--module--divi-button--14e06432-4765-4443-a512-1036c51336ac_wrapper\"><a class=\"et_pb_button_1 et_pb_button et_pb_bg_layout_light et_pb_module et_block_module preset--module--divi-button--14e06432-4765-4443-a512-1036c51336ac\" href=\"mailto:info@hotel-des-nordens.com?subject=Restaurant%20R\u00f4tisserie%20Bordreservation\" data-icon=\"$\">Reserver bord<\/a><\/div>\r\n<\/div>\r\n<\/div>\r\n<\/div>","protected":false},"excerpt":{"rendered":"","protected":false},"author":9,"featured_media":9346,"parent":0,"menu_order":0,"comment_status":"closed","ping_status":"closed","template":"","meta":{"inline_featured_image":false,"footnotes":""},"class_list":["post-5640","page","type-page","status-publish","has-post-thumbnail","hentry"],"yoast_head":"<!-- This site is optimized with the Yoast SEO plugin v27.6 - https:\/\/yoast.com\/product\/yoast-seo-wordpress\/ -->\n<title>Madoplevelser i restauranten i Flensborg | Hotel des Nordens<\/title>\n<meta name=\"description\" content=\"Fra regional mad til morgenmad og hyggelig atmosf\u00e6re \u2013 Restaurant R\u00f4tisserie p\u00e5 Hotel des Nordens byder p\u00e5 kulinariske h\u00f8jdepunkter.\" \/>\n<meta name=\"robots\" content=\"index, follow, max-snippet:-1, max-image-preview:large, max-video-preview:-1\" \/>\n<link rel=\"canonical\" href=\"https:\/\/hotel-des-nordens.com\/da\/restaurant\/\" \/>\n<meta property=\"og:locale\" content=\"da_DK\" \/>\n<meta property=\"og:type\" content=\"article\" \/>\n<meta property=\"og:title\" content=\"Madoplevelser i restauranten i Flensborg | Hotel des Nordens\" \/>\n<meta property=\"og:description\" content=\"Fra regional mad til morgenmad og hyggelig atmosf\u00e6re \u2013 Restaurant R\u00f4tisserie p\u00e5 Hotel des Nordens byder p\u00e5 kulinariske h\u00f8jdepunkter.\" \/>\n<meta property=\"og:url\" content=\"https:\/\/hotel-des-nordens.com\/da\/restaurant\/\" \/>\n<meta property=\"og:site_name\" content=\"Hotel des Nordens\" \/>\n<meta property=\"article:publisher\" content=\"https:\/\/www.facebook.com\/HotelDesNordens\/\" \/>\n<meta property=\"article:modified_time\" content=\"2026-04-21T07:11:05+00:00\" \/>\n<meta property=\"og:image\" content=\"https:\/\/hotel-des-nordens.com\/wp-content\/uploads\/2026\/03\/hotel-des-nordens-restaurant-rotisserie.webp\" \/>\n\t<meta property=\"og:image:width\" content=\"800\" \/>\n\t<meta property=\"og:image:height\" content=\"620\" \/>\n\t<meta property=\"og:image:type\" content=\"image\/webp\" \/>\n<meta name=\"twitter:card\" content=\"summary_large_image\" \/>\n<script type=\"application\/ld+json\" class=\"yoast-schema-graph\">{\"@context\":\"https:\\\/\\\/schema.org\",\"@graph\":[{\"@type\":\"WebPage\",\"@id\":\"https:\\\/\\\/hotel-des-nordens.com\\\/da\\\/restaurant\\\/\",\"url\":\"https:\\\/\\\/hotel-des-nordens.com\\\/da\\\/restaurant\\\/\",\"name\":\"Madoplevelser i restauranten i Flensborg | Hotel des Nordens\",\"isPartOf\":{\"@id\":\"https:\\\/\\\/hotel-des-nordens.com\\\/da\\\/#website\"},\"primaryImageOfPage\":{\"@id\":\"https:\\\/\\\/hotel-des-nordens.com\\\/da\\\/restaurant\\\/#primaryimage\"},\"image\":{\"@id\":\"https:\\\/\\\/hotel-des-nordens.com\\\/da\\\/restaurant\\\/#primaryimage\"},\"thumbnailUrl\":\"https:\\\/\\\/hotel-des-nordens.com\\\/wp-content\\\/uploads\\\/2026\\\/03\\\/hotel-des-nordens-restaurant-rotisserie.webp\",\"datePublished\":\"2025-09-22T10:03:55+00:00\",\"dateModified\":\"2026-04-21T07:11:05+00:00\",\"description\":\"Fra regional mad til morgenmad og hyggelig atmosf\u00e6re \u2013 Restaurant R\u00f4tisserie p\u00e5 Hotel des Nordens byder p\u00e5 kulinariske h\u00f8jdepunkter.\",\"breadcrumb\":{\"@id\":\"https:\\\/\\\/hotel-des-nordens.com\\\/da\\\/restaurant\\\/#breadcrumb\"},\"inLanguage\":\"da-DK\",\"potentialAction\":[{\"@type\":\"ReadAction\",\"target\":[\"https:\\\/\\\/hotel-des-nordens.com\\\/da\\\/restaurant\\\/\"]}]},{\"@type\":\"ImageObject\",\"inLanguage\":\"da-DK\",\"@id\":\"https:\\\/\\\/hotel-des-nordens.com\\\/da\\\/restaurant\\\/#primaryimage\",\"url\":\"https:\\\/\\\/hotel-des-nordens.com\\\/wp-content\\\/uploads\\\/2026\\\/03\\\/hotel-des-nordens-restaurant-rotisserie.webp\",\"contentUrl\":\"https:\\\/\\\/hotel-des-nordens.com\\\/wp-content\\\/uploads\\\/2026\\\/03\\\/hotel-des-nordens-restaurant-rotisserie.webp\",\"width\":800,\"height\":620,\"caption\":\"Burger med pommes frites og fish & chips samt Aperol Spritz og \u00f8l p\u00e5 et bord i restauranten.\"},{\"@type\":\"BreadcrumbList\",\"@id\":\"https:\\\/\\\/hotel-des-nordens.com\\\/da\\\/restaurant\\\/#breadcrumb\",\"itemListElement\":[{\"@type\":\"ListItem\",\"position\":1,\"name\":\"Home\",\"item\":\"https:\\\/\\\/hotel-des-nordens.com\\\/da\\\/\"},{\"@type\":\"ListItem\",\"position\":2,\"name\":\"Restaurant\"}]},{\"@type\":\"WebSite\",\"@id\":\"https:\\\/\\\/hotel-des-nordens.com\\\/da\\\/#website\",\"url\":\"https:\\\/\\\/hotel-des-nordens.com\\\/da\\\/\",\"name\":\"Hotel des Nordens\",\"description\":\"\",\"publisher\":{\"@id\":\"https:\\\/\\\/hotel-des-nordens.com\\\/da\\\/#organization\"},\"potentialAction\":[{\"@type\":\"SearchAction\",\"target\":{\"@type\":\"EntryPoint\",\"urlTemplate\":\"https:\\\/\\\/hotel-des-nordens.com\\\/da\\\/?s={search_term_string}\"},\"query-input\":{\"@type\":\"PropertyValueSpecification\",\"valueRequired\":true,\"valueName\":\"search_term_string\"}}],\"inLanguage\":\"da-DK\"},{\"@type\":\"Organization\",\"@id\":\"https:\\\/\\\/hotel-des-nordens.com\\\/da\\\/#organization\",\"name\":\"Hotel des Nordens\",\"url\":\"https:\\\/\\\/hotel-des-nordens.com\\\/da\\\/\",\"logo\":{\"@type\":\"ImageObject\",\"inLanguage\":\"da-DK\",\"@id\":\"https:\\\/\\\/hotel-des-nordens.com\\\/da\\\/#\\\/schema\\\/logo\\\/image\\\/\",\"url\":\"https:\\\/\\\/hotel-des-nordens.com\\\/wp-content\\\/uploads\\\/2025\\\/09\\\/cropped-hotel-des-nordens-icon.png\",\"contentUrl\":\"https:\\\/\\\/hotel-des-nordens.com\\\/wp-content\\\/uploads\\\/2025\\\/09\\\/cropped-hotel-des-nordens-icon.png\",\"width\":512,\"height\":512,\"caption\":\"Hotel des Nordens\"},\"image\":{\"@id\":\"https:\\\/\\\/hotel-des-nordens.com\\\/da\\\/#\\\/schema\\\/logo\\\/image\\\/\"},\"sameAs\":[\"https:\\\/\\\/www.facebook.com\\\/HotelDesNordens\\\/\",\"https:\\\/\\\/www.instagram.com\\\/hoteldesnordens\\\/\"]}]}<\/script>\n<!-- \/ Yoast SEO plugin. -->","yoast_head_json":{"title":"Madoplevelser i restauranten i Flensborg | Hotel des Nordens","description":"Fra regional mad til morgenmad og hyggelig atmosf\u00e6re \u2013 Restaurant R\u00f4tisserie p\u00e5 Hotel des Nordens byder p\u00e5 kulinariske h\u00f8jdepunkter.","robots":{"index":"index","follow":"follow","max-snippet":"max-snippet:-1","max-image-preview":"max-image-preview:large","max-video-preview":"max-video-preview:-1"},"canonical":"https:\/\/hotel-des-nordens.com\/da\/restaurant\/","og_locale":"da_DK","og_type":"article","og_title":"Madoplevelser i restauranten i Flensborg | Hotel des Nordens","og_description":"Fra regional mad til morgenmad og hyggelig atmosf\u00e6re \u2013 Restaurant R\u00f4tisserie p\u00e5 Hotel des Nordens byder p\u00e5 kulinariske h\u00f8jdepunkter.","og_url":"https:\/\/hotel-des-nordens.com\/da\/restaurant\/","og_site_name":"Hotel des Nordens","article_publisher":"https:\/\/www.facebook.com\/HotelDesNordens\/","article_modified_time":"2026-04-21T07:11:05+00:00","og_image":[{"width":800,"height":620,"url":"https:\/\/hotel-des-nordens.com\/wp-content\/uploads\/2026\/03\/hotel-des-nordens-restaurant-rotisserie.webp","type":"image\/webp"}],"twitter_card":"summary_large_image","schema":{"@context":"https:\/\/schema.org","@graph":[{"@type":"WebPage","@id":"https:\/\/hotel-des-nordens.com\/da\/restaurant\/","url":"https:\/\/hotel-des-nordens.com\/da\/restaurant\/","name":"Madoplevelser i restauranten i Flensborg | Hotel des Nordens","isPartOf":{"@id":"https:\/\/hotel-des-nordens.com\/da\/#website"},"primaryImageOfPage":{"@id":"https:\/\/hotel-des-nordens.com\/da\/restaurant\/#primaryimage"},"image":{"@id":"https:\/\/hotel-des-nordens.com\/da\/restaurant\/#primaryimage"},"thumbnailUrl":"https:\/\/hotel-des-nordens.com\/wp-content\/uploads\/2026\/03\/hotel-des-nordens-restaurant-rotisserie.webp","datePublished":"2025-09-22T10:03:55+00:00","dateModified":"2026-04-21T07:11:05+00:00","description":"Fra regional mad til morgenmad og hyggelig atmosf\u00e6re \u2013 Restaurant R\u00f4tisserie p\u00e5 Hotel des Nordens byder p\u00e5 kulinariske h\u00f8jdepunkter.","breadcrumb":{"@id":"https:\/\/hotel-des-nordens.com\/da\/restaurant\/#breadcrumb"},"inLanguage":"da-DK","potentialAction":[{"@type":"ReadAction","target":["https:\/\/hotel-des-nordens.com\/da\/restaurant\/"]}]},{"@type":"ImageObject","inLanguage":"da-DK","@id":"https:\/\/hotel-des-nordens.com\/da\/restaurant\/#primaryimage","url":"https:\/\/hotel-des-nordens.com\/wp-content\/uploads\/2026\/03\/hotel-des-nordens-restaurant-rotisserie.webp","contentUrl":"https:\/\/hotel-des-nordens.com\/wp-content\/uploads\/2026\/03\/hotel-des-nordens-restaurant-rotisserie.webp","width":800,"height":620,"caption":"Burger med pommes frites og fish & chips samt Aperol Spritz og \u00f8l p\u00e5 et bord i restauranten."},{"@type":"BreadcrumbList","@id":"https:\/\/hotel-des-nordens.com\/da\/restaurant\/#breadcrumb","itemListElement":[{"@type":"ListItem","position":1,"name":"Home","item":"https:\/\/hotel-des-nordens.com\/da\/"},{"@type":"ListItem","position":2,"name":"Restaurant"}]},{"@type":"WebSite","@id":"https:\/\/hotel-des-nordens.com\/da\/#website","url":"https:\/\/hotel-des-nordens.com\/da\/","name":"Hotel des Nordens","description":"","publisher":{"@id":"https:\/\/hotel-des-nordens.com\/da\/#organization"},"potentialAction":[{"@type":"SearchAction","target":{"@type":"EntryPoint","urlTemplate":"https:\/\/hotel-des-nordens.com\/da\/?s={search_term_string}"},"query-input":{"@type":"PropertyValueSpecification","valueRequired":true,"valueName":"search_term_string"}}],"inLanguage":"da-DK"},{"@type":"Organization","@id":"https:\/\/hotel-des-nordens.com\/da\/#organization","name":"Hotel des Nordens","url":"https:\/\/hotel-des-nordens.com\/da\/","logo":{"@type":"ImageObject","inLanguage":"da-DK","@id":"https:\/\/hotel-des-nordens.com\/da\/#\/schema\/logo\/image\/","url":"https:\/\/hotel-des-nordens.com\/wp-content\/uploads\/2025\/09\/cropped-hotel-des-nordens-icon.png","contentUrl":"https:\/\/hotel-des-nordens.com\/wp-content\/uploads\/2025\/09\/cropped-hotel-des-nordens-icon.png","width":512,"height":512,"caption":"Hotel des Nordens"},"image":{"@id":"https:\/\/hotel-des-nordens.com\/da\/#\/schema\/logo\/image\/"},"sameAs":["https:\/\/www.facebook.com\/HotelDesNordens\/","https:\/\/www.instagram.com\/hoteldesnordens\/"]}]}},"jetpack_sharing_enabled":true,"_links":{"self":[{"href":"https:\/\/hotel-des-nordens.com\/da\/wp-json\/wp\/v2\/pages\/5640","targetHints":{"allow":["GET"]}}],"collection":[{"href":"https:\/\/hotel-des-nordens.com\/da\/wp-json\/wp\/v2\/pages"}],"about":[{"href":"https:\/\/hotel-des-nordens.com\/da\/wp-json\/wp\/v2\/types\/page"}],"author":[{"embeddable":true,"href":"https:\/\/hotel-des-nordens.com\/da\/wp-json\/wp\/v2\/users\/9"}],"replies":[{"embeddable":true,"href":"https:\/\/hotel-des-nordens.com\/da\/wp-json\/wp\/v2\/comments?post=5640"}],"version-history":[{"count":5,"href":"https:\/\/hotel-des-nordens.com\/da\/wp-json\/wp\/v2\/pages\/5640\/revisions"}],"predecessor-version":[{"id":8885,"href":"https:\/\/hotel-des-nordens.com\/da\/wp-json\/wp\/v2\/pages\/5640\/revisions\/8885"}],"wp:featuredmedia":[{"embeddable":true,"href":"https:\/\/hotel-des-nordens.com\/da\/wp-json\/wp\/v2\/media\/9346"}],"wp:attachment":[{"href":"https:\/\/hotel-des-nordens.com\/da\/wp-json\/wp\/v2\/media?parent=5640"}],"curies":[{"name":"wp","href":"https:\/\/api.w.org\/{rel}","templated":true}]}}