{"id":5614,"date":"2025-09-22T10:20:34","date_gmt":"2025-09-22T10:20:34","guid":{"rendered":"https:\/\/p-ul7el4.project.space\/moeder-og-arrangementer\/"},"modified":"2026-04-23T11:27:25","modified_gmt":"2026-04-23T11:27:25","slug":"moeder","status":"publish","type":"page","link":"https:\/\/hotel-des-nordens.com\/da\/moeder\/","title":{"rendered":"M\u00f8der og arrangementer"},"content":{"rendered":"<div class=\"et_pb_section_0 et_pb_section et_section_specialty et_pb_equal_columns et_pb_gutters3 et_block_section et_pb_section_parallax preset--module--divi-specialty-section--default\"><span class=\"et-pb-parallax-wrapper\"><span class=\"et-pb-parallax-background et-pb-parallax-background--css et-pb-parallax-background-module--divi-section-0\" style=\"background-image:url(https:\/\/hotel-des-nordens.com\/wp-content\/uploads\/2026\/03\/hotel-des-nordens-meeting-header-image-scaled.webp)\"><\/span><\/span><div class=\"et_pb_row et_block_row\">\r\n<div class=\"et_pb_column_0 et_pb_column et_pb_column_single et_pb_column_1_2 et_block_column et_pb_css_mix_blend_mode_passthrough\">\r\n<div class=\"et_pb_code_0 et_pb_code et_pb_module\"><\/div>\r\n<\/div>\r\n\r\n<div class=\"et_pb_column_1 et_pb_column et_pb_specialty_column et_pb_column_1_2 et-last-child et_block_column et_pb_column_empty et_pb_css_mix_blend_mode_passthrough\"><\/div>\r\n<\/div><\/div>\r\n\r\n<div class=\"et_pb_section_1 et_pb_section et_section_regular et_block_section preset--module--divi-section--c76e071d-b3e5-447a-8aa9-3df7f257a5af\">\r\n<div class=\"et_pb_row_0 et_pb_row et_block_row\">\r\n<div class=\"et_pb_column_2 et_pb_column et_pb_column_4_4 et-last-child et_block_column et_pb_css_mix_blend_mode_passthrough\">\r\n<div class=\"et_pb_text_0 et_pb_text et_pb_bg_layout_light et_pb_module et_block_module et_pb_text_align_center preset--module--divi-text--17aa47f9-1791-4ef5-8c6e-2067ce530fd2\"><div class=\"et_pb_text_inner\"><p>Eventlokation i Flensborg<\/p>\n<\/div><\/div>\r\n\r\n<div class=\"et_pb_heading_0 et_pb_heading et_pb_module et_block_module preset--module--divi-heading--07c807f5-30a2-466c-bd49-e9a777215f15\"><div class=\"et_pb_heading_container\"><h1 class=\"et_pb_module_header\">M\u00f8der og arrangementer p\u00e5 Hotel des Nordens<\/h1><\/div><\/div>\r\n\r\n<div class=\"et_pb_text_1 et_pb_text et_pb_bg_layout_light et_pb_module et_block_module et_pb_text_align_center preset--module--divi-text--a1bebcce-26b7-401b-bde8-72bfa10e960b\"><div class=\"et_pb_text_inner\"><p>Leder du efter egnede lokaler til dit arrangement i Flensborg? Hotel des Nordens i Harrislee tilbyder alle muligheder for konferencer eller private arrangementer. Se vores m\u00f8delokaler samt de mange muligheder for at afholde din konference eller private fest.<\/p>\n<\/div><\/div>\r\n\r\n<div class=\"et_pb_icon_0 et_pb_icon et_pb_module et_block_module preset--module--divi-icon--a1264cde-02c4-43b0-9644-2c0ea0ae1cfb\"><span class=\"et_pb_icon_wrap\"><span class=\"et-pb-icon\">7<\/span><\/span><\/div>\r\n<\/div>\r\n<\/div>\r\n<\/div>\r\n\r\n<div class=\"et_pb_section_2 et_pb_section et_section_regular et_block_section\">\r\n<div class=\"et_pb_row_1 et_pb_row et_pb_equal_columns et_block_row orderWrapper\">\r\n<div class=\"et_pb_column_3 et_pb_column et_pb_column_1_2 et_block_column et_pb_css_mix_blend_mode_passthrough tabletSecond\">\r\n<div class=\"et_pb_image_0 et_pb_image et_pb_image_sticky_tablet et_pb_module et_block_module preset--module--divi-image--f4c36f21-314c-43ce-b01c-e0dff776509a\"><span class=\"et_pb_image_wrap\"><img loading=\"lazy\" decoding=\"async\" src=\"https:\/\/hotel-des-nordens.com\/wp-content\/uploads\/2026\/03\/hotel-des-nordens-tagungsraeume-image.webp\" width=\"800\" height=\"620\" srcset=\"https:\/\/hotel-des-nordens.com\/wp-content\/uploads\/2026\/03\/hotel-des-nordens-tagungsraeume-image.webp 800w, https:\/\/hotel-des-nordens.com\/wp-content\/uploads\/2026\/03\/hotel-des-nordens-tagungsraeume-image-480x372.webp 480w\" sizes=\"(min-width: 0px) and (max-width: 480px) 480px, (min-width: 481px) 800px, 100vw\" class=\"wp-image-6545\" alt=\"Hyggeligt konferencelokale p\u00e5 Hotel des Nordens\" \/><\/span><\/div>\r\n<\/div>\r\n\r\n<div class=\"et_pb_column_4 et_pb_column et_pb_column_1_2 et-last-child et_block_column et_pb_css_mix_blend_mode_passthrough tabletFirst\">\r\n<div class=\"et_pb_heading_1 et_pb_heading et_pb_module et_block_module preset--module--divi-heading--f5eead34-ecd1-47b6-b936-72bf5a4138f6\"><div class=\"et_pb_heading_container\"><h2 class=\"et_pb_module_header\">Find dit m\u00f8delokale i Harrisslee<\/h2><\/div><\/div>\r\n\r\n<div class=\"et_pb_text_2 et_pb_text et_pb_bg_layout_light et_pb_module et_block_module preset--module--divi-text--2d186a9d-0022-4931-bb60-8056d0118c7b\"><div class=\"et_pb_text_inner\"><p>Uanset om det drejer sig om m\u00f8de, konference eller privat fest \u2013 p\u00e5 Hotel des Nordens st\u00e5r der otte individuelt indrettede eventlokaler og m\u00f8delokaler til r\u00e5dighed, som kan tilpasses fleksibelt til dine behov. Takket v\u00e6re forskellige rumst\u00f8rrelser og variable inddelingsmuligheder finder du altid den ideelle ramme for dit arrangement hos os \u2013 fra fokuserede m\u00f8der i mindre kredse til store arrangementer med mange g\u00e6ster.<\/p>\n<\/div><\/div>\r\n\r\n<div class=\"et_pb_module et_pb_button_module_wrapper et_pb_button_0_wrapper preset--module--divi-button--default_wrapper\"><a class=\"et_pb_button_0 et_pb_button et_pb_bg_layout_dark et_pb_module et_block_module preset--module--divi-button--default\" href=\"https:\/\/hotel-des-nordens.com\/meetings\/tagungsraeume\/\">L\u00e6s mere<\/a><\/div>\r\n<\/div>\r\n<\/div>\r\n<\/div>\r\n\r\n<div class=\"et_pb_section_3 et_pb_section et_section_regular et_block_section z-index-0\">\r\n<div class=\"et_pb_row_2 et_pb_row et_flex_row\">\r\n<div class=\"et_pb_column_5 et_pb_column et_block_column et_pb_css_mix_blend_mode_passthrough et_flex_column_24_24 et_flex_column_24_24_tablet et_flex_column_24_24_phone\">\r\n<div class=\"et_pb_heading_2 et_pb_heading et_pb_module et_block_module preset--module--divi-heading--f5eead34-ecd1-47b6-b936-72bf5a4138f6\"><div class=\"et_pb_heading_container\"><h2 class=\"et_pb_module_header\">Professionelle events p\u00e5 konferencehotel I Flensborg<\/h2><\/div><\/div>\r\n\r\n<div class=\"et_pb_text_3 et_pb_text et_pb_bg_layout_light et_pb_module et_block_module preset--module--divi-text--2d186a9d-0022-4931-bb60-8056d0118c7b\"><div class=\"et_pb_text_inner\"><p>Takket v\u00e6re vores mange \u00e5rs erfaring med afholdelse af m\u00f8der og events tilbyder vi professionel r\u00e5dgivning og tilpasser ethvert arrangement individuelt efter dine \u00f8nsker. Som et etableret konferencehotel ved \u00d8sters\u00f8en tilbyder vi de rette konferencelokaler i Flensborg \u2013 med moderne faciliteter, personlig service og gennemt\u00e6nkt planl\u00e6gning. For arrangementer der huskes.<\/p>\n<\/div><\/div>\r\n\r\n<div class=\"et_pb_module et_pb_button_module_wrapper et_pb_button_1_wrapper preset--module--divi-button--default_wrapper\"><a class=\"et_pb_button_1 et_pb_button et_pb_bg_layout_dark et_pb_module et_block_module preset--module--divi-button--default\" href=\"https:\/\/hotel-des-nordens.com\/meetings\/tagung\/\">L\u00e6s mere<\/a><\/div>\r\n<\/div>\r\n\r\n<div class=\"et_pb_column_6 et_pb_column et-last-child et_block_column et_pb_css_mix_blend_mode_passthrough et_flex_column_24_24 et_flex_column_24_24_tablet et_flex_column_24_24_phone\">\r\n<div class=\"et_pb_image_1 et_pb_image et_pb_image_bottom_space_tablet et_pb_module et_block_module preset--module--divi-image--f4c36f21-314c-43ce-b01c-e0dff776509a\"><span class=\"et_pb_image_wrap\"><img loading=\"lazy\" decoding=\"async\" src=\"https:\/\/hotel-des-nordens.com\/wp-content\/uploads\/2026\/03\/hotel-des-nordens-tagungshotel-image.webp\" width=\"800\" height=\"620\" srcset=\"https:\/\/hotel-des-nordens.com\/wp-content\/uploads\/2026\/03\/hotel-des-nordens-tagungshotel-image.webp 800w, https:\/\/hotel-des-nordens.com\/wp-content\/uploads\/2026\/03\/hotel-des-nordens-tagungshotel-image-480x372.webp 480w\" sizes=\"(min-width: 0px) and (max-width: 480px) 480px, (min-width: 481px) 800px, 100vw\" class=\"wp-image-6546\" alt=\"Borde med stole i et lysgennemstr\u00f8mmet rum\" \/><\/span><\/div>\r\n<\/div>\r\n<\/div>\r\n<\/div>\r\n\r\n<div class=\"et_pb_section_4 et_pb_section et_section_regular et_block_section\">\r\n<div class=\"et_pb_row_3 et_pb_row et_pb_equal_columns et_block_row orderWrapper\">\r\n<div class=\"et_pb_column_7 et_pb_column et_pb_column_1_2 et_block_column et_pb_css_mix_blend_mode_passthrough tabletSecond\">\r\n<div class=\"et_pb_image_2 et_pb_image et_pb_image_sticky_tablet et_pb_module et_block_module preset--module--divi-image--f4c36f21-314c-43ce-b01c-e0dff776509a\"><span class=\"et_pb_image_wrap\"><img loading=\"lazy\" decoding=\"async\" src=\"https:\/\/hotel-des-nordens.com\/wp-content\/uploads\/2026\/03\/hotel-des-nordens-eventlocation-flensburg-image.webp\" width=\"800\" height=\"620\" srcset=\"https:\/\/hotel-des-nordens.com\/wp-content\/uploads\/2026\/03\/hotel-des-nordens-eventlocation-flensburg-image.webp 800w, https:\/\/hotel-des-nordens.com\/wp-content\/uploads\/2026\/03\/hotel-des-nordens-eventlocation-flensburg-image-480x372.webp 480w\" sizes=\"(min-width: 0px) and (max-width: 480px) 480px, (min-width: 481px) 800px, 100vw\" class=\"wp-image-6547\" alt=\"Festligt d\u00e6kket bord p\u00e5 Hotel des Nordens\" \/><\/span><\/div>\r\n<\/div>\r\n\r\n<div class=\"et_pb_column_8 et_pb_column et_pb_column_1_2 et-last-child et_block_column et_pb_css_mix_blend_mode_passthrough tabletFirst\">\r\n<div class=\"et_pb_heading_3 et_pb_heading et_pb_module et_block_module preset--module--divi-heading--f5eead34-ecd1-47b6-b936-72bf5a4138f6\"><div class=\"et_pb_heading_container\"><h2 class=\"et_pb_module_header\">Det perfekte sted for arrangementer i Flensborg<\/h2><\/div><\/div>\r\n\r\n<div class=\"et_pb_text_4 et_pb_text et_pb_bg_layout_light et_pb_module et_block_module preset--module--divi-text--2d186a9d-0022-4931-bb60-8056d0118c7b\"><div class=\"et_pb_text_inner\"><p>Uanset om det er bryllup, f\u00f8dselsdag, konfirmation eller d\u00e5b \u2013 p\u00e5 Hotel des Nordens finder du de perfekte rammer for din personlige arrangementer og fest, fra festlokale til bryllupslokale i Harrisslee Flensborg. Vores stilfulde lokaler, individuelle r\u00e5dgivning og mange \u00e5rs erfaring sikrer, at din s\u00e6rlige dag bliver uforglemmelig.<\/p>\n<\/div><\/div>\r\n\r\n<div class=\"et_pb_module et_pb_button_module_wrapper et_pb_button_2_wrapper preset--module--divi-button--default_wrapper\"><a class=\"et_pb_button_2 et_pb_button et_pb_bg_layout_dark et_pb_module et_block_module preset--module--divi-button--default\" href=\"https:\/\/hotel-des-nordens.com\/meetings\/private-events\/\">L\u00e6s mere<\/a><\/div>\r\n<\/div>\r\n<\/div>\r\n<\/div>","protected":false},"excerpt":{"rendered":"","protected":false},"author":9,"featured_media":9334,"parent":0,"menu_order":0,"comment_status":"closed","ping_status":"closed","template":"","meta":{"inline_featured_image":false,"footnotes":""},"class_list":["post-5614","page","type-page","status-publish","has-post-thumbnail","hentry"],"yoast_head":"<!-- This site is optimized with the Yoast SEO plugin v27.6 - https:\/\/yoast.com\/product\/yoast-seo-wordpress\/ -->\n<title>M\u00f8der ved \u00d8sters\u00f8en | Hotel des Nordens<\/title>\n<meta name=\"description\" content=\"Oplev Hotel des Nordens som rammen om Deres n\u00e6ste arrangement. Vi tilbyder en komplet service til arrangementer og fester efter Deres valg.\" \/>\n<meta name=\"robots\" content=\"index, follow, max-snippet:-1, max-image-preview:large, max-video-preview:-1\" \/>\n<link rel=\"canonical\" href=\"https:\/\/hotel-des-nordens.com\/da\/moeder\/\" \/>\n<meta property=\"og:locale\" content=\"da_DK\" \/>\n<meta property=\"og:type\" content=\"article\" \/>\n<meta property=\"og:title\" content=\"M\u00f8der ved \u00d8sters\u00f8en | Hotel des Nordens\" \/>\n<meta property=\"og:description\" content=\"Oplev Hotel des Nordens som rammen om Deres n\u00e6ste arrangement. Vi tilbyder en komplet service til arrangementer og fester efter Deres valg.\" \/>\n<meta property=\"og:url\" content=\"https:\/\/hotel-des-nordens.com\/da\/moeder\/\" \/>\n<meta property=\"og:site_name\" content=\"Hotel des Nordens\" \/>\n<meta property=\"article:publisher\" content=\"https:\/\/www.facebook.com\/HotelDesNordens\/\" \/>\n<meta property=\"article:modified_time\" content=\"2026-04-23T11:27:25+00:00\" \/>\n<meta property=\"og:image\" content=\"https:\/\/hotel-des-nordens.com\/wp-content\/uploads\/2026\/03\/hotel-des-nordens-meetings-home.jpg\" \/>\n\t<meta property=\"og:image:width\" content=\"800\" \/>\n\t<meta property=\"og:image:height\" content=\"620\" \/>\n\t<meta property=\"og:image:type\" content=\"image\/jpeg\" \/>\n<meta name=\"twitter:card\" content=\"summary_large_image\" \/>\n<script type=\"application\/ld+json\" class=\"yoast-schema-graph\">{\"@context\":\"https:\\\/\\\/schema.org\",\"@graph\":[{\"@type\":\"WebPage\",\"@id\":\"https:\\\/\\\/hotel-des-nordens.com\\\/da\\\/moeder\\\/\",\"url\":\"https:\\\/\\\/hotel-des-nordens.com\\\/da\\\/moeder\\\/\",\"name\":\"M\u00f8der ved \u00d8sters\u00f8en | Hotel des Nordens\",\"isPartOf\":{\"@id\":\"https:\\\/\\\/hotel-des-nordens.com\\\/da\\\/#website\"},\"primaryImageOfPage\":{\"@id\":\"https:\\\/\\\/hotel-des-nordens.com\\\/da\\\/moeder\\\/#primaryimage\"},\"image\":{\"@id\":\"https:\\\/\\\/hotel-des-nordens.com\\\/da\\\/moeder\\\/#primaryimage\"},\"thumbnailUrl\":\"https:\\\/\\\/hotel-des-nordens.com\\\/wp-content\\\/uploads\\\/2026\\\/03\\\/hotel-des-nordens-meetings-home.jpg\",\"datePublished\":\"2025-09-22T10:20:34+00:00\",\"dateModified\":\"2026-04-23T11:27:25+00:00\",\"description\":\"Oplev Hotel des Nordens som rammen om Deres n\u00e6ste arrangement. Vi tilbyder en komplet service til arrangementer og fester efter Deres valg.\",\"breadcrumb\":{\"@id\":\"https:\\\/\\\/hotel-des-nordens.com\\\/da\\\/moeder\\\/#breadcrumb\"},\"inLanguage\":\"da-DK\",\"potentialAction\":[{\"@type\":\"ReadAction\",\"target\":[\"https:\\\/\\\/hotel-des-nordens.com\\\/da\\\/moeder\\\/\"]}]},{\"@type\":\"ImageObject\",\"inLanguage\":\"da-DK\",\"@id\":\"https:\\\/\\\/hotel-des-nordens.com\\\/da\\\/moeder\\\/#primaryimage\",\"url\":\"https:\\\/\\\/hotel-des-nordens.com\\\/wp-content\\\/uploads\\\/2026\\\/03\\\/hotel-des-nordens-meetings-home.jpg\",\"contentUrl\":\"https:\\\/\\\/hotel-des-nordens.com\\\/wp-content\\\/uploads\\\/2026\\\/03\\\/hotel-des-nordens-meetings-home.jpg\",\"width\":800,\"height\":620,\"caption\":\"Stort, lyst konferencelokale med U-formet opstilling.\"},{\"@type\":\"BreadcrumbList\",\"@id\":\"https:\\\/\\\/hotel-des-nordens.com\\\/da\\\/moeder\\\/#breadcrumb\",\"itemListElement\":[{\"@type\":\"ListItem\",\"position\":1,\"name\":\"Home\",\"item\":\"https:\\\/\\\/hotel-des-nordens.com\\\/da\\\/\"},{\"@type\":\"ListItem\",\"position\":2,\"name\":\"M\u00f8der og arrangementer\"}]},{\"@type\":\"WebSite\",\"@id\":\"https:\\\/\\\/hotel-des-nordens.com\\\/da\\\/#website\",\"url\":\"https:\\\/\\\/hotel-des-nordens.com\\\/da\\\/\",\"name\":\"Hotel des Nordens\",\"description\":\"\",\"publisher\":{\"@id\":\"https:\\\/\\\/hotel-des-nordens.com\\\/da\\\/#organization\"},\"potentialAction\":[{\"@type\":\"SearchAction\",\"target\":{\"@type\":\"EntryPoint\",\"urlTemplate\":\"https:\\\/\\\/hotel-des-nordens.com\\\/da\\\/?s={search_term_string}\"},\"query-input\":{\"@type\":\"PropertyValueSpecification\",\"valueRequired\":true,\"valueName\":\"search_term_string\"}}],\"inLanguage\":\"da-DK\"},{\"@type\":\"Organization\",\"@id\":\"https:\\\/\\\/hotel-des-nordens.com\\\/da\\\/#organization\",\"name\":\"Hotel des Nordens\",\"url\":\"https:\\\/\\\/hotel-des-nordens.com\\\/da\\\/\",\"logo\":{\"@type\":\"ImageObject\",\"inLanguage\":\"da-DK\",\"@id\":\"https:\\\/\\\/hotel-des-nordens.com\\\/da\\\/#\\\/schema\\\/logo\\\/image\\\/\",\"url\":\"https:\\\/\\\/hotel-des-nordens.com\\\/wp-content\\\/uploads\\\/2025\\\/09\\\/cropped-hotel-des-nordens-icon.png\",\"contentUrl\":\"https:\\\/\\\/hotel-des-nordens.com\\\/wp-content\\\/uploads\\\/2025\\\/09\\\/cropped-hotel-des-nordens-icon.png\",\"width\":512,\"height\":512,\"caption\":\"Hotel des Nordens\"},\"image\":{\"@id\":\"https:\\\/\\\/hotel-des-nordens.com\\\/da\\\/#\\\/schema\\\/logo\\\/image\\\/\"},\"sameAs\":[\"https:\\\/\\\/www.facebook.com\\\/HotelDesNordens\\\/\",\"https:\\\/\\\/www.instagram.com\\\/hoteldesnordens\\\/\"]}]}<\/script>\n<!-- \/ Yoast SEO plugin. -->","yoast_head_json":{"title":"M\u00f8der ved \u00d8sters\u00f8en | Hotel des Nordens","description":"Oplev Hotel des Nordens som rammen om Deres n\u00e6ste arrangement. Vi tilbyder en komplet service til arrangementer og fester efter Deres valg.","robots":{"index":"index","follow":"follow","max-snippet":"max-snippet:-1","max-image-preview":"max-image-preview:large","max-video-preview":"max-video-preview:-1"},"canonical":"https:\/\/hotel-des-nordens.com\/da\/moeder\/","og_locale":"da_DK","og_type":"article","og_title":"M\u00f8der ved \u00d8sters\u00f8en | Hotel des Nordens","og_description":"Oplev Hotel des Nordens som rammen om Deres n\u00e6ste arrangement. Vi tilbyder en komplet service til arrangementer og fester efter Deres valg.","og_url":"https:\/\/hotel-des-nordens.com\/da\/moeder\/","og_site_name":"Hotel des Nordens","article_publisher":"https:\/\/www.facebook.com\/HotelDesNordens\/","article_modified_time":"2026-04-23T11:27:25+00:00","og_image":[{"width":800,"height":620,"url":"https:\/\/hotel-des-nordens.com\/wp-content\/uploads\/2026\/03\/hotel-des-nordens-meetings-home.jpg","type":"image\/jpeg"}],"twitter_card":"summary_large_image","schema":{"@context":"https:\/\/schema.org","@graph":[{"@type":"WebPage","@id":"https:\/\/hotel-des-nordens.com\/da\/moeder\/","url":"https:\/\/hotel-des-nordens.com\/da\/moeder\/","name":"M\u00f8der ved \u00d8sters\u00f8en | Hotel des Nordens","isPartOf":{"@id":"https:\/\/hotel-des-nordens.com\/da\/#website"},"primaryImageOfPage":{"@id":"https:\/\/hotel-des-nordens.com\/da\/moeder\/#primaryimage"},"image":{"@id":"https:\/\/hotel-des-nordens.com\/da\/moeder\/#primaryimage"},"thumbnailUrl":"https:\/\/hotel-des-nordens.com\/wp-content\/uploads\/2026\/03\/hotel-des-nordens-meetings-home.jpg","datePublished":"2025-09-22T10:20:34+00:00","dateModified":"2026-04-23T11:27:25+00:00","description":"Oplev Hotel des Nordens som rammen om Deres n\u00e6ste arrangement. Vi tilbyder en komplet service til arrangementer og fester efter Deres valg.","breadcrumb":{"@id":"https:\/\/hotel-des-nordens.com\/da\/moeder\/#breadcrumb"},"inLanguage":"da-DK","potentialAction":[{"@type":"ReadAction","target":["https:\/\/hotel-des-nordens.com\/da\/moeder\/"]}]},{"@type":"ImageObject","inLanguage":"da-DK","@id":"https:\/\/hotel-des-nordens.com\/da\/moeder\/#primaryimage","url":"https:\/\/hotel-des-nordens.com\/wp-content\/uploads\/2026\/03\/hotel-des-nordens-meetings-home.jpg","contentUrl":"https:\/\/hotel-des-nordens.com\/wp-content\/uploads\/2026\/03\/hotel-des-nordens-meetings-home.jpg","width":800,"height":620,"caption":"Stort, lyst konferencelokale med U-formet opstilling."},{"@type":"BreadcrumbList","@id":"https:\/\/hotel-des-nordens.com\/da\/moeder\/#breadcrumb","itemListElement":[{"@type":"ListItem","position":1,"name":"Home","item":"https:\/\/hotel-des-nordens.com\/da\/"},{"@type":"ListItem","position":2,"name":"M\u00f8der og arrangementer"}]},{"@type":"WebSite","@id":"https:\/\/hotel-des-nordens.com\/da\/#website","url":"https:\/\/hotel-des-nordens.com\/da\/","name":"Hotel des Nordens","description":"","publisher":{"@id":"https:\/\/hotel-des-nordens.com\/da\/#organization"},"potentialAction":[{"@type":"SearchAction","target":{"@type":"EntryPoint","urlTemplate":"https:\/\/hotel-des-nordens.com\/da\/?s={search_term_string}"},"query-input":{"@type":"PropertyValueSpecification","valueRequired":true,"valueName":"search_term_string"}}],"inLanguage":"da-DK"},{"@type":"Organization","@id":"https:\/\/hotel-des-nordens.com\/da\/#organization","name":"Hotel des Nordens","url":"https:\/\/hotel-des-nordens.com\/da\/","logo":{"@type":"ImageObject","inLanguage":"da-DK","@id":"https:\/\/hotel-des-nordens.com\/da\/#\/schema\/logo\/image\/","url":"https:\/\/hotel-des-nordens.com\/wp-content\/uploads\/2025\/09\/cropped-hotel-des-nordens-icon.png","contentUrl":"https:\/\/hotel-des-nordens.com\/wp-content\/uploads\/2025\/09\/cropped-hotel-des-nordens-icon.png","width":512,"height":512,"caption":"Hotel des Nordens"},"image":{"@id":"https:\/\/hotel-des-nordens.com\/da\/#\/schema\/logo\/image\/"},"sameAs":["https:\/\/www.facebook.com\/HotelDesNordens\/","https:\/\/www.instagram.com\/hoteldesnordens\/"]}]}},"jetpack_sharing_enabled":true,"_links":{"self":[{"href":"https:\/\/hotel-des-nordens.com\/da\/wp-json\/wp\/v2\/pages\/5614","targetHints":{"allow":["GET"]}}],"collection":[{"href":"https:\/\/hotel-des-nordens.com\/da\/wp-json\/wp\/v2\/pages"}],"about":[{"href":"https:\/\/hotel-des-nordens.com\/da\/wp-json\/wp\/v2\/types\/page"}],"author":[{"embeddable":true,"href":"https:\/\/hotel-des-nordens.com\/da\/wp-json\/wp\/v2\/users\/9"}],"replies":[{"embeddable":true,"href":"https:\/\/hotel-des-nordens.com\/da\/wp-json\/wp\/v2\/comments?post=5614"}],"version-history":[{"count":5,"href":"https:\/\/hotel-des-nordens.com\/da\/wp-json\/wp\/v2\/pages\/5614\/revisions"}],"predecessor-version":[{"id":9141,"href":"https:\/\/hotel-des-nordens.com\/da\/wp-json\/wp\/v2\/pages\/5614\/revisions\/9141"}],"wp:featuredmedia":[{"embeddable":true,"href":"https:\/\/hotel-des-nordens.com\/da\/wp-json\/wp\/v2\/media\/9334"}],"wp:attachment":[{"href":"https:\/\/hotel-des-nordens.com\/da\/wp-json\/wp\/v2\/media?parent=5614"}],"curies":[{"name":"wp","href":"https:\/\/api.w.org\/{rel}","templated":true}]}}