{"id":5599,"date":"2025-08-01T13:22:50","date_gmt":"2025-08-01T13:22:50","guid":{"rendered":"https:\/\/p-ul7el4.project.space\/hotel\/"},"modified":"2026-04-23T07:56:23","modified_gmt":"2026-04-23T07:56:23","slug":"hotel","status":"publish","type":"page","link":"https:\/\/hotel-des-nordens.com\/da\/hotel\/","title":{"rendered":"Hotel"},"content":{"rendered":"<div class=\"et_pb_section_0 et_pb_section et_section_specialty et_pb_equal_columns et_pb_gutters3 et_block_section et_pb_section_parallax preset--module--divi-specialty-section--default\"><span class=\"et-pb-parallax-wrapper\"><span class=\"et-pb-parallax-background et-pb-parallax-background--css et-pb-parallax-background-module--divi-section-0\" style=\"background-image:url(https:\/\/hotel-des-nordens.com\/wp-content\/uploads\/2025\/09\/lobby-hotel-header-image-scaled.jpg)\"><\/span><\/span><div class=\"et_pb_row et_block_row\">\n<div class=\"et_pb_column_0 et_pb_column et_pb_column_single et_pb_column_1_2 et_block_column et_pb_css_mix_blend_mode_passthrough\">\n<div class=\"et_pb_code_0 et_pb_code et_pb_module\"><\/div>\n<\/div>\n\n<div class=\"et_pb_column_1 et_pb_column et_pb_specialty_column et_pb_column_1_2 et-last-child et_block_column et_pb_column_empty et_pb_css_mix_blend_mode_passthrough\"><\/div>\n<\/div><\/div>\n\n<div class=\"et_pb_section_1 et_pb_section et_section_regular et_block_section preset--module--divi-section--c76e071d-b3e5-447a-8aa9-3df7f257a5af\">\n<div class=\"et_pb_row_0 et_pb_row et_block_row\">\n<div class=\"et_pb_column_2 et_pb_column et_pb_column_4_4 et-last-child et_block_column et_pb_css_mix_blend_mode_passthrough\">\n<div class=\"et_pb_text_0 et_pb_text et_pb_bg_layout_light et_pb_module et_block_module et_pb_text_align_center preset--module--divi-text--17aa47f9-1791-4ef5-8c6e-2067ce530fd2\"><div class=\"et_pb_text_inner\"><p>Overnatning i Flensborg<\/p>\n<\/div><\/div>\n\n<div class=\"et_pb_heading_0 et_pb_heading et_pb_module et_block_module preset--module--divi-heading--07c807f5-30a2-466c-bd49-e9a777215f15\"><div class=\"et_pb_heading_container\"><h1 class=\"et_pb_module_header\">Ferie p\u00e5 Hotel des Nordens i Flensborg<\/h1><\/div><\/div>\n\n<div class=\"et_pb_text_1 et_pb_text et_pb_bg_layout_light et_pb_module et_block_module et_pb_text_align_center preset--module--divi-text--a1bebcce-26b7-401b-bde8-72bfa10e960b\"><div class=\"et_pb_text_inner\"><p>Velkommen til Hotel des Nordens, dit komfortable hotel i Flensborg. Nyd en afslappende overnatning i Flensborg i charmerende omgivelser. Vores hotel ved den tysk-danske gr\u00e6nse tilbyder ikke kun en ideel beliggenhed, men ogs\u00e5 uforglemmelige events og arrangementer p\u00e5 Hotel des Nordens. Uanset om det g\u00e6lder forretningsrejser eller korte ferier \u2013 her oplever du nordisk g\u00e6stfrihed p\u00e5 h\u00f8jeste niveau.   <\/p>\n<\/div><\/div>\n\n<div class=\"et_pb_icon_0 et_pb_icon et_pb_module et_block_module preset--module--divi-icon--a1264cde-02c4-43b0-9644-2c0ea0ae1cfb\"><span class=\"et_pb_icon_wrap\"><span class=\"et-pb-icon\">7<\/span><\/span><\/div>\n<\/div>\n<\/div>\n<\/div>\n\n<div class=\"et_pb_section_2 et_pb_section et_section_regular et_block_section z-index-0\">\n<div class=\"et_pb_row_1 et_pb_row et_pb_equal_columns et_block_row\">\n<div class=\"et_pb_column_3 et_pb_column et_pb_column_1_2 et_block_column et_pb_css_mix_blend_mode_passthrough\">\n<div class=\"et_pb_heading_1 et_pb_heading et_pb_module et_block_module preset--module--divi-heading--f5eead34-ecd1-47b6-b936-72bf5a4138f6\"><div class=\"et_pb_heading_container\"><h2 class=\"et_pb_module_header\">Sightseeing og aktiviteter i Flensborg og omegn <\/h2><\/div><\/div>\n\n<div class=\"et_pb_text_2 et_pb_text et_pb_bg_layout_light et_pb_module et_block_module preset--module--divi-text--2d186a9d-0022-4931-bb60-8056d0118c7b\"><div class=\"et_pb_text_inner\"><p>Hotel des Nordens er det perfekte udgangspunkt for opdagelsesture i den livlige havneby Flensborg, til strandene og de natursk\u00f8nne cykel- og vandreruter langs fjorden. Derudover byder hotellet p\u00e5 et varieret program af events og arrangementer. Selv i d\u00e5rligt vejr s\u00f8rger badelande, slotte og talrige kulturelle h\u00f8jdepunkter i regionen for masser af underholdning og aktiviteter i Flensborg.<\/p>\n<\/div><\/div>\n<\/div>\n\n<div class=\"et_pb_column_4 et_pb_column et_pb_column_1_2 et-last-child et_block_column et_pb_css_mix_blend_mode_passthrough preset--module--divi-column--8o62c6h4e7\">\n<div class=\"et_pb_image_0 et_pb_image et_pb_image_sticky_tablet et_pb_module et_block_module\"><span class=\"et_pb_image_wrap\"><img loading=\"lazy\" decoding=\"async\" src=\"https:\/\/hotel-des-nordens.com\/wp-content\/uploads\/2025\/09\/umgebung-header-bild.jpg\" alt=\"Sejlb\u00e5de i Flensborg havn\" width=\"800\" height=\"620\" srcset=\"https:\/\/hotel-des-nordens.com\/wp-content\/uploads\/2025\/09\/umgebung-header-bild-800x551.jpg 800w, https:\/\/hotel-des-nordens.com\/wp-content\/uploads\/2025\/09\/umgebung-header-bild-480x270.jpg 480w\" sizes=\"(min-width: 0px) and (max-width: 480px) 480px, (min-width: 481px) and (max-width: 800px) 800px, 100vw\" class=\"wp-image-4578\" \/><\/span><\/div>\n<\/div>\n<\/div>\n<\/div>\n\n<div class=\"et_pb_section_3 et_pb_section et_section_regular et_block_section\">\n<div class=\"et_pb_row_2 et_pb_row et_pb_equal_columns et_block_row orderWrapper\">\n<div class=\"et_pb_column_5 et_pb_column et_pb_column_1_2 et_block_column et_pb_css_mix_blend_mode_passthrough tabletSecond\">\n<div class=\"et_pb_image_1 et_pb_image et_pb_image_bottom_space_tablet et_pb_module et_block_module preset--module--divi-image--f4c36f21-314c-43ce-b01c-e0dff776509a\"><span class=\"et_pb_image_wrap\"><img loading=\"lazy\" decoding=\"async\" src=\"https:\/\/hotel-des-nordens.com\/wp-content\/uploads\/2025\/09\/daenemark-hotel-image.jpg\" alt=\"Danmark med sine farverige skandinaviske huse\" width=\"800\" height=\"620\" srcset=\"https:\/\/hotel-des-nordens.com\/wp-content\/uploads\/2025\/09\/daenemark-hotel-image-800x551.jpg 800w, https:\/\/hotel-des-nordens.com\/wp-content\/uploads\/2025\/09\/daenemark-hotel-image-480x270.jpg 480w\" sizes=\"(min-width: 0px) and (max-width: 480px) 480px, (min-width: 481px) and (max-width: 800px) 800px, 100vw\" class=\"wp-image-4545\" \/><\/span><\/div>\n<\/div>\n\n<div class=\"et_pb_column_6 et_pb_column et_pb_column_1_2 et-last-child et_block_column et_pb_css_mix_blend_mode_passthrough tabletFirst\">\n<div class=\"et_pb_heading_2 et_pb_heading et_pb_module et_block_module preset--module--divi-heading--f5eead34-ecd1-47b6-b936-72bf5a4138f6\"><div class=\"et_pb_heading_container\"><h2 class=\"et_pb_module_header\">Oplev Danmark fra hotellet ved gr\u00e6nsen i Flensborg <\/h2><\/div><\/div>\n\n<div class=\"et_pb_text_3 et_pb_text et_pb_bg_layout_light et_pb_module et_block_module preset--module--divi-text--2d186a9d-0022-4931-bb60-8056d0118c7b\"><div class=\"et_pb_text_inner\"><p>Takket v\u00e6re placeringen ved den tysk-danske gr\u00e6nse er Hotel des Nordens det ideelle udgangspunkt for en dagsudflugt til Danmark. Oplev charmerende kystbyer, idylliske landskaber og skandinavisk atmosf\u00e6re lige p\u00e5 den anden side af gr\u00e6nsen, og nyd en varieret dag i vores naboland.<\/p>\n<\/div><\/div>\n<\/div>\n<\/div>\n<\/div>\n\n<div class=\"et_pb_section_4 et_pb_section et_section_regular et_block_section z-index-0\">\n<div class=\"et_pb_row_3 et_pb_row et_pb_equal_columns et_block_row\">\n<div class=\"et_pb_column_7 et_pb_column et_pb_column_1_2 et_block_column et_pb_css_mix_blend_mode_passthrough\">\n<div class=\"et_pb_heading_3 et_pb_heading et_pb_module et_block_module preset--module--divi-heading--f5eead34-ecd1-47b6-b936-72bf5a4138f6\"><div class=\"et_pb_heading_container\"><h2 class=\"et_pb_module_header\">Arrangementer og tilbud p\u00e5 Hotel des Nordens<\/h2><\/div><\/div>\n\n<div class=\"et_pb_text_4 et_pb_text et_pb_bg_layout_light et_pb_module et_block_module preset--module--divi-text--2d186a9d-0022-4931-bb60-8056d0118c7b\"><div class=\"et_pb_text_inner\"><p>P\u00e5 Hotel des Nordens venter dig et varieret program af arrangementer i Flensborg. Fra kulinariske h\u00f8jdepunkter til s\u00e6sonbetonede events: Vores hotel inviterer b\u00e5de g\u00e6ster og bes\u00f8gende til at nyde og opleve s\u00e6rlige \u00f8jeblikke \u2013 altid i hotellets stilfulde omgivelser.<\/p>\n<\/div><\/div>\n\n<div class=\"et_pb_module et_pb_button_module_wrapper et_pb_button_0_wrapper preset--module--divi-button--default_wrapper\"><a class=\"et_pb_button_0 et_pb_button et_pb_bg_layout_dark et_pb_module et_block_module preset--module--divi-button--default\" href=\"https:\/\/hotel-des-nordens.com\/da\/tilbud\/\">Aktuelle tilbud<\/a><\/div>\n<\/div>\n\n<div class=\"et_pb_column_8 et_pb_column et_pb_column_1_2 et-last-child et_block_column et_pb_css_mix_blend_mode_passthrough preset--module--divi-column--8o62c6h4e7\">\n<div class=\"et_pb_image_2 et_pb_image et_pb_image_sticky_tablet et_pb_module et_block_module\"><span class=\"et_pb_image_wrap\"><img loading=\"lazy\" decoding=\"async\" src=\"https:\/\/hotel-des-nordens.com\/wp-content\/uploads\/2025\/09\/events-hotel-image.jpg\" alt=\"Begivenheder p\u00e5 Hotel des Nordens\" width=\"800\" height=\"620\" srcset=\"https:\/\/hotel-des-nordens.com\/wp-content\/uploads\/2025\/09\/events-hotel-image-800x551.jpg 800w, https:\/\/hotel-des-nordens.com\/wp-content\/uploads\/2025\/09\/events-hotel-image-480x270.jpg 480w\" sizes=\"(min-width: 0px) and (max-width: 480px) 480px, (min-width: 481px) and (max-width: 800px) 800px, 100vw\" class=\"wp-image-4548\" \/><\/span><\/div>\n<\/div>\n<\/div>\n<\/div>","protected":false},"excerpt":{"rendered":"","protected":false},"author":5,"featured_media":6931,"parent":0,"menu_order":0,"comment_status":"closed","ping_status":"closed","template":"","meta":{"inline_featured_image":false,"footnotes":""},"class_list":["post-5599","page","type-page","status-publish","has-post-thumbnail","hentry"],"yoast_head":"<!-- This site is optimized with the Yoast SEO plugin v27.6 - https:\/\/yoast.com\/product\/yoast-seo-wordpress\/ -->\n<title>Det perfekte hotel i Flensborg til dig | Hotel des Nordens<\/title>\n<meta name=\"description\" content=\"Oplev Hotel des Nordens n\u00e5r du skal overnatte i Flensborg. Hotellet, der ligger ved gr\u00e6nsen til Danmark, inviterer dig til at bes\u00f8ge Flensborg.\" \/>\n<meta name=\"robots\" content=\"index, follow, max-snippet:-1, max-image-preview:large, max-video-preview:-1\" \/>\n<link rel=\"canonical\" href=\"https:\/\/hotel-des-nordens.com\/da\/hotel\/\" \/>\n<meta property=\"og:locale\" content=\"da_DK\" \/>\n<meta property=\"og:type\" content=\"article\" \/>\n<meta property=\"og:title\" content=\"Det perfekte hotel i Flensborg til dig | Hotel des Nordens\" \/>\n<meta property=\"og:description\" content=\"Oplev Hotel des Nordens n\u00e5r du skal overnatte i Flensborg. Hotellet, der ligger ved gr\u00e6nsen til Danmark, inviterer dig til at bes\u00f8ge Flensborg.\" \/>\n<meta property=\"og:url\" content=\"https:\/\/hotel-des-nordens.com\/da\/hotel\/\" \/>\n<meta property=\"og:site_name\" content=\"Hotel des Nordens\" \/>\n<meta property=\"article:publisher\" content=\"https:\/\/www.facebook.com\/HotelDesNordens\/\" \/>\n<meta property=\"article:modified_time\" content=\"2026-04-23T07:56:23+00:00\" \/>\n<meta property=\"og:image\" content=\"https:\/\/hotel-des-nordens.com\/wp-content\/uploads\/2026\/03\/Hoteleingang.webp\" \/>\n\t<meta property=\"og:image:width\" content=\"960\" \/>\n\t<meta property=\"og:image:height\" content=\"776\" \/>\n\t<meta property=\"og:image:type\" content=\"image\/webp\" \/>\n<meta name=\"twitter:card\" content=\"summary_large_image\" \/>\n<script type=\"application\/ld+json\" class=\"yoast-schema-graph\">{\"@context\":\"https:\\\/\\\/schema.org\",\"@graph\":[{\"@type\":\"WebPage\",\"@id\":\"https:\\\/\\\/hotel-des-nordens.com\\\/da\\\/hotel\\\/\",\"url\":\"https:\\\/\\\/hotel-des-nordens.com\\\/da\\\/hotel\\\/\",\"name\":\"Det perfekte hotel i Flensborg til dig | Hotel des Nordens\",\"isPartOf\":{\"@id\":\"https:\\\/\\\/hotel-des-nordens.com\\\/da\\\/#website\"},\"primaryImageOfPage\":{\"@id\":\"https:\\\/\\\/hotel-des-nordens.com\\\/da\\\/hotel\\\/#primaryimage\"},\"image\":{\"@id\":\"https:\\\/\\\/hotel-des-nordens.com\\\/da\\\/hotel\\\/#primaryimage\"},\"thumbnailUrl\":\"https:\\\/\\\/hotel-des-nordens.com\\\/wp-content\\\/uploads\\\/2026\\\/03\\\/Hoteleingang.webp\",\"datePublished\":\"2025-08-01T13:22:50+00:00\",\"dateModified\":\"2026-04-23T07:56:23+00:00\",\"description\":\"Oplev Hotel des Nordens n\u00e5r du skal overnatte i Flensborg. Hotellet, der ligger ved gr\u00e6nsen til Danmark, inviterer dig til at bes\u00f8ge Flensborg.\",\"breadcrumb\":{\"@id\":\"https:\\\/\\\/hotel-des-nordens.com\\\/da\\\/hotel\\\/#breadcrumb\"},\"inLanguage\":\"da-DK\",\"potentialAction\":[{\"@type\":\"ReadAction\",\"target\":[\"https:\\\/\\\/hotel-des-nordens.com\\\/da\\\/hotel\\\/\"]}]},{\"@type\":\"ImageObject\",\"inLanguage\":\"da-DK\",\"@id\":\"https:\\\/\\\/hotel-des-nordens.com\\\/da\\\/hotel\\\/#primaryimage\",\"url\":\"https:\\\/\\\/hotel-des-nordens.com\\\/wp-content\\\/uploads\\\/2026\\\/03\\\/Hoteleingang.webp\",\"contentUrl\":\"https:\\\/\\\/hotel-des-nordens.com\\\/wp-content\\\/uploads\\\/2026\\\/03\\\/Hoteleingang.webp\",\"width\":960,\"height\":776,\"caption\":\"Udsigt fra ydersiden af Hotel des Nordens med overd\u00e6kket indgang og det tyske, danske, svenske og norske flag p\u00e5 taget.\"},{\"@type\":\"BreadcrumbList\",\"@id\":\"https:\\\/\\\/hotel-des-nordens.com\\\/da\\\/hotel\\\/#breadcrumb\",\"itemListElement\":[{\"@type\":\"ListItem\",\"position\":1,\"name\":\"Home\",\"item\":\"https:\\\/\\\/hotel-des-nordens.com\\\/da\\\/\"},{\"@type\":\"ListItem\",\"position\":2,\"name\":\"Hotel\"}]},{\"@type\":\"WebSite\",\"@id\":\"https:\\\/\\\/hotel-des-nordens.com\\\/da\\\/#website\",\"url\":\"https:\\\/\\\/hotel-des-nordens.com\\\/da\\\/\",\"name\":\"Hotel des Nordens\",\"description\":\"\",\"publisher\":{\"@id\":\"https:\\\/\\\/hotel-des-nordens.com\\\/da\\\/#organization\"},\"potentialAction\":[{\"@type\":\"SearchAction\",\"target\":{\"@type\":\"EntryPoint\",\"urlTemplate\":\"https:\\\/\\\/hotel-des-nordens.com\\\/da\\\/?s={search_term_string}\"},\"query-input\":{\"@type\":\"PropertyValueSpecification\",\"valueRequired\":true,\"valueName\":\"search_term_string\"}}],\"inLanguage\":\"da-DK\"},{\"@type\":\"Organization\",\"@id\":\"https:\\\/\\\/hotel-des-nordens.com\\\/da\\\/#organization\",\"name\":\"Hotel des Nordens\",\"url\":\"https:\\\/\\\/hotel-des-nordens.com\\\/da\\\/\",\"logo\":{\"@type\":\"ImageObject\",\"inLanguage\":\"da-DK\",\"@id\":\"https:\\\/\\\/hotel-des-nordens.com\\\/da\\\/#\\\/schema\\\/logo\\\/image\\\/\",\"url\":\"https:\\\/\\\/hotel-des-nordens.com\\\/wp-content\\\/uploads\\\/2025\\\/09\\\/cropped-hotel-des-nordens-icon.png\",\"contentUrl\":\"https:\\\/\\\/hotel-des-nordens.com\\\/wp-content\\\/uploads\\\/2025\\\/09\\\/cropped-hotel-des-nordens-icon.png\",\"width\":512,\"height\":512,\"caption\":\"Hotel des Nordens\"},\"image\":{\"@id\":\"https:\\\/\\\/hotel-des-nordens.com\\\/da\\\/#\\\/schema\\\/logo\\\/image\\\/\"},\"sameAs\":[\"https:\\\/\\\/www.facebook.com\\\/HotelDesNordens\\\/\",\"https:\\\/\\\/www.instagram.com\\\/hoteldesnordens\\\/\"]}]}<\/script>\n<!-- \/ Yoast SEO plugin. -->","yoast_head_json":{"title":"Det perfekte hotel i Flensborg til dig | Hotel des Nordens","description":"Oplev Hotel des Nordens n\u00e5r du skal overnatte i Flensborg. Hotellet, der ligger ved gr\u00e6nsen til Danmark, inviterer dig til at bes\u00f8ge Flensborg.","robots":{"index":"index","follow":"follow","max-snippet":"max-snippet:-1","max-image-preview":"max-image-preview:large","max-video-preview":"max-video-preview:-1"},"canonical":"https:\/\/hotel-des-nordens.com\/da\/hotel\/","og_locale":"da_DK","og_type":"article","og_title":"Det perfekte hotel i Flensborg til dig | Hotel des Nordens","og_description":"Oplev Hotel des Nordens n\u00e5r du skal overnatte i Flensborg. Hotellet, der ligger ved gr\u00e6nsen til Danmark, inviterer dig til at bes\u00f8ge Flensborg.","og_url":"https:\/\/hotel-des-nordens.com\/da\/hotel\/","og_site_name":"Hotel des Nordens","article_publisher":"https:\/\/www.facebook.com\/HotelDesNordens\/","article_modified_time":"2026-04-23T07:56:23+00:00","og_image":[{"width":960,"height":776,"url":"https:\/\/hotel-des-nordens.com\/wp-content\/uploads\/2026\/03\/Hoteleingang.webp","type":"image\/webp"}],"twitter_card":"summary_large_image","schema":{"@context":"https:\/\/schema.org","@graph":[{"@type":"WebPage","@id":"https:\/\/hotel-des-nordens.com\/da\/hotel\/","url":"https:\/\/hotel-des-nordens.com\/da\/hotel\/","name":"Det perfekte hotel i Flensborg til dig | Hotel des Nordens","isPartOf":{"@id":"https:\/\/hotel-des-nordens.com\/da\/#website"},"primaryImageOfPage":{"@id":"https:\/\/hotel-des-nordens.com\/da\/hotel\/#primaryimage"},"image":{"@id":"https:\/\/hotel-des-nordens.com\/da\/hotel\/#primaryimage"},"thumbnailUrl":"https:\/\/hotel-des-nordens.com\/wp-content\/uploads\/2026\/03\/Hoteleingang.webp","datePublished":"2025-08-01T13:22:50+00:00","dateModified":"2026-04-23T07:56:23+00:00","description":"Oplev Hotel des Nordens n\u00e5r du skal overnatte i Flensborg. Hotellet, der ligger ved gr\u00e6nsen til Danmark, inviterer dig til at bes\u00f8ge Flensborg.","breadcrumb":{"@id":"https:\/\/hotel-des-nordens.com\/da\/hotel\/#breadcrumb"},"inLanguage":"da-DK","potentialAction":[{"@type":"ReadAction","target":["https:\/\/hotel-des-nordens.com\/da\/hotel\/"]}]},{"@type":"ImageObject","inLanguage":"da-DK","@id":"https:\/\/hotel-des-nordens.com\/da\/hotel\/#primaryimage","url":"https:\/\/hotel-des-nordens.com\/wp-content\/uploads\/2026\/03\/Hoteleingang.webp","contentUrl":"https:\/\/hotel-des-nordens.com\/wp-content\/uploads\/2026\/03\/Hoteleingang.webp","width":960,"height":776,"caption":"Udsigt fra ydersiden af Hotel des Nordens med overd\u00e6kket indgang og det tyske, danske, svenske og norske flag p\u00e5 taget."},{"@type":"BreadcrumbList","@id":"https:\/\/hotel-des-nordens.com\/da\/hotel\/#breadcrumb","itemListElement":[{"@type":"ListItem","position":1,"name":"Home","item":"https:\/\/hotel-des-nordens.com\/da\/"},{"@type":"ListItem","position":2,"name":"Hotel"}]},{"@type":"WebSite","@id":"https:\/\/hotel-des-nordens.com\/da\/#website","url":"https:\/\/hotel-des-nordens.com\/da\/","name":"Hotel des Nordens","description":"","publisher":{"@id":"https:\/\/hotel-des-nordens.com\/da\/#organization"},"potentialAction":[{"@type":"SearchAction","target":{"@type":"EntryPoint","urlTemplate":"https:\/\/hotel-des-nordens.com\/da\/?s={search_term_string}"},"query-input":{"@type":"PropertyValueSpecification","valueRequired":true,"valueName":"search_term_string"}}],"inLanguage":"da-DK"},{"@type":"Organization","@id":"https:\/\/hotel-des-nordens.com\/da\/#organization","name":"Hotel des Nordens","url":"https:\/\/hotel-des-nordens.com\/da\/","logo":{"@type":"ImageObject","inLanguage":"da-DK","@id":"https:\/\/hotel-des-nordens.com\/da\/#\/schema\/logo\/image\/","url":"https:\/\/hotel-des-nordens.com\/wp-content\/uploads\/2025\/09\/cropped-hotel-des-nordens-icon.png","contentUrl":"https:\/\/hotel-des-nordens.com\/wp-content\/uploads\/2025\/09\/cropped-hotel-des-nordens-icon.png","width":512,"height":512,"caption":"Hotel des Nordens"},"image":{"@id":"https:\/\/hotel-des-nordens.com\/da\/#\/schema\/logo\/image\/"},"sameAs":["https:\/\/www.facebook.com\/HotelDesNordens\/","https:\/\/www.instagram.com\/hoteldesnordens\/"]}]}},"jetpack_sharing_enabled":true,"_links":{"self":[{"href":"https:\/\/hotel-des-nordens.com\/da\/wp-json\/wp\/v2\/pages\/5599","targetHints":{"allow":["GET"]}}],"collection":[{"href":"https:\/\/hotel-des-nordens.com\/da\/wp-json\/wp\/v2\/pages"}],"about":[{"href":"https:\/\/hotel-des-nordens.com\/da\/wp-json\/wp\/v2\/types\/page"}],"author":[{"embeddable":true,"href":"https:\/\/hotel-des-nordens.com\/da\/wp-json\/wp\/v2\/users\/5"}],"replies":[{"embeddable":true,"href":"https:\/\/hotel-des-nordens.com\/da\/wp-json\/wp\/v2\/comments?post=5599"}],"version-history":[{"count":5,"href":"https:\/\/hotel-des-nordens.com\/da\/wp-json\/wp\/v2\/pages\/5599\/revisions"}],"predecessor-version":[{"id":9193,"href":"https:\/\/hotel-des-nordens.com\/da\/wp-json\/wp\/v2\/pages\/5599\/revisions\/9193"}],"wp:featuredmedia":[{"embeddable":true,"href":"https:\/\/hotel-des-nordens.com\/da\/wp-json\/wp\/v2\/media\/6931"}],"wp:attachment":[{"href":"https:\/\/hotel-des-nordens.com\/da\/wp-json\/wp\/v2\/media?parent=5599"}],"curies":[{"name":"wp","href":"https:\/\/api.w.org\/{rel}","templated":true}]}}