{"id":5589,"date":"2025-08-12T17:50:44","date_gmt":"2025-08-12T17:50:44","guid":{"rendered":"https:\/\/p-ul7el4.project.space\/job\/"},"modified":"2026-05-13T06:54:23","modified_gmt":"2026-05-13T06:54:23","slug":"job","status":"publish","type":"page","link":"https:\/\/hotel-des-nordens.com\/da\/job\/","title":{"rendered":"Job"},"content":{"rendered":"\r\n\r\n<div class=\"et_pb_section_0 et_pb_section et_section_specialty et_pb_equal_columns et_pb_gutters3 et_block_section et_pb_section_parallax preset--module--divi-specialty-section--default\"><span class=\"et-pb-parallax-wrapper\"><span class=\"et-pb-parallax-background et-pb-parallax-background-module--divi-section-0\" style=\"background-image:url(https:\/\/hotel-des-nordens.com\/wp-content\/uploads\/2025\/09\/jobs-header-image-scaled.jpg)\"><\/span><\/span><div class=\"et_pb_row et_block_row\">\r\n\r\n<div class=\"et_pb_column_0 et_pb_column et_pb_column_single et_pb_column_1_2 et_block_column et_pb_css_mix_blend_mode_passthrough\">\r\n\r\n<div class=\"et_pb_code_0 et_pb_code et_pb_module\"><\/div><\/div>\r\n\r\n<div class=\"et_pb_column_1 et_pb_column et_pb_specialty_column et_pb_column_1_2 et-last-child et_block_column et_pb_column_empty et_pb_css_mix_blend_mode_passthrough\"><\/div><\/div><\/div>\r\n\r\n<div class=\"et_pb_section_1 et_pb_section et_section_regular et_block_section preset--module--divi-section--c76e071d-b3e5-447a-8aa9-3df7f257a5af\">\r\n\r\n<div class=\"et_pb_row_0 et_pb_row et_block_row\">\r\n\r\n<div class=\"et_pb_column_2 et_pb_column et_pb_column_4_4 et-last-child et_block_column et_pb_css_mix_blend_mode_passthrough\">\r\n\r\n<div class=\"et_pb_text_0 et_pb_text et_pb_bg_layout_light et_pb_module et_block_module et_pb_text_align_center preset--module--divi-text--17aa47f9-1791-4ef5-8c6e-2067ce530fd2\"><div class=\"et_pb_text_inner\"><p><span data-metadata=\"&lt;!--(figmeta)eyJmaWxlS2V5IjoiZDc3dzc4bE1rVEE4eXdtaG4zVmI5bSIsInBhc3RlSUQiOjExMzIyMjM4MDIsImRhdGFUeXBlIjoic2NlbmUifQo=(\/figmeta)--&gt;\"><\/span>Bliv en del af vores hygge-team<\/p>\n<\/div><\/div>\r\n\r\n<div class=\"et_pb_heading_0 et_pb_heading et_pb_module et_block_module preset--module--divi-heading--07c807f5-30a2-466c-bd49-e9a777215f15\"><div class=\"et_pb_heading_container\"><h1 class=\"et_pb_module_header\">Find det rette job p\u00e5 Hotel des Nordens<\/h1><\/div><\/div>\r\n\r\n<div class=\"et_pb_text_1 et_pb_text et_pb_bg_layout_light et_pb_module et_block_module et_pb_text_align_center preset--module--divi-text--a1bebcce-26b7-401b-bde8-72bfa10e960b\"><div class=\"et_pb_text_inner\"><p>Leder du efter job p\u00e5 Hotel des Nordens? Oplev sp\u00e6ndende muligheder i vores team og find den jobannonce og stilling, der passer perfekt til dig. Vores jobtilbud p\u00e5 Hotel des Nordens sp\u00e6nder fra service- og k\u00f8kkenstillinger til reception og ledelse. Oplev, hvor alsidigt og givende det kan v\u00e6re at arbejde p\u00e5 Hotel des Nordens \u2013 ans\u00f8g nu og bliv en del af vores succeshistorie!   <\/p>\n<\/div><\/div>\r\n\r\n<div class=\"et_pb_icon_0 et_pb_icon et_pb_module et_block_module preset--module--divi-icon--a1264cde-02c4-43b0-9644-2c0ea0ae1cfb\"><span class=\"et_pb_icon_wrap\"><span class=\"et-pb-icon\">7<\/span><\/span><\/div><\/div><\/div><\/div>\r\n\r\n<div class=\"et_pb_section_2 et_pb_section et_section_regular et_block_section\">\r\n\r\n<div class=\"et_pb_row_1 et_pb_row et_pb_equal_columns et_block_row orderWrapper\">\r\n\r\n<div class=\"et_pb_column_3 et_pb_column et_pb_column_1_2 et_block_column et_pb_css_mix_blend_mode_passthrough tabletSecond\">\r\n\r\n<div class=\"et_pb_image_0 et_pb_image et_pb_image_sticky_tablet et_pb_module et_block_module preset--module--divi-image--f4c36f21-314c-43ce-b01c-e0dff776509a\"><span class=\"et_pb_image_wrap\"><img loading=\"lazy\" decoding=\"async\" src=\"https:\/\/hotel-des-nordens.com\/wp-content\/uploads\/2025\/09\/aktuelle-jobs-image.jpg\" alt=\"Lobby med planter og sofaer\" width=\"800\" height=\"620\" srcset=\"https:\/\/hotel-des-nordens.com\/wp-content\/uploads\/2025\/09\/aktuelle-jobs-image-800x551.jpg 800w, https:\/\/hotel-des-nordens.com\/wp-content\/uploads\/2025\/09\/aktuelle-jobs-image-480x270.jpg 480w\" sizes=\"(min-width: 0px) and (max-width: 480px) 480px, (min-width: 481px) and (max-width: 800px) 800px, 100vw\" class=\"wp-image-4734\" \/><\/span><\/div><\/div>\r\n\r\n<div class=\"et_pb_column_4 et_pb_column et_pb_column_1_2 et-last-child et_block_column et_pb_css_mix_blend_mode_passthrough tabletFirst\">\r\n\r\n<div class=\"et_pb_heading_1 et_pb_heading et_pb_module et_block_module preset--module--divi-heading--f5eead34-ecd1-47b6-b936-72bf5a4138f6\"><div class=\"et_pb_heading_container\"><h2 class=\"et_pb_module_header\">Aktuelle jobtilbud p\u00e5 Hotel des Nordens<\/h2><\/div><\/div>\r\n\r\n<div class=\"et_pb_text_2 et_pb_text et_pb_bg_layout_light et_pb_module et_block_module preset--module--divi-text--2d186a9d-0022-4931-bb60-8056d0118c7b\"><div class=\"et_pb_text_inner\"><p>Opdag vores aktuelle jobtilbud p\u00e5 Hotel des Nordens og find den jobannonce og stilling p\u00e5 Hotel des Nordens, der passer perfekt til dig. Uanset om det er i service, i receptionen, i k\u00f8kkenet eller i ledelsen \u2013 sp\u00e6ndende opgaver og et motiveret team venter p\u00e5 dig. Ans\u00f8g nu og begynd din karriere p\u00e5 Hotel des Nordens.  <\/p>\n<\/div><\/div>\r\n\r\n<div class=\"et_pb_module et_pb_button_module_wrapper et_pb_button_0_wrapper preset--module--divi-button--default_wrapper\"><a class=\"et_pb_button_0 et_pb_button et_pb_bg_layout_dark et_pb_module et_block_module preset--module--divi-button--default\" href=\"https:\/\/your.career.hrg-hotels.com\/stellenangebote.html\" target=\"_blank\">Opdag jobs nu<\/a><\/div><\/div><\/div><\/div>\r\n\r\n<div class=\"et_pb_section_3 et_pb_section et_section_regular et_block_section z-index-0\">\r\n\r\n<div class=\"et_pb_row_2 et_pb_row et_pb_equal_columns et_block_row\">\r\n\r\n<div class=\"et_pb_column_5 et_pb_column et_pb_column_1_2 et_block_column et_pb_css_mix_blend_mode_passthrough\">\r\n\r\n<div class=\"et_pb_heading_2 et_pb_heading et_pb_module et_block_module preset--module--divi-heading--f5eead34-ecd1-47b6-b936-72bf5a4138f6\"><div class=\"et_pb_heading_container\"><h2 class=\"et_pb_module_header\">At arbejde p\u00e5 Hotel des Nordens<\/h2><\/div><\/div>\r\n\r\n<div class=\"et_pb_text_3 et_pb_text et_pb_bg_layout_light et_pb_module et_block_module preset--module--divi-text--2d186a9d-0022-4931-bb60-8056d0118c7b\"><div class=\"et_pb_text_inner\"><p>Oplev, hvor givende og inspirerende det kan v\u00e6re at arbejde p\u00e5 Hotel des Nordens. Her m\u00f8des team\u00e5nd, g\u00e6stfrihed og professionalisme i en varm og famili\u00e6r atmosf\u00e6re. Uanset om du er i direkte kontakt med g\u00e6sterne eller arbejder bag kulisserne \u2013 alle bidrager til at skabe uforglemmelige \u00f8jeblikke for vores g\u00e6ster. Bliv en del af et motiveret team, der arbejder sammen med passion og gl\u00e6de mod et f\u00e6lles m\u00e5l.   <\/p>\n<\/div><\/div><\/div>\r\n\r\n<div class=\"et_pb_column_6 et_pb_column et_pb_column_1_2 et-last-child et_block_column et_pb_css_mix_blend_mode_passthrough preset--module--divi-column--8o62c6h4e7\">\r\n\r\n<div class=\"et_pb_image_1 et_pb_image et_pb_image_sticky_tablet et_pb_module et_block_module\"><span class=\"et_pb_image_wrap\"><img loading=\"lazy\" decoding=\"async\" src=\"https:\/\/hotel-des-nordens.com\/wp-content\/uploads\/2025\/09\/haltung-image.jpg\" alt=\"Leende kvinde med blomst\" width=\"801\" height=\"620\" srcset=\"https:\/\/hotel-des-nordens.com\/wp-content\/uploads\/2025\/09\/haltung-image-801x551.jpg 801w, https:\/\/hotel-des-nordens.com\/wp-content\/uploads\/2025\/09\/haltung-image-480x270.jpg 480w\" sizes=\"(min-width: 0px) and (max-width: 480px) 480px, (min-width: 481px) and (max-width: 801px) 801px, 100vw\" class=\"wp-image-4736\" \/><\/span><\/div><\/div><\/div><\/div>\r\n\r\n<div class=\"et_pb_section_4 et_pb_section et_section_regular et_block_section\">\r\n\r\n<div class=\"et_pb_row_3 et_pb_row et_pb_equal_columns et_block_row orderWrapper\">\r\n\r\n<div class=\"et_pb_column_7 et_pb_column et_pb_column_1_2 et_block_column et_pb_css_mix_blend_mode_passthrough tabletSecond\">\r\n\r\n<div class=\"et_pb_image_2 et_pb_image et_pb_image_sticky_tablet et_pb_module et_block_module zoom-inset preset--module--divi-image--f4c36f21-314c-43ce-b01c-e0dff776509a\"><span class=\"et_pb_image_wrap\"><img loading=\"lazy\" decoding=\"async\" src=\"https:\/\/hotel-des-nordens.com\/wp-content\/uploads\/2025\/09\/karriere-image.jpg\" width=\"800\" height=\"620\" srcset=\"https:\/\/hotel-des-nordens.com\/wp-content\/uploads\/2025\/09\/karriere-image-800x551.jpg 800w, https:\/\/hotel-des-nordens.com\/wp-content\/uploads\/2025\/09\/karriere-image-480x270.jpg 480w\" sizes=\"(min-width: 0px) and (max-width: 480px) 480px, (min-width: 481px) and (max-width: 800px) 800px, 100vw\" class=\"wp-image-4742\" alt=\"Start din karriere\" \/><\/span><\/div><\/div>\r\n\r\n<div class=\"et_pb_column_8 et_pb_column et_pb_column_1_2 et-last-child et_block_column et_pb_css_mix_blend_mode_passthrough tabletFirst\">\r\n\r\n<div class=\"et_pb_heading_3 et_pb_heading et_pb_module et_block_module preset--module--divi-heading--f5eead34-ecd1-47b6-b936-72bf5a4138f6\"><div class=\"et_pb_heading_container\"><h2 class=\"et_pb_module_header\">Uopfordret ans\u00f8gning til Hotel des Nordens<\/h2><\/div><\/div>\r\n\r\n<div class=\"et_pb_text_4 et_pb_text et_pb_bg_layout_light et_pb_module et_block_module preset--module--divi-text--2d186a9d-0022-4931-bb60-8056d0118c7b\"><div class=\"et_pb_text_inner\"><p>Har du lyst til at blive en del af vores team, men har ikke fundet en ledig stilling, der passer til dig? Intet problem \u2013 vi h\u00f8rer altid gerne fra engagerede og passionerede mennesker! Send os blot din uopfordrede ans\u00f8gning og fort\u00e6l os, hvorfor du er det perfekte match til Hotel des Nordens. Uanset om det er i service, i k\u00f8kkenet, i receptionen eller et andet omr\u00e5de \u2013 m\u00e5ske er det netop nu, vi skal starte rejsen sammen.   <\/p>\n<\/div><\/div><\/div><\/div><\/div>\r\n\r\n<div class=\"et_pb_section_5 et_pb_section et_section_specialty et_pb_equal_columns et_pb_gutters3 et_block_section preset--module--divi-specialty-section--default\"><div class=\"et_pb_row et_block_row\">\r\n\r\n<div class=\"et_pb_column_9 et_pb_column et_pb_column_single et_pb_column_1_2 et_block_column et_pb_column_empty et_pb_css_mix_blend_mode_passthrough\"><\/div>\r\n\r\n<div class=\"et_pb_column_10 et_pb_column et_pb_specialty_column et_pb_column_1_2 et-last-child et_block_column et_pb_css_mix_blend_mode_passthrough\">\r\n\r\n<div class=\"et_pb_row_inner_0 et_pb_row_inner et_block_row\">\r\n\r\n<div class=\"et_pb_column_inner_0 et_pb_column_inner et_pb_column et_pb_column_4_4 et-last-child et_block_column et_pb_css_mix_blend_mode_passthrough\">\r\n\r\n<div class=\"et_pb_text_5 et_pb_text et_pb_bg_layout_light et_pb_module et_block_module preset--module--divi-text--17aa47f9-1791-4ef5-8c6e-2067ce530fd2\"><div class=\"et_pb_text_inner\"><p>Kontakt<\/p>\n<\/div><\/div>\r\n\r\n<div class=\"et_pb_heading_4 et_pb_heading et_pb_module et_block_module preset--module--divi-heading--f5eead34-ecd1-47b6-b936-72bf5a4138f6\"><div class=\"et_pb_heading_container\"><h2 class=\"et_pb_module_header\">Klar til dit n\u00e6ste karriereskridt?<\/h2><\/div><\/div>\r\n\r\n<div class=\"et_pb_text_6 et_pb_text et_pb_bg_layout_light et_pb_module et_block_module preset--module--divi-text--2d186a9d-0022-4931-bb60-8056d0118c7b\"><div class=\"et_pb_text_inner\"><p>Bliv en del af vores team og ans\u00f8g i dag.<\/p>\n<\/div><\/div>\r\n\r\n<div class=\"et_pb_heading_5 et_pb_heading et_pb_module et_block_module preset--module--divi-heading--871dfbd5-9f52-4426-b058-08b36ee86f9a\"><div class=\"et_pb_heading_container\"><h3 class=\"et_pb_module_header\">Yvonne Claussen<\/h3><\/div><\/div>\r\n\r\n<div class=\"et_pb_text_7 et_pb_text et_pb_bg_layout_light et_pb_module et_block_module preset--module--divi-text--2d186a9d-0022-4931-bb60-8056d0118c7b\"><div class=\"et_pb_text_inner\"><p>24955 Harrislee<br \/>Alte Zollstrasse 44<\/p>\n<\/div><\/div>\r\n\r\n<div class=\"et_pb_module et_pb_button_module_wrapper et_pb_button_1_wrapper preset--module--divi-button--default_wrapper\"><a class=\"et_pb_button_1 et_pb_button et_pb_bg_layout_dark et_pb_module et_block_module preset--module--divi-button--default\" href=\"mailto:fle02-re@hotel-des-nordens.com?subject=Bewerbung\">Ans\u00f8g nu<\/a><\/div><\/div><\/div><\/div><\/div><\/div>","protected":false},"excerpt":{"rendered":"","protected":false},"author":9,"featured_media":0,"parent":0,"menu_order":0,"comment_status":"closed","ping_status":"closed","template":"","meta":{"inline_featured_image":false,"footnotes":""},"class_list":["post-5589","page","type-page","status-publish","hentry"],"yoast_head":"<!-- This site is optimized with the Yoast SEO plugin v27.6 - https:\/\/yoast.com\/product\/yoast-seo-wordpress\/ -->\n<title>Job ~ Hotel des Nordens<\/title>\n<meta name=\"description\" content=\"Ans\u00f8g nu: Ledige stillinger p\u00e5 Hotel des Nordens i Flensborg. Bliv en del af vores team og v\u00e6r med til at forme g\u00e6stfriheden.\" \/>\n<meta name=\"robots\" content=\"index, follow, max-snippet:-1, max-image-preview:large, max-video-preview:-1\" \/>\n<link rel=\"canonical\" href=\"https:\/\/hotel-des-nordens.com\/da\/job\/\" \/>\n<meta property=\"og:locale\" content=\"da_DK\" \/>\n<meta property=\"og:type\" content=\"article\" \/>\n<meta property=\"og:title\" content=\"Job ~ Hotel des Nordens\" \/>\n<meta property=\"og:description\" content=\"Ans\u00f8g nu: Ledige stillinger p\u00e5 Hotel des Nordens i Flensborg. Bliv en del af vores team og v\u00e6r med til at forme g\u00e6stfriheden.\" \/>\n<meta property=\"og:url\" content=\"https:\/\/hotel-des-nordens.com\/da\/job\/\" \/>\n<meta property=\"og:site_name\" content=\"Hotel des Nordens\" \/>\n<meta property=\"article:publisher\" content=\"https:\/\/www.facebook.com\/HotelDesNordens\/\" \/>\n<meta property=\"article:modified_time\" content=\"2026-05-13T06:54:23+00:00\" \/>\n<meta name=\"twitter:card\" content=\"summary_large_image\" \/>\n<script type=\"application\/ld+json\" class=\"yoast-schema-graph\">{\"@context\":\"https:\\\/\\\/schema.org\",\"@graph\":[{\"@type\":\"WebPage\",\"@id\":\"https:\\\/\\\/hotel-des-nordens.com\\\/da\\\/job\\\/\",\"url\":\"https:\\\/\\\/hotel-des-nordens.com\\\/da\\\/job\\\/\",\"name\":\"Job ~ Hotel des Nordens\",\"isPartOf\":{\"@id\":\"https:\\\/\\\/hotel-des-nordens.com\\\/da\\\/#website\"},\"datePublished\":\"2025-08-12T17:50:44+00:00\",\"dateModified\":\"2026-05-13T06:54:23+00:00\",\"description\":\"Ans\u00f8g nu: Ledige stillinger p\u00e5 Hotel des Nordens i Flensborg. Bliv en del af vores team og v\u00e6r med til at forme g\u00e6stfriheden.\",\"breadcrumb\":{\"@id\":\"https:\\\/\\\/hotel-des-nordens.com\\\/da\\\/job\\\/#breadcrumb\"},\"inLanguage\":\"da-DK\",\"potentialAction\":[{\"@type\":\"ReadAction\",\"target\":[\"https:\\\/\\\/hotel-des-nordens.com\\\/da\\\/job\\\/\"]}]},{\"@type\":\"BreadcrumbList\",\"@id\":\"https:\\\/\\\/hotel-des-nordens.com\\\/da\\\/job\\\/#breadcrumb\",\"itemListElement\":[{\"@type\":\"ListItem\",\"position\":1,\"name\":\"Home\",\"item\":\"https:\\\/\\\/hotel-des-nordens.com\\\/da\\\/\"},{\"@type\":\"ListItem\",\"position\":2,\"name\":\"Job\"}]},{\"@type\":\"WebSite\",\"@id\":\"https:\\\/\\\/hotel-des-nordens.com\\\/da\\\/#website\",\"url\":\"https:\\\/\\\/hotel-des-nordens.com\\\/da\\\/\",\"name\":\"Hotel des Nordens\",\"description\":\"\",\"publisher\":{\"@id\":\"https:\\\/\\\/hotel-des-nordens.com\\\/da\\\/#organization\"},\"potentialAction\":[{\"@type\":\"SearchAction\",\"target\":{\"@type\":\"EntryPoint\",\"urlTemplate\":\"https:\\\/\\\/hotel-des-nordens.com\\\/da\\\/?s={search_term_string}\"},\"query-input\":{\"@type\":\"PropertyValueSpecification\",\"valueRequired\":true,\"valueName\":\"search_term_string\"}}],\"inLanguage\":\"da-DK\"},{\"@type\":\"Organization\",\"@id\":\"https:\\\/\\\/hotel-des-nordens.com\\\/da\\\/#organization\",\"name\":\"Hotel des Nordens\",\"url\":\"https:\\\/\\\/hotel-des-nordens.com\\\/da\\\/\",\"logo\":{\"@type\":\"ImageObject\",\"inLanguage\":\"da-DK\",\"@id\":\"https:\\\/\\\/hotel-des-nordens.com\\\/da\\\/#\\\/schema\\\/logo\\\/image\\\/\",\"url\":\"https:\\\/\\\/hotel-des-nordens.com\\\/wp-content\\\/uploads\\\/2025\\\/09\\\/cropped-hotel-des-nordens-icon.png\",\"contentUrl\":\"https:\\\/\\\/hotel-des-nordens.com\\\/wp-content\\\/uploads\\\/2025\\\/09\\\/cropped-hotel-des-nordens-icon.png\",\"width\":512,\"height\":512,\"caption\":\"Hotel des Nordens\"},\"image\":{\"@id\":\"https:\\\/\\\/hotel-des-nordens.com\\\/da\\\/#\\\/schema\\\/logo\\\/image\\\/\"},\"sameAs\":[\"https:\\\/\\\/www.facebook.com\\\/HotelDesNordens\\\/\",\"https:\\\/\\\/www.instagram.com\\\/hoteldesnordens\\\/\"]}]}<\/script>\n<!-- \/ Yoast SEO plugin. -->","yoast_head_json":{"title":"Job ~ Hotel des Nordens","description":"Ans\u00f8g nu: Ledige stillinger p\u00e5 Hotel des Nordens i Flensborg. Bliv en del af vores team og v\u00e6r med til at forme g\u00e6stfriheden.","robots":{"index":"index","follow":"follow","max-snippet":"max-snippet:-1","max-image-preview":"max-image-preview:large","max-video-preview":"max-video-preview:-1"},"canonical":"https:\/\/hotel-des-nordens.com\/da\/job\/","og_locale":"da_DK","og_type":"article","og_title":"Job ~ Hotel des Nordens","og_description":"Ans\u00f8g nu: Ledige stillinger p\u00e5 Hotel des Nordens i Flensborg. Bliv en del af vores team og v\u00e6r med til at forme g\u00e6stfriheden.","og_url":"https:\/\/hotel-des-nordens.com\/da\/job\/","og_site_name":"Hotel des Nordens","article_publisher":"https:\/\/www.facebook.com\/HotelDesNordens\/","article_modified_time":"2026-05-13T06:54:23+00:00","twitter_card":"summary_large_image","schema":{"@context":"https:\/\/schema.org","@graph":[{"@type":"WebPage","@id":"https:\/\/hotel-des-nordens.com\/da\/job\/","url":"https:\/\/hotel-des-nordens.com\/da\/job\/","name":"Job ~ Hotel des Nordens","isPartOf":{"@id":"https:\/\/hotel-des-nordens.com\/da\/#website"},"datePublished":"2025-08-12T17:50:44+00:00","dateModified":"2026-05-13T06:54:23+00:00","description":"Ans\u00f8g nu: Ledige stillinger p\u00e5 Hotel des Nordens i Flensborg. Bliv en del af vores team og v\u00e6r med til at forme g\u00e6stfriheden.","breadcrumb":{"@id":"https:\/\/hotel-des-nordens.com\/da\/job\/#breadcrumb"},"inLanguage":"da-DK","potentialAction":[{"@type":"ReadAction","target":["https:\/\/hotel-des-nordens.com\/da\/job\/"]}]},{"@type":"BreadcrumbList","@id":"https:\/\/hotel-des-nordens.com\/da\/job\/#breadcrumb","itemListElement":[{"@type":"ListItem","position":1,"name":"Home","item":"https:\/\/hotel-des-nordens.com\/da\/"},{"@type":"ListItem","position":2,"name":"Job"}]},{"@type":"WebSite","@id":"https:\/\/hotel-des-nordens.com\/da\/#website","url":"https:\/\/hotel-des-nordens.com\/da\/","name":"Hotel des Nordens","description":"","publisher":{"@id":"https:\/\/hotel-des-nordens.com\/da\/#organization"},"potentialAction":[{"@type":"SearchAction","target":{"@type":"EntryPoint","urlTemplate":"https:\/\/hotel-des-nordens.com\/da\/?s={search_term_string}"},"query-input":{"@type":"PropertyValueSpecification","valueRequired":true,"valueName":"search_term_string"}}],"inLanguage":"da-DK"},{"@type":"Organization","@id":"https:\/\/hotel-des-nordens.com\/da\/#organization","name":"Hotel des Nordens","url":"https:\/\/hotel-des-nordens.com\/da\/","logo":{"@type":"ImageObject","inLanguage":"da-DK","@id":"https:\/\/hotel-des-nordens.com\/da\/#\/schema\/logo\/image\/","url":"https:\/\/hotel-des-nordens.com\/wp-content\/uploads\/2025\/09\/cropped-hotel-des-nordens-icon.png","contentUrl":"https:\/\/hotel-des-nordens.com\/wp-content\/uploads\/2025\/09\/cropped-hotel-des-nordens-icon.png","width":512,"height":512,"caption":"Hotel des Nordens"},"image":{"@id":"https:\/\/hotel-des-nordens.com\/da\/#\/schema\/logo\/image\/"},"sameAs":["https:\/\/www.facebook.com\/HotelDesNordens\/","https:\/\/www.instagram.com\/hoteldesnordens\/"]}]}},"jetpack_sharing_enabled":true,"_links":{"self":[{"href":"https:\/\/hotel-des-nordens.com\/da\/wp-json\/wp\/v2\/pages\/5589","targetHints":{"allow":["GET"]}}],"collection":[{"href":"https:\/\/hotel-des-nordens.com\/da\/wp-json\/wp\/v2\/pages"}],"about":[{"href":"https:\/\/hotel-des-nordens.com\/da\/wp-json\/wp\/v2\/types\/page"}],"author":[{"embeddable":true,"href":"https:\/\/hotel-des-nordens.com\/da\/wp-json\/wp\/v2\/users\/9"}],"replies":[{"embeddable":true,"href":"https:\/\/hotel-des-nordens.com\/da\/wp-json\/wp\/v2\/comments?post=5589"}],"version-history":[{"count":5,"href":"https:\/\/hotel-des-nordens.com\/da\/wp-json\/wp\/v2\/pages\/5589\/revisions"}],"predecessor-version":[{"id":9836,"href":"https:\/\/hotel-des-nordens.com\/da\/wp-json\/wp\/v2\/pages\/5589\/revisions\/9836"}],"wp:attachment":[{"href":"https:\/\/hotel-des-nordens.com\/da\/wp-json\/wp\/v2\/media?parent=5589"}],"curies":[{"name":"wp","href":"https:\/\/api.w.org\/{rel}","templated":true}]}}