{"id":5447,"date":"2025-08-12T22:36:18","date_gmt":"2025-08-12T22:36:18","guid":{"rendered":"https:\/\/p-ul7el4.project.space\/?page_id=5447"},"modified":"2026-05-06T13:44:14","modified_gmt":"2026-05-06T13:44:14","slug":"juridisk","status":"publish","type":"page","link":"https:\/\/hotel-des-nordens.com\/da\/juridisk\/","title":{"rendered":"Juridisk"},"content":{"rendered":"\r\n\r\n<div class=\"et_pb_section_0 et_pb_section et_section_regular et_block_section\">\r\n\r\n<div class=\"et_pb_row_0 et_pb_row et_block_row\">\r\n\r\n<div class=\"et_pb_column_0 et_pb_column et_pb_column_4_4 et-last-child et_block_column et_pb_css_mix_blend_mode_passthrough\">\r\n\r\n<div class=\"et_pb_heading_0 et_pb_heading et_pb_module et_flex_module preset--module--divi-heading--6b1cdf70-b116-44f1-b170-07837637ffba\"><div class=\"et_pb_heading_container\"><h1 class=\"et_pb_module_header\">Juridisk<\/h1><\/div><\/div>\r\n\r\n<div class=\"et_pb_text_0 et_pb_text et_pb_bg_layout_light et_pb_module et_block_module et_pb_text_align_left-phone preset--module--divi-text--c3d91961-9451-496c-928a-baa38afa33d4\"><div class=\"et_pb_text_inner\"><h2>Kontakt<\/h2>\n<p><strong>Hotels by HR Sylt GmbH<\/strong><br \/>Hauptstra\u00dfe 66<br \/>12159 Berlin<\/p>\n<p><strong>Administrerende direkt\u00f8rer:<\/strong><br \/>Robert K. Kennedy, Jonathan Mills<\/p>\n<p><strong>Kontaktoplysninger:<\/strong><br \/>T <a href=\"tel:+4946518380\">+49 (0) 4651 8380<\/a><br \/>F <a href=\"tel:+494651838454\">+49 (0) 4651 838454<\/a><br \/>E <a href=\"mailto:info@sylt-strandhotel.de\">info@sylt-strandhotel.de<\/a><br \/>Web: <a href=\"https:\/\/www.sylt-strandhotel.de\" target=\"_blank\" rel=\"noopener\">www.sylt-strandhotel.de<\/a><\/p>\n<p><strong>Handelsregister:<\/strong><br \/>Handelsregister AG Berlin<br \/>HRB 258648 B<br \/>Sitz der Gesellschaft: Berlin<\/p>\n<p><strong>VAT-ID Nr.:<\/strong> DE418064850<\/p>\n<p><strong>Aktivitetsomr\u00e5de:<\/strong><br \/>Hotellerie, Hotelmanagement und Projektentwicklung<\/p>\n<p><strong>Obligatoriske oplysninger i henhold til Europa-Parlamentets og R\u00e5dets forordning (EU) nr. 524\/2013:<\/strong><br \/>Link til hjemmesiden for Europa-Kommissionens enhed for onlinetvistbil\u00e6ggelse i forbindelse med forbrugertvister:<br \/><a href=\"http:\/\/ec.europa.eu\/consumers\/odr\/\" target=\"_blank\" rel=\"noopener\">http:\/\/ec.europa.eu\/consumers\/odr\/<\/a><br \/>For indledende sp\u00f8rgsm\u00e5l om en mulig tvistl\u00f8sning, kontakt os venligst p\u00e5<br \/><a href=\"mailto:info@revo-h.com\">info@revo-h.com<\/a><\/p>\n<h3>Juridiske oplysninger<\/h3>\n<p>Vi kontrollerer og opdaterer regelm\u00e6ssigt oplysningerne p\u00e5 vores hjemmeside. Trods al omhu kan data \u00e6ndre sig \u2013 ogs\u00e5 med kort varsel. Derfor kan vi ikke p\u00e5tage os nogen garanti eller ansvar for aktualiteten, rigtigheden og fuldst\u00e6ndigheden af de leverede oplysninger.<\/p>\n<p>Vi vil derfor gerne udtrykkeligt g\u00f8re opm\u00e6rksom p\u00e5, at vi tager afstand fra indholdet og udformningen af andre hjemmesider, der er linket til vores.<\/p>\n<p>Internetsidernes indhold og design er beskyttet af ophavsret. Reproduktion af siderne eller deres indhold kr\u00e6ver forudg\u00e5ende skriftligt samtykke fra HRG Hotels GmbH, medmindre en s\u00e5dan reproduktion er tilladt i henhold til loven.<\/p>\n<h3>G\u00e6ldende lov<\/h3>\n<p>Denne juridiske information og alle sp\u00f8rgsm\u00e5l og tvister vedr\u00f8rende dette websted er underlagt lovgivningen i Forbundsrepublikken Tyskland.<\/p>\n<p>*HRG Hospitality B.V. &amp; Co. KG og dets datterselskaber og tilknyttede virksomheder er tilknyttede virksomheder til Revo Hospitality Group i overensstemmelse med \u00a7 15 AktG.<\/p>\n<\/div><\/div><\/div><\/div><\/div>","protected":false},"excerpt":{"rendered":"","protected":false},"author":9,"featured_media":0,"parent":0,"menu_order":0,"comment_status":"closed","ping_status":"closed","template":"","meta":{"inline_featured_image":false,"footnotes":""},"class_list":["post-5447","page","type-page","status-publish","hentry"],"yoast_head":"<!-- This site is optimized with the Yoast SEO plugin v27.6 - https:\/\/yoast.com\/product\/yoast-seo-wordpress\/ -->\n<title>Impressum &amp; Juridisk | Hotel des Nordens<\/title>\n<meta name=\"description\" content=\"Impressum med juridiske oplysninger om Hotel des Nordens i Flensborg.\" \/>\n<meta name=\"robots\" content=\"index, follow, max-snippet:-1, max-image-preview:large, max-video-preview:-1\" \/>\n<link rel=\"canonical\" href=\"https:\/\/hotel-des-nordens.com\/da\/juridisk\/\" \/>\n<meta property=\"og:locale\" content=\"da_DK\" \/>\n<meta property=\"og:type\" content=\"article\" \/>\n<meta property=\"og:title\" content=\"Impressum &amp; Juridisk | Hotel des Nordens\" \/>\n<meta property=\"og:description\" content=\"Impressum med juridiske oplysninger om Hotel des Nordens i Flensborg.\" \/>\n<meta property=\"og:url\" content=\"https:\/\/hotel-des-nordens.com\/da\/juridisk\/\" \/>\n<meta property=\"og:site_name\" content=\"Hotel des Nordens\" \/>\n<meta property=\"article:publisher\" content=\"https:\/\/www.facebook.com\/HotelDesNordens\/\" \/>\n<meta property=\"article:modified_time\" content=\"2026-05-06T13:44:14+00:00\" \/>\n<meta name=\"twitter:card\" content=\"summary_large_image\" \/>\n<script type=\"application\/ld+json\" class=\"yoast-schema-graph\">{\"@context\":\"https:\\\/\\\/schema.org\",\"@graph\":[{\"@type\":\"WebPage\",\"@id\":\"https:\\\/\\\/hotel-des-nordens.com\\\/da\\\/juridisk\\\/\",\"url\":\"https:\\\/\\\/hotel-des-nordens.com\\\/da\\\/juridisk\\\/\",\"name\":\"Impressum & Juridisk | Hotel des Nordens\",\"isPartOf\":{\"@id\":\"https:\\\/\\\/hotel-des-nordens.com\\\/da\\\/#website\"},\"datePublished\":\"2025-08-12T22:36:18+00:00\",\"dateModified\":\"2026-05-06T13:44:14+00:00\",\"description\":\"Impressum med juridiske oplysninger om Hotel des Nordens i Flensborg.\",\"breadcrumb\":{\"@id\":\"https:\\\/\\\/hotel-des-nordens.com\\\/da\\\/juridisk\\\/#breadcrumb\"},\"inLanguage\":\"da-DK\",\"potentialAction\":[{\"@type\":\"ReadAction\",\"target\":[\"https:\\\/\\\/hotel-des-nordens.com\\\/da\\\/juridisk\\\/\"]}]},{\"@type\":\"BreadcrumbList\",\"@id\":\"https:\\\/\\\/hotel-des-nordens.com\\\/da\\\/juridisk\\\/#breadcrumb\",\"itemListElement\":[{\"@type\":\"ListItem\",\"position\":1,\"name\":\"Home\",\"item\":\"https:\\\/\\\/hotel-des-nordens.com\\\/da\\\/\"},{\"@type\":\"ListItem\",\"position\":2,\"name\":\"Juridisk\"}]},{\"@type\":\"WebSite\",\"@id\":\"https:\\\/\\\/hotel-des-nordens.com\\\/da\\\/#website\",\"url\":\"https:\\\/\\\/hotel-des-nordens.com\\\/da\\\/\",\"name\":\"Hotel des Nordens\",\"description\":\"\",\"publisher\":{\"@id\":\"https:\\\/\\\/hotel-des-nordens.com\\\/da\\\/#organization\"},\"potentialAction\":[{\"@type\":\"SearchAction\",\"target\":{\"@type\":\"EntryPoint\",\"urlTemplate\":\"https:\\\/\\\/hotel-des-nordens.com\\\/da\\\/?s={search_term_string}\"},\"query-input\":{\"@type\":\"PropertyValueSpecification\",\"valueRequired\":true,\"valueName\":\"search_term_string\"}}],\"inLanguage\":\"da-DK\"},{\"@type\":\"Organization\",\"@id\":\"https:\\\/\\\/hotel-des-nordens.com\\\/da\\\/#organization\",\"name\":\"Hotel des Nordens\",\"url\":\"https:\\\/\\\/hotel-des-nordens.com\\\/da\\\/\",\"logo\":{\"@type\":\"ImageObject\",\"inLanguage\":\"da-DK\",\"@id\":\"https:\\\/\\\/hotel-des-nordens.com\\\/da\\\/#\\\/schema\\\/logo\\\/image\\\/\",\"url\":\"https:\\\/\\\/hotel-des-nordens.com\\\/wp-content\\\/uploads\\\/2025\\\/09\\\/cropped-hotel-des-nordens-icon.png\",\"contentUrl\":\"https:\\\/\\\/hotel-des-nordens.com\\\/wp-content\\\/uploads\\\/2025\\\/09\\\/cropped-hotel-des-nordens-icon.png\",\"width\":512,\"height\":512,\"caption\":\"Hotel des Nordens\"},\"image\":{\"@id\":\"https:\\\/\\\/hotel-des-nordens.com\\\/da\\\/#\\\/schema\\\/logo\\\/image\\\/\"},\"sameAs\":[\"https:\\\/\\\/www.facebook.com\\\/HotelDesNordens\\\/\",\"https:\\\/\\\/www.instagram.com\\\/hoteldesnordens\\\/\"]}]}<\/script>\n<!-- \/ Yoast SEO plugin. -->","yoast_head_json":{"title":"Impressum & Juridisk | Hotel des Nordens","description":"Impressum med juridiske oplysninger om Hotel des Nordens i Flensborg.","robots":{"index":"index","follow":"follow","max-snippet":"max-snippet:-1","max-image-preview":"max-image-preview:large","max-video-preview":"max-video-preview:-1"},"canonical":"https:\/\/hotel-des-nordens.com\/da\/juridisk\/","og_locale":"da_DK","og_type":"article","og_title":"Impressum & Juridisk | Hotel des Nordens","og_description":"Impressum med juridiske oplysninger om Hotel des Nordens i Flensborg.","og_url":"https:\/\/hotel-des-nordens.com\/da\/juridisk\/","og_site_name":"Hotel des Nordens","article_publisher":"https:\/\/www.facebook.com\/HotelDesNordens\/","article_modified_time":"2026-05-06T13:44:14+00:00","twitter_card":"summary_large_image","schema":{"@context":"https:\/\/schema.org","@graph":[{"@type":"WebPage","@id":"https:\/\/hotel-des-nordens.com\/da\/juridisk\/","url":"https:\/\/hotel-des-nordens.com\/da\/juridisk\/","name":"Impressum & Juridisk | Hotel des Nordens","isPartOf":{"@id":"https:\/\/hotel-des-nordens.com\/da\/#website"},"datePublished":"2025-08-12T22:36:18+00:00","dateModified":"2026-05-06T13:44:14+00:00","description":"Impressum med juridiske oplysninger om Hotel des Nordens i Flensborg.","breadcrumb":{"@id":"https:\/\/hotel-des-nordens.com\/da\/juridisk\/#breadcrumb"},"inLanguage":"da-DK","potentialAction":[{"@type":"ReadAction","target":["https:\/\/hotel-des-nordens.com\/da\/juridisk\/"]}]},{"@type":"BreadcrumbList","@id":"https:\/\/hotel-des-nordens.com\/da\/juridisk\/#breadcrumb","itemListElement":[{"@type":"ListItem","position":1,"name":"Home","item":"https:\/\/hotel-des-nordens.com\/da\/"},{"@type":"ListItem","position":2,"name":"Juridisk"}]},{"@type":"WebSite","@id":"https:\/\/hotel-des-nordens.com\/da\/#website","url":"https:\/\/hotel-des-nordens.com\/da\/","name":"Hotel des Nordens","description":"","publisher":{"@id":"https:\/\/hotel-des-nordens.com\/da\/#organization"},"potentialAction":[{"@type":"SearchAction","target":{"@type":"EntryPoint","urlTemplate":"https:\/\/hotel-des-nordens.com\/da\/?s={search_term_string}"},"query-input":{"@type":"PropertyValueSpecification","valueRequired":true,"valueName":"search_term_string"}}],"inLanguage":"da-DK"},{"@type":"Organization","@id":"https:\/\/hotel-des-nordens.com\/da\/#organization","name":"Hotel des Nordens","url":"https:\/\/hotel-des-nordens.com\/da\/","logo":{"@type":"ImageObject","inLanguage":"da-DK","@id":"https:\/\/hotel-des-nordens.com\/da\/#\/schema\/logo\/image\/","url":"https:\/\/hotel-des-nordens.com\/wp-content\/uploads\/2025\/09\/cropped-hotel-des-nordens-icon.png","contentUrl":"https:\/\/hotel-des-nordens.com\/wp-content\/uploads\/2025\/09\/cropped-hotel-des-nordens-icon.png","width":512,"height":512,"caption":"Hotel des Nordens"},"image":{"@id":"https:\/\/hotel-des-nordens.com\/da\/#\/schema\/logo\/image\/"},"sameAs":["https:\/\/www.facebook.com\/HotelDesNordens\/","https:\/\/www.instagram.com\/hoteldesnordens\/"]}]}},"jetpack_sharing_enabled":true,"_links":{"self":[{"href":"https:\/\/hotel-des-nordens.com\/da\/wp-json\/wp\/v2\/pages\/5447","targetHints":{"allow":["GET"]}}],"collection":[{"href":"https:\/\/hotel-des-nordens.com\/da\/wp-json\/wp\/v2\/pages"}],"about":[{"href":"https:\/\/hotel-des-nordens.com\/da\/wp-json\/wp\/v2\/types\/page"}],"author":[{"embeddable":true,"href":"https:\/\/hotel-des-nordens.com\/da\/wp-json\/wp\/v2\/users\/9"}],"replies":[{"embeddable":true,"href":"https:\/\/hotel-des-nordens.com\/da\/wp-json\/wp\/v2\/comments?post=5447"}],"version-history":[{"count":5,"href":"https:\/\/hotel-des-nordens.com\/da\/wp-json\/wp\/v2\/pages\/5447\/revisions"}],"predecessor-version":[{"id":9218,"href":"https:\/\/hotel-des-nordens.com\/da\/wp-json\/wp\/v2\/pages\/5447\/revisions\/9218"}],"wp:attachment":[{"href":"https:\/\/hotel-des-nordens.com\/da\/wp-json\/wp\/v2\/media?parent=5447"}],"curies":[{"name":"wp","href":"https:\/\/api.w.org\/{rel}","templated":true}]}}