{"id":5361,"date":"2025-01-27T14:11:11","date_gmt":"2025-01-27T14:11:11","guid":{"rendered":"https:\/\/p-ul7el4.project.space\/contact\/"},"modified":"2026-05-12T10:44:44","modified_gmt":"2026-05-12T10:44:44","slug":"find-os","status":"publish","type":"page","link":"https:\/\/hotel-des-nordens.com\/da\/find-os\/","title":{"rendered":"Kontakt &#038; ankomst"},"content":{"rendered":"<div class=\"et_pb_section_0 et_pb_section et_section_regular et_block_section z-index-0\">\n<div class=\"et_pb_row_0 et_pb_row et_flex_row\">\n<div class=\"et_pb_column_0 et_pb_column et_block_column et_pb_css_mix_blend_mode_passthrough et_flex_column_24_24 et_flex_column_24_24_tablet et_flex_column_24_24_phone col-1\">\n<div class=\"et_pb_text_0 et_pb_text et_pb_bg_layout_light et_pb_module et_block_module preset--module--divi-text--17aa47f9-1791-4ef5-8c6e-2067ce530fd2\"><div class=\"et_pb_text_inner\"><p>Kontakt<\/p>\n<\/div><\/div>\n\n<div class=\"et_pb_heading_0 et_pb_heading et_pb_module et_block_module preset--module--divi-heading--6b1cdf70-b116-44f1-b170-07837637ffba\"><div class=\"et_pb_heading_container\"><h1 class=\"et_pb_module_header\">Hotel des Nordens<\/h1><\/div><\/div>\n\n<div class=\"et_pb_text_1 et_pb_text et_pb_bg_layout_light et_pb_module et_block_module preset--module--divi-text--a1bebcce-26b7-401b-bde8-72bfa10e960b\"><div class=\"et_pb_text_inner\"><p>Alte Zollstra\u00dfe 44<br \/>24955 Harrislee<br \/>Tyskland<\/p>\n<\/div><\/div>\n\n<div class=\"et_pb_module et_pb_button_module_wrapper et_pb_button_0_wrapper preset--module--divi-button--14e06432-4765-4443-a512-1036c51336ac_wrapper\"><a class=\"et_pb_button_0 et_pb_button et_pb_bg_layout_light et_pb_module et_block_module preset--module--divi-button--14e06432-4765-4443-a512-1036c51336ac\" href=\"tel:+494617020\" data-icon=\"$\">T +49 461 70 20<\/a><\/div>\n\n<div class=\"et_pb_module et_pb_button_module_wrapper et_pb_button_1_wrapper preset--module--divi-button--14e06432-4765-4443-a512-1036c51336ac_wrapper\"><a class=\"et_pb_button_1 et_pb_button et_pb_bg_layout_light et_pb_module et_block_module preset--module--divi-button--14e06432-4765-4443-a512-1036c51336ac\" href=\"mailto:info@hotel-des-nordens.com\" data-icon=\"$\">info@hotel-des-nordens.com<\/a><\/div>\n<\/div>\n\n<div class=\"et_pb_column_1 et_pb_column et-last-child et_block_column et_pb_css_mix_blend_mode_passthrough et_flex_column_24_24 et_flex_column_24_24_tablet et_flex_column_24_24_phone col-2\">\n<div class=\"et_pb_image_0 et_pb_image et_pb_image_bottom_space_phone et_pb_image_sticky_tablet et_pb_module et_block_module preset--module--divi-image--f4c36f21-314c-43ce-b01c-e0dff776509a\"><span class=\"et_pb_image_wrap\"><img loading=\"lazy\" decoding=\"async\" src=\"https:\/\/hotel-des-nordens.com\/wp-content\/uploads\/2026\/03\/hotel-des-nordens-kontakt-rezeption-headerbild.webp\" alt=\"Receptionen p\u00e5 Hotel des Nordens\" width=\"800\" height=\"800\" srcset=\"https:\/\/hotel-des-nordens.com\/wp-content\/uploads\/2026\/03\/hotel-des-nordens-kontakt-rezeption-headerbild.webp 800w, https:\/\/hotel-des-nordens.com\/wp-content\/uploads\/2026\/03\/hotel-des-nordens-kontakt-rezeption-headerbild-480x480.webp 480w\" sizes=\"(min-width: 0px) and (max-width: 480px) 480px, (min-width: 481px) 800px, 100vw\" class=\"wp-image-6585\" \/><\/span><\/div>\n<\/div>\n<\/div>\n<\/div>\n\n<div class=\"et_pb_section_1 et_pb_section et_section_regular et_block_section\">\n<div class=\"et_pb_row_1 et_pb_row et_block_row\">\n<div class=\"et_pb_column_2 et_pb_column et_pb_column_4_4 et-last-child et_block_column et_pb_css_mix_blend_mode_passthrough\">\n<div class=\"et_pb_heading_1 et_pb_heading et_pb_module et_block_module preset--module--divi-heading--f5eead34-ecd1-47b6-b936-72bf5a4138f6\"><div class=\"et_pb_heading_container\"><h2 class=\"et_pb_module_header\">K\u00f8rselsvejledning til Hotel des Nordens \u2013 S\u00e5dan finder du os<\/h2><\/div><\/div>\n\n<div class=\"et_pb_text_2 et_pb_text et_pb_bg_layout_light et_pb_module et_block_module preset--module--divi-text--default\"><div class=\"et_pb_text_inner\"><p><iframe src=\"https:\/\/www.google.com\/maps\/embed?pb=!1m18!1m12!1m3!1d2297.7529027375863!2d9.40484907781964!3d54.83702546215144!2m3!1f0!2f0!3f0!3m2!1i1024!2i768!4f13.1!3m3!1m2!1s0x47b35cc860dc63eb%3A0xccfa2b2d18e2791a!2sAlte%20Zollstra%C3%9Fe%2044%2C%2024955%20Harrislee!5e0!3m2!1sde!2sde!4v1758613489160!5m2!1sde!2sde\" width=\"100%\" height=\"1000px\" style=\"border: 0;\" allowfullscreen=\"\" loading=\"lazy\" referrerpolicy=\"no-referrer-when-downgrade\"><br \/>\n<\/iframe><\/p>\n<\/div><\/div>\n<\/div>\n<\/div>\n<\/div>\n\n<div class=\"et_pb_section_2 et_pb_section et_section_regular et_block_section\">\n<div class=\"et_pb_row_2 et_pb_row et_block_row\">\n<div class=\"et_pb_column_3 et_pb_column et_pb_column_4_4 et-last-child et_block_column et_pb_css_mix_blend_mode_passthrough\">\n<div class=\"et_pb_heading_2 et_pb_heading et_pb_module et_block_module preset--module--divi-heading--f5eead34-ecd1-47b6-b936-72bf5a4138f6\"><div class=\"et_pb_heading_container\"><h2 class=\"et_pb_module_header\">Det vigtigste i kort form<\/h2><\/div><\/div>\n<\/div>\n<\/div>\n\n<div class=\"et_pb_row_3 et_pb_row et_flex_row preset--module--divi-row--djuq15uns8\">\n<div class=\"et_pb_column_4 et_pb_column et_block_column et_pb_css_mix_blend_mode_passthrough et_animated et_flex_column_24_24 et_flex_column_24_24_tablet et_flex_column_24_24_phone preset--module--divi-column--6ea4c9e9-3b45-41dc-a4a5-48fe83cc7cac\">\n<div class=\"et_pb_text_3 et_pb_text et_pb_bg_layout_light et_pb_module et_block_module preset--module--divi-text--6de73d31-ad69-4c1c-8a72-6b5c5a1d0529\"><div class=\"et_pb_text_inner\"><h3>Hoteloplysninger<\/h3>\n<\/div><\/div>\n\n<div class=\"et_pb_text_4 et_pb_text et_pb_bg_layout_light et_pb_module et_block_module preset--module--divi-text--146b78f0-ff57-44d3-a9f4-418eb6997015\"><div class=\"et_pb_text_inner\"><p><strong>Check-in \/ Check-out:<\/strong><br \/>Check-in: fra kl. 15.00<br \/>Check-out: indtil kl. 11.00<br \/><strong><\/strong><\/p>\n<p><strong>Reception:<\/strong><br \/>Normalt \u00e5ben fra kl. 06.00 til 20.00<br \/><strong><\/strong><\/p>\n<p><strong>K\u00e6ledyr:<\/strong><br \/>K\u00e6ledyr er ikke tilladt.<br \/><strong><\/strong><\/p>\n<p><strong>Accepterede betalingsmetoder:<\/strong><br \/>EC-kort, Visa, Mastercard, kontantbetaling<\/p>\n<\/div><\/div>\n<\/div>\n\n<div class=\"et_pb_column_5 et_pb_column et_block_column et_pb_css_mix_blend_mode_passthrough et_animated et_flex_column_24_24 et_flex_column_24_24_tablet et_flex_column_24_24_phone preset--module--divi-column--6ea4c9e9-3b45-41dc-a4a5-48fe83cc7cac\">\n<div class=\"et_pb_text_5 et_pb_text et_pb_bg_layout_light et_pb_module et_block_module preset--module--divi-text--6de73d31-ad69-4c1c-8a72-6b5c5a1d0529\"><div class=\"et_pb_text_inner\"><h3>Ankomst i bil Fra Danmark<\/h3>\n<\/div><\/div>\n\n<div class=\"et_pb_text_6 et_pb_text et_pb_bg_layout_light et_pb_module et_block_module preset--module--divi-text--146b78f0-ff57-44d3-a9f4-418eb6997015\"><div class=\"et_pb_text_inner\"><p>Tag afk\u00f8rsel 74 fra motorvej E45 i retning mod Krus\u00e5 \/ Flensborg Nord. F\u00f8lg vejen kort efter gr\u00e6nsen. Drej derefter til h\u00f8jre ved den f\u00f8rste vej, k\u00f8r rundt om supermarkedet Fleggaard, og parker direkte ved hotellet.<\/p>\n<\/div><\/div>\n<\/div>\n\n<div class=\"et_pb_column_6 et_pb_column et_block_column et_pb_css_mix_blend_mode_passthrough et_animated et_flex_column_24_24 et_flex_column_24_24_tablet et_flex_column_24_24_phone preset--module--divi-column--6ea4c9e9-3b45-41dc-a4a5-48fe83cc7cac\">\n<div class=\"et_pb_text_7 et_pb_text et_pb_bg_layout_light et_pb_module et_block_module preset--module--divi-text--6de73d31-ad69-4c1c-8a72-6b5c5a1d0529\"><div class=\"et_pb_text_inner\"><h3>Ankomst i bil fra Hamborg via motorvej A7 <\/h3>\n<\/div><\/div>\n\n<div class=\"et_pb_text_8 et_pb_text et_pb_bg_layout_light et_pb_module et_block_module preset--module--divi-text--146b78f0-ff57-44d3-a9f4-418eb6997015\"><div class=\"et_pb_text_inner\"><p>Tag afk\u00f8rsel 3 i retning mod Flensborg \/ Gl\u00fccksburg \/ Husum. F\u00f8lg B200 indtil ca. 300 meter f\u00f8r den danske gr\u00e6nse, drej derefter til venstre. Hotel des Nordens ligger p\u00e5 en bakke p\u00e5 venstre side.<\/p>\n<\/div><\/div>\n<\/div>\n\n<div class=\"et_pb_column_7 et_pb_column et-last-child et_block_column et_pb_css_mix_blend_mode_passthrough et_animated et_flex_column_24_24 et_flex_column_24_24_tablet et_flex_column_24_24_phone preset--module--divi-column--6ea4c9e9-3b45-41dc-a4a5-48fe83cc7cac\">\n<div class=\"et_pb_text_9 et_pb_text et_pb_bg_layout_light et_pb_module et_block_module preset--module--divi-text--6de73d31-ad69-4c1c-8a72-6b5c5a1d0529\"><div class=\"et_pb_text_inner\"><h3>Ankomst med tog<\/h3>\n<\/div><\/div>\n\n<div class=\"et_pb_text_10 et_pb_text et_pb_bg_layout_light et_pb_module et_block_module preset--module--divi-text--146b78f0-ff57-44d3-a9f4-418eb6997015\"><div class=\"et_pb_text_inner\"><p>Du kan nemt komme til Hotel des Nordens fra Flensborg hovedbaneg\u00e5rd. Derfra kan du tage busser fra Verkehrsbetriebe Schleswig-Flensburg eller en taxa direkte til hotellet.<\/p>\n<\/div><\/div>\n<\/div>\n<\/div>\n<\/div>","protected":false},"excerpt":{"rendered":"","protected":false},"author":5,"featured_media":9331,"parent":0,"menu_order":0,"comment_status":"closed","ping_status":"closed","template":"","meta":{"inline_featured_image":false,"footnotes":""},"class_list":["post-5361","page","type-page","status-publish","has-post-thumbnail","hentry"],"yoast_head":"<!-- This site is optimized with the Yoast SEO plugin v27.6 - https:\/\/yoast.com\/product\/yoast-seo-wordpress\/ -->\n<title>Kontakt &amp; ankomst | Hotel des Nordens<\/title>\n<meta name=\"description\" content=\"Find alle oplysninger om, hvordan du kommer frem til Hotel des Nordens i Harrislee n\u00e6r Flensborg.\" \/>\n<meta name=\"robots\" content=\"index, follow, max-snippet:-1, max-image-preview:large, max-video-preview:-1\" \/>\n<link rel=\"canonical\" href=\"https:\/\/hotel-des-nordens.com\/da\/find-os\/\" \/>\n<meta property=\"og:locale\" content=\"da_DK\" \/>\n<meta property=\"og:type\" content=\"article\" \/>\n<meta property=\"og:title\" content=\"Kontakt &amp; ankomst | Hotel des Nordens\" \/>\n<meta property=\"og:description\" content=\"Find alle oplysninger om, hvordan du kommer frem til Hotel des Nordens i Harrislee n\u00e6r Flensborg.\" \/>\n<meta property=\"og:url\" content=\"https:\/\/hotel-des-nordens.com\/da\/find-os\/\" \/>\n<meta property=\"og:site_name\" content=\"Hotel des Nordens\" \/>\n<meta property=\"article:publisher\" content=\"https:\/\/www.facebook.com\/HotelDesNordens\/\" \/>\n<meta property=\"article:modified_time\" content=\"2026-05-12T10:44:44+00:00\" \/>\n<meta property=\"og:image\" content=\"https:\/\/hotel-des-nordens.com\/wp-content\/uploads\/2026\/03\/hotel-des-nordens-rezeption-home.jpg\" \/>\n\t<meta property=\"og:image:width\" content=\"800\" \/>\n\t<meta property=\"og:image:height\" content=\"620\" \/>\n\t<meta property=\"og:image:type\" content=\"image\/jpeg\" \/>\n<meta name=\"twitter:card\" content=\"summary_large_image\" \/>\n<meta name=\"twitter:label1\" content=\"Estimeret l\u00e6setid\" \/>\n\t<meta name=\"twitter:data1\" content=\"1 minut\" \/>\n<script type=\"application\/ld+json\" class=\"yoast-schema-graph\">{\"@context\":\"https:\\\/\\\/schema.org\",\"@graph\":[{\"@type\":\"WebPage\",\"@id\":\"https:\\\/\\\/hotel-des-nordens.com\\\/da\\\/find-os\\\/\",\"url\":\"https:\\\/\\\/hotel-des-nordens.com\\\/da\\\/find-os\\\/\",\"name\":\"Kontakt & ankomst | Hotel des Nordens\",\"isPartOf\":{\"@id\":\"https:\\\/\\\/hotel-des-nordens.com\\\/da\\\/#website\"},\"primaryImageOfPage\":{\"@id\":\"https:\\\/\\\/hotel-des-nordens.com\\\/da\\\/find-os\\\/#primaryimage\"},\"image\":{\"@id\":\"https:\\\/\\\/hotel-des-nordens.com\\\/da\\\/find-os\\\/#primaryimage\"},\"thumbnailUrl\":\"https:\\\/\\\/hotel-des-nordens.com\\\/wp-content\\\/uploads\\\/2026\\\/03\\\/hotel-des-nordens-rezeption-home.jpg\",\"datePublished\":\"2025-01-27T14:11:11+00:00\",\"dateModified\":\"2026-05-12T10:44:44+00:00\",\"description\":\"Find alle oplysninger om, hvordan du kommer frem til Hotel des Nordens i Harrislee n\u00e6r Flensborg.\",\"breadcrumb\":{\"@id\":\"https:\\\/\\\/hotel-des-nordens.com\\\/da\\\/find-os\\\/#breadcrumb\"},\"inLanguage\":\"da-DK\",\"potentialAction\":[{\"@type\":\"ReadAction\",\"target\":[\"https:\\\/\\\/hotel-des-nordens.com\\\/da\\\/find-os\\\/\"]}]},{\"@type\":\"ImageObject\",\"inLanguage\":\"da-DK\",\"@id\":\"https:\\\/\\\/hotel-des-nordens.com\\\/da\\\/find-os\\\/#primaryimage\",\"url\":\"https:\\\/\\\/hotel-des-nordens.com\\\/wp-content\\\/uploads\\\/2026\\\/03\\\/hotel-des-nordens-rezeption-home.jpg\",\"contentUrl\":\"https:\\\/\\\/hotel-des-nordens.com\\\/wp-content\\\/uploads\\\/2026\\\/03\\\/hotel-des-nordens-rezeption-home.jpg\",\"width\":800,\"height\":620,\"caption\":\"Receptionen har sk\u00e6rme p\u00e5 disken og et stort v\u00e6gmaleri med strandmotiv, der viser strandkurve, en m\u00e5ge og en sejlb\u00e5d i horisonten ude p\u00e5 havet.\"},{\"@type\":\"BreadcrumbList\",\"@id\":\"https:\\\/\\\/hotel-des-nordens.com\\\/da\\\/find-os\\\/#breadcrumb\",\"itemListElement\":[{\"@type\":\"ListItem\",\"position\":1,\"name\":\"Home\",\"item\":\"https:\\\/\\\/hotel-des-nordens.com\\\/da\\\/\"},{\"@type\":\"ListItem\",\"position\":2,\"name\":\"Kontakt &#038; ankomst\"}]},{\"@type\":\"WebSite\",\"@id\":\"https:\\\/\\\/hotel-des-nordens.com\\\/da\\\/#website\",\"url\":\"https:\\\/\\\/hotel-des-nordens.com\\\/da\\\/\",\"name\":\"Hotel des Nordens\",\"description\":\"\",\"publisher\":{\"@id\":\"https:\\\/\\\/hotel-des-nordens.com\\\/da\\\/#organization\"},\"potentialAction\":[{\"@type\":\"SearchAction\",\"target\":{\"@type\":\"EntryPoint\",\"urlTemplate\":\"https:\\\/\\\/hotel-des-nordens.com\\\/da\\\/?s={search_term_string}\"},\"query-input\":{\"@type\":\"PropertyValueSpecification\",\"valueRequired\":true,\"valueName\":\"search_term_string\"}}],\"inLanguage\":\"da-DK\"},{\"@type\":\"Organization\",\"@id\":\"https:\\\/\\\/hotel-des-nordens.com\\\/da\\\/#organization\",\"name\":\"Hotel des Nordens\",\"url\":\"https:\\\/\\\/hotel-des-nordens.com\\\/da\\\/\",\"logo\":{\"@type\":\"ImageObject\",\"inLanguage\":\"da-DK\",\"@id\":\"https:\\\/\\\/hotel-des-nordens.com\\\/da\\\/#\\\/schema\\\/logo\\\/image\\\/\",\"url\":\"https:\\\/\\\/hotel-des-nordens.com\\\/wp-content\\\/uploads\\\/2025\\\/09\\\/cropped-hotel-des-nordens-icon.png\",\"contentUrl\":\"https:\\\/\\\/hotel-des-nordens.com\\\/wp-content\\\/uploads\\\/2025\\\/09\\\/cropped-hotel-des-nordens-icon.png\",\"width\":512,\"height\":512,\"caption\":\"Hotel des Nordens\"},\"image\":{\"@id\":\"https:\\\/\\\/hotel-des-nordens.com\\\/da\\\/#\\\/schema\\\/logo\\\/image\\\/\"},\"sameAs\":[\"https:\\\/\\\/www.facebook.com\\\/HotelDesNordens\\\/\",\"https:\\\/\\\/www.instagram.com\\\/hoteldesnordens\\\/\"]}]}<\/script>\n<!-- \/ Yoast SEO plugin. -->","yoast_head_json":{"title":"Kontakt & ankomst | Hotel des Nordens","description":"Find alle oplysninger om, hvordan du kommer frem til Hotel des Nordens i Harrislee n\u00e6r Flensborg.","robots":{"index":"index","follow":"follow","max-snippet":"max-snippet:-1","max-image-preview":"max-image-preview:large","max-video-preview":"max-video-preview:-1"},"canonical":"https:\/\/hotel-des-nordens.com\/da\/find-os\/","og_locale":"da_DK","og_type":"article","og_title":"Kontakt & ankomst | Hotel des Nordens","og_description":"Find alle oplysninger om, hvordan du kommer frem til Hotel des Nordens i Harrislee n\u00e6r Flensborg.","og_url":"https:\/\/hotel-des-nordens.com\/da\/find-os\/","og_site_name":"Hotel des Nordens","article_publisher":"https:\/\/www.facebook.com\/HotelDesNordens\/","article_modified_time":"2026-05-12T10:44:44+00:00","og_image":[{"width":800,"height":620,"url":"https:\/\/hotel-des-nordens.com\/wp-content\/uploads\/2026\/03\/hotel-des-nordens-rezeption-home.jpg","type":"image\/jpeg"}],"twitter_card":"summary_large_image","twitter_misc":{"Estimeret l\u00e6setid":"1 minut"},"schema":{"@context":"https:\/\/schema.org","@graph":[{"@type":"WebPage","@id":"https:\/\/hotel-des-nordens.com\/da\/find-os\/","url":"https:\/\/hotel-des-nordens.com\/da\/find-os\/","name":"Kontakt & ankomst | Hotel des Nordens","isPartOf":{"@id":"https:\/\/hotel-des-nordens.com\/da\/#website"},"primaryImageOfPage":{"@id":"https:\/\/hotel-des-nordens.com\/da\/find-os\/#primaryimage"},"image":{"@id":"https:\/\/hotel-des-nordens.com\/da\/find-os\/#primaryimage"},"thumbnailUrl":"https:\/\/hotel-des-nordens.com\/wp-content\/uploads\/2026\/03\/hotel-des-nordens-rezeption-home.jpg","datePublished":"2025-01-27T14:11:11+00:00","dateModified":"2026-05-12T10:44:44+00:00","description":"Find alle oplysninger om, hvordan du kommer frem til Hotel des Nordens i Harrislee n\u00e6r Flensborg.","breadcrumb":{"@id":"https:\/\/hotel-des-nordens.com\/da\/find-os\/#breadcrumb"},"inLanguage":"da-DK","potentialAction":[{"@type":"ReadAction","target":["https:\/\/hotel-des-nordens.com\/da\/find-os\/"]}]},{"@type":"ImageObject","inLanguage":"da-DK","@id":"https:\/\/hotel-des-nordens.com\/da\/find-os\/#primaryimage","url":"https:\/\/hotel-des-nordens.com\/wp-content\/uploads\/2026\/03\/hotel-des-nordens-rezeption-home.jpg","contentUrl":"https:\/\/hotel-des-nordens.com\/wp-content\/uploads\/2026\/03\/hotel-des-nordens-rezeption-home.jpg","width":800,"height":620,"caption":"Receptionen har sk\u00e6rme p\u00e5 disken og et stort v\u00e6gmaleri med strandmotiv, der viser strandkurve, en m\u00e5ge og en sejlb\u00e5d i horisonten ude p\u00e5 havet."},{"@type":"BreadcrumbList","@id":"https:\/\/hotel-des-nordens.com\/da\/find-os\/#breadcrumb","itemListElement":[{"@type":"ListItem","position":1,"name":"Home","item":"https:\/\/hotel-des-nordens.com\/da\/"},{"@type":"ListItem","position":2,"name":"Kontakt &#038; ankomst"}]},{"@type":"WebSite","@id":"https:\/\/hotel-des-nordens.com\/da\/#website","url":"https:\/\/hotel-des-nordens.com\/da\/","name":"Hotel des Nordens","description":"","publisher":{"@id":"https:\/\/hotel-des-nordens.com\/da\/#organization"},"potentialAction":[{"@type":"SearchAction","target":{"@type":"EntryPoint","urlTemplate":"https:\/\/hotel-des-nordens.com\/da\/?s={search_term_string}"},"query-input":{"@type":"PropertyValueSpecification","valueRequired":true,"valueName":"search_term_string"}}],"inLanguage":"da-DK"},{"@type":"Organization","@id":"https:\/\/hotel-des-nordens.com\/da\/#organization","name":"Hotel des Nordens","url":"https:\/\/hotel-des-nordens.com\/da\/","logo":{"@type":"ImageObject","inLanguage":"da-DK","@id":"https:\/\/hotel-des-nordens.com\/da\/#\/schema\/logo\/image\/","url":"https:\/\/hotel-des-nordens.com\/wp-content\/uploads\/2025\/09\/cropped-hotel-des-nordens-icon.png","contentUrl":"https:\/\/hotel-des-nordens.com\/wp-content\/uploads\/2025\/09\/cropped-hotel-des-nordens-icon.png","width":512,"height":512,"caption":"Hotel des Nordens"},"image":{"@id":"https:\/\/hotel-des-nordens.com\/da\/#\/schema\/logo\/image\/"},"sameAs":["https:\/\/www.facebook.com\/HotelDesNordens\/","https:\/\/www.instagram.com\/hoteldesnordens\/"]}]}},"jetpack_sharing_enabled":true,"_links":{"self":[{"href":"https:\/\/hotel-des-nordens.com\/da\/wp-json\/wp\/v2\/pages\/5361","targetHints":{"allow":["GET"]}}],"collection":[{"href":"https:\/\/hotel-des-nordens.com\/da\/wp-json\/wp\/v2\/pages"}],"about":[{"href":"https:\/\/hotel-des-nordens.com\/da\/wp-json\/wp\/v2\/types\/page"}],"author":[{"embeddable":true,"href":"https:\/\/hotel-des-nordens.com\/da\/wp-json\/wp\/v2\/users\/5"}],"replies":[{"embeddable":true,"href":"https:\/\/hotel-des-nordens.com\/da\/wp-json\/wp\/v2\/comments?post=5361"}],"version-history":[{"count":5,"href":"https:\/\/hotel-des-nordens.com\/da\/wp-json\/wp\/v2\/pages\/5361\/revisions"}],"predecessor-version":[{"id":9715,"href":"https:\/\/hotel-des-nordens.com\/da\/wp-json\/wp\/v2\/pages\/5361\/revisions\/9715"}],"wp:featuredmedia":[{"embeddable":true,"href":"https:\/\/hotel-des-nordens.com\/da\/wp-json\/wp\/v2\/media\/9331"}],"wp:attachment":[{"href":"https:\/\/hotel-des-nordens.com\/da\/wp-json\/wp\/v2\/media?parent=5361"}],"curies":[{"name":"wp","href":"https:\/\/api.w.org\/{rel}","templated":true}]}}