{"id":5310,"date":"2025-09-22T11:24:18","date_gmt":"2025-09-22T11:24:18","guid":{"rendered":"https:\/\/p-ul7el4.project.space\/eventlokation\/"},"modified":"2026-05-12T10:36:27","modified_gmt":"2026-05-12T10:36:27","slug":"eventlokation","status":"publish","type":"page","link":"https:\/\/hotel-des-nordens.com\/da\/moeder\/eventlokation\/","title":{"rendered":"Eventlokation"},"content":{"rendered":"<div class=\"et_pb_section_0 et_pb_section et_section_regular et_flex_section z-index-0\">\n<div class=\"et_pb_row_0 et_pb_row et_flex_row\">\n<div class=\"et_pb_column_0 et_pb_column et_block_column et_pb_css_mix_blend_mode_passthrough et_flex_column_12_24 et_flex_column_24_24_tablet et_flex_column_24_24_phone\">\n<div class=\"et_pb_text_0 et_pb_text et_pb_bg_layout_light et_pb_module et_block_module preset--module--divi-text--17aa47f9-1791-4ef5-8c6e-2067ce530fd2\"><div class=\"et_pb_text_inner\"><p>Lokaler til dine arrangementer <\/p>\n<\/div><\/div>\n\n<div class=\"et_pb_heading_0 et_pb_heading et_pb_module et_block_module preset--module--divi-heading--6b1cdf70-b116-44f1-b170-07837637ffba\"><div class=\"et_pb_heading_container\"><h1 class=\"et_pb_module_header\">Din ideelle eventlokation i Flensborg<\/h1><\/div><\/div>\n\n<div class=\"et_pb_text_1 et_pb_text et_pb_bg_layout_light et_pb_module et_block_module preset--module--divi-text--146b78f0-ff57-44d3-a9f4-418eb6997015\"><div class=\"et_pb_text_inner\"><p>Hotel des Nordens tilbyder lokaler til alle typer arrangementer. Uanset om det g\u00e6lder bryllup, f\u00f8dselsdag, d\u00e5b eller konfirmation \u2013 hos os finder du de perfekte rammer til dine arrangementer, fra festlokale til f\u00f8dselsdagsfest til bryllupslokation i Flensborg. Med stilfulde omgivelser, personlig service og erfaring inden for eventplanl\u00e6gning skaber vi din dag pr\u00e6cis efter dine \u00f8nsker \u2013 festligt, afslappet og uforglemmeligt.<\/p>\n<\/div><\/div>\n<\/div>\n\n<div class=\"et_pb_column_1 et_pb_column et-last-child et_block_column et_pb_css_mix_blend_mode_passthrough et_flex_column_12_24 et_flex_column_24_24_tablet et_flex_column_24_24_phone\">\n<div class=\"et_pb_image_0 et_pb_image et_pb_image_sticky_tablet et_pb_module et_block_module preset--module--divi-image--f4c36f21-314c-43ce-b01c-e0dff776509a\"><span class=\"et_pb_image_wrap\"><img loading=\"lazy\" decoding=\"async\" src=\"https:\/\/hotel-des-nordens.com\/wp-content\/uploads\/2026\/03\/hotel-des-nordens-eventlocation-header-image.webp\" alt=\"Vores eventlokation p\u00e5 Hotel des Nordens\" width=\"800\" height=\"800\" srcset=\"https:\/\/hotel-des-nordens.com\/wp-content\/uploads\/2026\/03\/hotel-des-nordens-eventlocation-header-image.webp 800w, https:\/\/hotel-des-nordens.com\/wp-content\/uploads\/2026\/03\/hotel-des-nordens-eventlocation-header-image-480x480.webp 480w\" sizes=\"(min-width: 0px) and (max-width: 480px) 480px, (min-width: 481px) 800px, 100vw\" class=\"wp-image-6568\" \/><\/span><\/div>\n<\/div>\n<\/div>\n<\/div>\n\n<div class=\"et_pb_section_1 et_pb_section et_section_regular et_block_section\">\n<div class=\"et_pb_row_1 et_pb_row et_pb_equal_columns et_block_row orderWrapper\">\n<div class=\"et_pb_column_2 et_pb_column et_pb_column_1_2 et_block_column et_pb_css_mix_blend_mode_passthrough tabletSecond\">\n<div class=\"et_pb_image_1 et_pb_image et_pb_image_sticky_tablet et_pb_module et_block_module preset--module--divi-image--f4c36f21-314c-43ce-b01c-e0dff776509a\"><span class=\"et_pb_image_wrap\"><img loading=\"lazy\" decoding=\"async\" src=\"https:\/\/hotel-des-nordens.com\/wp-content\/uploads\/2025\/09\/hochzeiten-image.jpg\" width=\"800\" height=\"620\" srcset=\"https:\/\/hotel-des-nordens.com\/wp-content\/uploads\/2025\/09\/hochzeiten-image-800x551.jpg 800w, https:\/\/hotel-des-nordens.com\/wp-content\/uploads\/2025\/09\/hochzeiten-image-480x270.jpg 480w\" sizes=\"(min-width: 0px) and (max-width: 480px) 480px, (min-width: 481px) and (max-width: 800px) 800px, 100vw\" class=\"wp-image-4661\" alt=\"Fejre bryllup\" \/><\/span><\/div>\n<\/div>\n\n<div class=\"et_pb_column_3 et_pb_column et_pb_column_1_2 et-last-child et_block_column et_pb_css_mix_blend_mode_passthrough tabletFirst\">\n<div class=\"et_pb_heading_1 et_pb_heading et_pb_module et_block_module preset--module--divi-heading--f5eead34-ecd1-47b6-b936-72bf5a4138f6\"><div class=\"et_pb_heading_container\"><h2 class=\"et_pb_module_header\">Din bryllupslokation i Flensborg<\/h2><\/div><\/div>\n\n<div class=\"et_pb_text_2 et_pb_text et_pb_bg_layout_light et_pb_module et_block_module preset--module--divi-text--2d186a9d-0022-4931-bb60-8056d0118c7b\"><div class=\"et_pb_text_inner\"><p>Vores hotel er det perfekte bryllupslokation i Flensborg. Et bryllup p\u00e5 Hotel des Nordens bliver en uforglemmelig oplevelse for dig og dine g\u00e6ster. Fra valg af bryllupskage til underholdning \u2013 vores erfarne team st\u00e5r klar med personlig r\u00e5dgivning og sans for detaljer. Sammen planl\u00e6gger vi din store dag helt efter dine \u00f8nsker.<\/p>\n<\/div><\/div>\n\n<div class=\"et_pb_module et_pb_button_module_wrapper et_pb_button_0_wrapper preset--module--divi-button--default_wrapper\"><a class=\"et_pb_button_0 et_pb_button et_pb_bg_layout_dark et_pb_module et_block_module preset--module--divi-button--default\" href=\"mailto:fle02-re@hotel-des-nordens.com?subject=Foresp\u00f8rgsel%20om%20bryllup\">Foresp\u00f8rg nu<\/a><\/div>\n<\/div>\n<\/div>\n<\/div>\n\n<div class=\"et_pb_section_2 et_pb_section et_section_regular et_block_section z-index-0\">\n<div class=\"et_pb_row_2 et_pb_row et_pb_equal_columns et_block_row\">\n<div class=\"et_pb_column_4 et_pb_column et_pb_column_1_2 et_block_column et_pb_css_mix_blend_mode_passthrough\">\n<div class=\"et_pb_heading_2 et_pb_heading et_pb_module et_block_module preset--module--divi-heading--f5eead34-ecd1-47b6-b936-72bf5a4138f6\"><div class=\"et_pb_heading_container\"><h2 class=\"et_pb_module_header\">Fejr som du \u00f8nsker det<\/h2><\/div><\/div>\n\n<div class=\"et_pb_text_3 et_pb_text et_pb_bg_layout_light et_pb_module et_block_module preset--module--divi-text--2d186a9d-0022-4931-bb60-8056d0118c7b\"><div class=\"et_pb_text_inner\"><p>Uanset om det er en rund f\u00f8dselsdag, familiefest eller en s\u00e6rlig anledning \u2013 p\u00e5 Hotel des Nordens finder du den perfekte ramme til uforglemmelige \u00f8jeblikke. Vores stilfulde lokaler rummer b\u00e5de sm\u00e5 og store selskaber og kan tilpasses dine \u00f8nsker. Fra dekoration i arrangementsrum i Harrislee og menu til dagens program planl\u00e6gger vi festen sammen \u2013 personligt, professionelt og individuelt. L\u00e6n dig tilbage og nyd dagen \u2013 vi tager os af resten.<\/p>\n<\/div><\/div>\n\n<div class=\"et_pb_module et_pb_button_module_wrapper et_pb_button_1_wrapper preset--module--divi-button--6387f850-9721-4354-a699-ff852c3c682e_wrapper\"><a class=\"et_pb_button_1 et_pb_button et_pb_bg_layout_dark et_pb_module et_block_module preset--module--divi-button--6387f850-9721-4354-a699-ff852c3c682e\" href=\"mailto:fle02-re@hotel-des-nordens.com?subject=Foresp\u00f8rgsel%20om%20privat%20fest\">Foresp\u00f8rg nu<\/a><\/div>\n<\/div>\n\n<div class=\"et_pb_column_5 et_pb_column et_pb_column_1_2 et-last-child et_block_column et_pb_css_mix_blend_mode_passthrough\">\n<div class=\"et_pb_image_2 et_pb_image et_pb_image_sticky_tablet et_pb_module et_block_module\"><span class=\"et_pb_image_wrap\"><img loading=\"lazy\" decoding=\"async\" src=\"https:\/\/hotel-des-nordens.com\/wp-content\/uploads\/2025\/09\/feiern-image-e1758706258279.jpg\" width=\"798\" height=\"617\" srcset=\"https:\/\/hotel-des-nordens.com\/wp-content\/uploads\/2025\/09\/feiern-image-e1758706258279-798x551.jpg 798w, https:\/\/hotel-des-nordens.com\/wp-content\/uploads\/2025\/09\/feiern-image-e1758706258279-480x270.jpg 480w\" sizes=\"(min-width: 0px) and (max-width: 480px) 480px, (min-width: 481px) and (max-width: 798px) 798px, 100vw\" class=\"wp-image-4655\" alt=\"Tallerken med bestik\" \/><\/span><\/div>\n<\/div>\n<\/div>\n<\/div>\n\n<div class=\"et_pb_section_3 et_pb_section et_section_regular et_block_section\">\n<div class=\"et_pb_row_3 et_pb_row et_pb_equal_columns et_block_row orderWrapper\">\n<div class=\"et_pb_column_6 et_pb_column et_pb_column_1_2 et_block_column et_pb_css_mix_blend_mode_passthrough tabletSecond\">\n<div class=\"et_pb_image_3 et_pb_image et_pb_image_sticky_tablet et_pb_module et_block_module preset--module--divi-image--f4c36f21-314c-43ce-b01c-e0dff776509a\"><span class=\"et_pb_image_wrap\"><img loading=\"lazy\" decoding=\"async\" src=\"https:\/\/hotel-des-nordens.com\/wp-content\/uploads\/2025\/09\/taufe-image-800x551.jpg\" alt=\"Et festligt d\u00e6kket bord med servietter, der st\u00e5r op p\u00e5 skinnende metalplader, glas og bestik.\" width=\"800\" height=\"551\" srcset=\"https:\/\/hotel-des-nordens.com\/wp-content\/uploads\/2025\/09\/taufe-image-800x551.jpg 800w, https:\/\/hotel-des-nordens.com\/wp-content\/uploads\/2025\/09\/taufe-image-480x270.jpg 480w\" sizes=\"(min-width: 0px) and (max-width: 480px) 480px, (min-width: 481px) and (max-width: 800px) 800px, 100vw\" class=\"wp-image-4683\" \/><\/span><\/div>\n<\/div>\n\n<div class=\"et_pb_column_7 et_pb_column et_pb_column_1_2 et-last-child et_block_column et_pb_css_mix_blend_mode_passthrough tabletFirst\">\n<div class=\"et_pb_heading_3 et_pb_heading et_pb_module et_block_module preset--module--divi-heading--f5eead34-ecd1-47b6-b936-72bf5a4138f6\"><div class=\"et_pb_heading_container\"><h2 class=\"et_pb_module_header\">Hold din d\u00e5b eller konfirmation i stilfulde omgivelser<\/h2><\/div><\/div>\n\n<div class=\"et_pb_text_4 et_pb_text et_pb_bg_layout_light et_pb_module et_block_module preset--module--divi-text--2d186a9d-0022-4931-bb60-8056d0118c7b\"><div class=\"et_pb_text_inner\"><p>Uanset om det er for sm\u00e5 b\u00f8rn, teenagere eller voksne \u2013 vi hj\u00e6lper dig med at planl\u00e6gge d\u00e5b eller konfirmation helt efter dine \u00f8nsker. Fejr denne s\u00e6rlige dag i festlige omgivelser og nyd et k\u00e6rligt sammensat festm\u00e5ltid sammen med dine g\u00e6ster i en elegant ramme i vores eventlokation i Flensborg.<\/p>\n<\/div><\/div>\n\n<div class=\"et_pb_module et_pb_button_module_wrapper et_pb_button_2_wrapper preset--module--divi-button--default_wrapper\"><a class=\"et_pb_button_2 et_pb_button et_pb_bg_layout_dark et_pb_module et_block_module preset--module--divi-button--default\" href=\"mailto:fle02-re@hotel-des-nordens.com?subject=Foresp\u00f8rgsel%20om%20privat%20fest\">Foresp\u00f8rg nu<\/a><\/div>\n<\/div>\n<\/div>\n<\/div>\n\n<div class=\"et_pb_section_4 et_pb_section et_section_specialty et_pb_equal_columns et_pb_gutters3 et_block_section preset--module--divi-specialty-section--default\"><div class=\"et_pb_row et_pb_row-3-4_1-4 et_block_row\">\n<div class=\"et_pb_column_8 et_pb_column et_pb_specialty_column et_pb_column_3_4 et_block_column et_pb_css_mix_blend_mode_passthrough\">\n<div class=\"et_pb_row_inner_0 et_pb_row_inner et_block_row\">\n<div class=\"et_pb_column_inner_0 et_pb_column_inner et_pb_column et_pb_column_4_4 et-last-child et_block_column et_pb_css_mix_blend_mode_passthrough\">\n<div class=\"et_pb_text_5 et_pb_text et_pb_bg_layout_light et_pb_module et_block_module preset--module--divi-text--17aa47f9-1791-4ef5-8c6e-2067ce530fd2\"><div class=\"et_pb_text_inner\"><p>Kontakt os nu<\/p>\n<\/div><\/div>\n\n<div class=\"et_pb_heading_4 et_pb_heading et_pb_module et_block_module preset--module--divi-heading--f5eead34-ecd1-47b6-b936-72bf5a4138f6\"><div class=\"et_pb_heading_container\"><h2 class=\"et_pb_module_header\">Fejr med os!<\/h2><\/div><\/div>\n\n<div class=\"et_pb_text_6 et_pb_text et_pb_bg_layout_light et_pb_module et_block_module preset--module--divi-text--2d186a9d-0022-4931-bb60-8056d0118c7b\"><div class=\"et_pb_text_inner\"><p>Har du en id\u00e9 til dit arrangement? S\u00e5 skriv til os! Vores team st\u00e5r til r\u00e5dighed for dig og tager gerne planl\u00e6gningen p\u00e5 sig \u2013 personligt, ukompliceret og med stor erfaring. Sammen s\u00f8rger vi for, at din begivenhed bliver uforglemmelig.   <\/p>\n<\/div><\/div>\n\n<div class=\"et_pb_module et_pb_button_module_wrapper et_pb_button_3_wrapper preset--module--divi-button--default_wrapper\"><a class=\"et_pb_button_3 et_pb_button et_pb_bg_layout_dark et_pb_module et_block_module preset--module--divi-button--default\" href=\"mailto:fle02-conf@hotel-des-nordens.com\">Send kontaktforesp\u00f8rgsel<\/a><\/div>\n<\/div>\n<\/div>\n<\/div>\n\n<div class=\"et_pb_column_9 et_pb_column et_pb_column_single et_pb_column_1_4 et-last-child et_block_column et_pb_column_empty et_pb_css_mix_blend_mode_passthrough\"><\/div>\n<\/div><\/div>","protected":false},"excerpt":{"rendered":"","protected":false},"author":9,"featured_media":5752,"parent":5614,"menu_order":3,"comment_status":"closed","ping_status":"closed","template":"","meta":{"inline_featured_image":false,"footnotes":""},"class_list":["post-5310","page","type-page","status-publish","has-post-thumbnail","hentry"],"yoast_head":"<!-- This site is optimized with the Yoast SEO plugin v27.6 - https:\/\/yoast.com\/product\/yoast-seo-wordpress\/ -->\n<title>Eventlokation i Flensborg | Hotel des Nordens<\/title>\n<meta name=\"description\" content=\"Hotel des Nordens er det perfekte sted til arrangementer i Flensborg. Send en foresp\u00f8rgsel nu til din private fest eller som bryllupssted.\" \/>\n<meta name=\"robots\" content=\"index, follow, max-snippet:-1, max-image-preview:large, max-video-preview:-1\" \/>\n<link rel=\"canonical\" href=\"https:\/\/hotel-des-nordens.com\/da\/moeder\/eventlokation\/\" \/>\n<meta property=\"og:locale\" content=\"da_DK\" \/>\n<meta property=\"og:type\" content=\"article\" \/>\n<meta property=\"og:title\" content=\"Eventlokation i Flensborg | Hotel des Nordens\" \/>\n<meta property=\"og:description\" content=\"Hotel des Nordens er det perfekte sted til arrangementer i Flensborg. Send en foresp\u00f8rgsel nu til din private fest eller som bryllupssted.\" \/>\n<meta property=\"og:url\" content=\"https:\/\/hotel-des-nordens.com\/da\/moeder\/eventlokation\/\" \/>\n<meta property=\"og:site_name\" content=\"Hotel des Nordens\" \/>\n<meta property=\"article:publisher\" content=\"https:\/\/www.facebook.com\/HotelDesNordens\/\" \/>\n<meta property=\"article:modified_time\" content=\"2026-05-12T10:36:27+00:00\" \/>\n<meta property=\"og:image\" content=\"https:\/\/hotel-des-nordens.com\/wp-content\/uploads\/2025\/09\/feiern-kontakt-image.jpg\" \/>\n\t<meta property=\"og:image:width\" content=\"1920\" \/>\n\t<meta property=\"og:image:height\" content=\"973\" \/>\n\t<meta property=\"og:image:type\" content=\"image\/jpeg\" \/>\n<meta name=\"twitter:card\" content=\"summary_large_image\" \/>\n<script type=\"application\/ld+json\" class=\"yoast-schema-graph\">{\"@context\":\"https:\\\/\\\/schema.org\",\"@graph\":[{\"@type\":\"WebPage\",\"@id\":\"https:\\\/\\\/hotel-des-nordens.com\\\/da\\\/moeder\\\/eventlokation\\\/\",\"url\":\"https:\\\/\\\/hotel-des-nordens.com\\\/da\\\/moeder\\\/eventlokation\\\/\",\"name\":\"Eventlokation i Flensborg | Hotel des Nordens\",\"isPartOf\":{\"@id\":\"https:\\\/\\\/hotel-des-nordens.com\\\/da\\\/#website\"},\"primaryImageOfPage\":{\"@id\":\"https:\\\/\\\/hotel-des-nordens.com\\\/da\\\/moeder\\\/eventlokation\\\/#primaryimage\"},\"image\":{\"@id\":\"https:\\\/\\\/hotel-des-nordens.com\\\/da\\\/moeder\\\/eventlokation\\\/#primaryimage\"},\"thumbnailUrl\":\"https:\\\/\\\/hotel-des-nordens.com\\\/wp-content\\\/uploads\\\/2025\\\/09\\\/feiern-kontakt-image.jpg\",\"datePublished\":\"2025-09-22T11:24:18+00:00\",\"dateModified\":\"2026-05-12T10:36:27+00:00\",\"description\":\"Hotel des Nordens er det perfekte sted til arrangementer i Flensborg. Send en foresp\u00f8rgsel nu til din private fest eller som bryllupssted.\",\"breadcrumb\":{\"@id\":\"https:\\\/\\\/hotel-des-nordens.com\\\/da\\\/moeder\\\/eventlokation\\\/#breadcrumb\"},\"inLanguage\":\"da-DK\",\"potentialAction\":[{\"@type\":\"ReadAction\",\"target\":[\"https:\\\/\\\/hotel-des-nordens.com\\\/da\\\/moeder\\\/eventlokation\\\/\"]}]},{\"@type\":\"ImageObject\",\"inLanguage\":\"da-DK\",\"@id\":\"https:\\\/\\\/hotel-des-nordens.com\\\/da\\\/moeder\\\/eventlokation\\\/#primaryimage\",\"url\":\"https:\\\/\\\/hotel-des-nordens.com\\\/wp-content\\\/uploads\\\/2025\\\/09\\\/feiern-kontakt-image.jpg\",\"contentUrl\":\"https:\\\/\\\/hotel-des-nordens.com\\\/wp-content\\\/uploads\\\/2025\\\/09\\\/feiern-kontakt-image.jpg\",\"width\":1920,\"height\":973,\"caption\":\"To m\u00e6nd sidder sammen og sk\u00e5ler med et glas mousserende vin.\"},{\"@type\":\"BreadcrumbList\",\"@id\":\"https:\\\/\\\/hotel-des-nordens.com\\\/da\\\/moeder\\\/eventlokation\\\/#breadcrumb\",\"itemListElement\":[{\"@type\":\"ListItem\",\"position\":1,\"name\":\"Home\",\"item\":\"https:\\\/\\\/hotel-des-nordens.com\\\/da\\\/\"},{\"@type\":\"ListItem\",\"position\":2,\"name\":\"M\u00f8der og arrangementer\",\"item\":\"https:\\\/\\\/hotel-des-nordens.com\\\/da\\\/moeder\\\/\"},{\"@type\":\"ListItem\",\"position\":3,\"name\":\"Eventlokation\"}]},{\"@type\":\"WebSite\",\"@id\":\"https:\\\/\\\/hotel-des-nordens.com\\\/da\\\/#website\",\"url\":\"https:\\\/\\\/hotel-des-nordens.com\\\/da\\\/\",\"name\":\"Hotel des Nordens\",\"description\":\"\",\"publisher\":{\"@id\":\"https:\\\/\\\/hotel-des-nordens.com\\\/da\\\/#organization\"},\"potentialAction\":[{\"@type\":\"SearchAction\",\"target\":{\"@type\":\"EntryPoint\",\"urlTemplate\":\"https:\\\/\\\/hotel-des-nordens.com\\\/da\\\/?s={search_term_string}\"},\"query-input\":{\"@type\":\"PropertyValueSpecification\",\"valueRequired\":true,\"valueName\":\"search_term_string\"}}],\"inLanguage\":\"da-DK\"},{\"@type\":\"Organization\",\"@id\":\"https:\\\/\\\/hotel-des-nordens.com\\\/da\\\/#organization\",\"name\":\"Hotel des Nordens\",\"url\":\"https:\\\/\\\/hotel-des-nordens.com\\\/da\\\/\",\"logo\":{\"@type\":\"ImageObject\",\"inLanguage\":\"da-DK\",\"@id\":\"https:\\\/\\\/hotel-des-nordens.com\\\/da\\\/#\\\/schema\\\/logo\\\/image\\\/\",\"url\":\"https:\\\/\\\/hotel-des-nordens.com\\\/wp-content\\\/uploads\\\/2025\\\/09\\\/cropped-hotel-des-nordens-icon.png\",\"contentUrl\":\"https:\\\/\\\/hotel-des-nordens.com\\\/wp-content\\\/uploads\\\/2025\\\/09\\\/cropped-hotel-des-nordens-icon.png\",\"width\":512,\"height\":512,\"caption\":\"Hotel des Nordens\"},\"image\":{\"@id\":\"https:\\\/\\\/hotel-des-nordens.com\\\/da\\\/#\\\/schema\\\/logo\\\/image\\\/\"},\"sameAs\":[\"https:\\\/\\\/www.facebook.com\\\/HotelDesNordens\\\/\",\"https:\\\/\\\/www.instagram.com\\\/hoteldesnordens\\\/\"]}]}<\/script>\n<!-- \/ Yoast SEO plugin. -->","yoast_head_json":{"title":"Eventlokation i Flensborg | Hotel des Nordens","description":"Hotel des Nordens er det perfekte sted til arrangementer i Flensborg. Send en foresp\u00f8rgsel nu til din private fest eller som bryllupssted.","robots":{"index":"index","follow":"follow","max-snippet":"max-snippet:-1","max-image-preview":"max-image-preview:large","max-video-preview":"max-video-preview:-1"},"canonical":"https:\/\/hotel-des-nordens.com\/da\/moeder\/eventlokation\/","og_locale":"da_DK","og_type":"article","og_title":"Eventlokation i Flensborg | Hotel des Nordens","og_description":"Hotel des Nordens er det perfekte sted til arrangementer i Flensborg. Send en foresp\u00f8rgsel nu til din private fest eller som bryllupssted.","og_url":"https:\/\/hotel-des-nordens.com\/da\/moeder\/eventlokation\/","og_site_name":"Hotel des Nordens","article_publisher":"https:\/\/www.facebook.com\/HotelDesNordens\/","article_modified_time":"2026-05-12T10:36:27+00:00","og_image":[{"width":1920,"height":973,"url":"https:\/\/hotel-des-nordens.com\/wp-content\/uploads\/2025\/09\/feiern-kontakt-image.jpg","type":"image\/jpeg"}],"twitter_card":"summary_large_image","schema":{"@context":"https:\/\/schema.org","@graph":[{"@type":"WebPage","@id":"https:\/\/hotel-des-nordens.com\/da\/moeder\/eventlokation\/","url":"https:\/\/hotel-des-nordens.com\/da\/moeder\/eventlokation\/","name":"Eventlokation i Flensborg | Hotel des Nordens","isPartOf":{"@id":"https:\/\/hotel-des-nordens.com\/da\/#website"},"primaryImageOfPage":{"@id":"https:\/\/hotel-des-nordens.com\/da\/moeder\/eventlokation\/#primaryimage"},"image":{"@id":"https:\/\/hotel-des-nordens.com\/da\/moeder\/eventlokation\/#primaryimage"},"thumbnailUrl":"https:\/\/hotel-des-nordens.com\/wp-content\/uploads\/2025\/09\/feiern-kontakt-image.jpg","datePublished":"2025-09-22T11:24:18+00:00","dateModified":"2026-05-12T10:36:27+00:00","description":"Hotel des Nordens er det perfekte sted til arrangementer i Flensborg. Send en foresp\u00f8rgsel nu til din private fest eller som bryllupssted.","breadcrumb":{"@id":"https:\/\/hotel-des-nordens.com\/da\/moeder\/eventlokation\/#breadcrumb"},"inLanguage":"da-DK","potentialAction":[{"@type":"ReadAction","target":["https:\/\/hotel-des-nordens.com\/da\/moeder\/eventlokation\/"]}]},{"@type":"ImageObject","inLanguage":"da-DK","@id":"https:\/\/hotel-des-nordens.com\/da\/moeder\/eventlokation\/#primaryimage","url":"https:\/\/hotel-des-nordens.com\/wp-content\/uploads\/2025\/09\/feiern-kontakt-image.jpg","contentUrl":"https:\/\/hotel-des-nordens.com\/wp-content\/uploads\/2025\/09\/feiern-kontakt-image.jpg","width":1920,"height":973,"caption":"To m\u00e6nd sidder sammen og sk\u00e5ler med et glas mousserende vin."},{"@type":"BreadcrumbList","@id":"https:\/\/hotel-des-nordens.com\/da\/moeder\/eventlokation\/#breadcrumb","itemListElement":[{"@type":"ListItem","position":1,"name":"Home","item":"https:\/\/hotel-des-nordens.com\/da\/"},{"@type":"ListItem","position":2,"name":"M\u00f8der og arrangementer","item":"https:\/\/hotel-des-nordens.com\/da\/moeder\/"},{"@type":"ListItem","position":3,"name":"Eventlokation"}]},{"@type":"WebSite","@id":"https:\/\/hotel-des-nordens.com\/da\/#website","url":"https:\/\/hotel-des-nordens.com\/da\/","name":"Hotel des Nordens","description":"","publisher":{"@id":"https:\/\/hotel-des-nordens.com\/da\/#organization"},"potentialAction":[{"@type":"SearchAction","target":{"@type":"EntryPoint","urlTemplate":"https:\/\/hotel-des-nordens.com\/da\/?s={search_term_string}"},"query-input":{"@type":"PropertyValueSpecification","valueRequired":true,"valueName":"search_term_string"}}],"inLanguage":"da-DK"},{"@type":"Organization","@id":"https:\/\/hotel-des-nordens.com\/da\/#organization","name":"Hotel des Nordens","url":"https:\/\/hotel-des-nordens.com\/da\/","logo":{"@type":"ImageObject","inLanguage":"da-DK","@id":"https:\/\/hotel-des-nordens.com\/da\/#\/schema\/logo\/image\/","url":"https:\/\/hotel-des-nordens.com\/wp-content\/uploads\/2025\/09\/cropped-hotel-des-nordens-icon.png","contentUrl":"https:\/\/hotel-des-nordens.com\/wp-content\/uploads\/2025\/09\/cropped-hotel-des-nordens-icon.png","width":512,"height":512,"caption":"Hotel des Nordens"},"image":{"@id":"https:\/\/hotel-des-nordens.com\/da\/#\/schema\/logo\/image\/"},"sameAs":["https:\/\/www.facebook.com\/HotelDesNordens\/","https:\/\/www.instagram.com\/hoteldesnordens\/"]}]}},"jetpack_sharing_enabled":true,"_links":{"self":[{"href":"https:\/\/hotel-des-nordens.com\/da\/wp-json\/wp\/v2\/pages\/5310","targetHints":{"allow":["GET"]}}],"collection":[{"href":"https:\/\/hotel-des-nordens.com\/da\/wp-json\/wp\/v2\/pages"}],"about":[{"href":"https:\/\/hotel-des-nordens.com\/da\/wp-json\/wp\/v2\/types\/page"}],"author":[{"embeddable":true,"href":"https:\/\/hotel-des-nordens.com\/da\/wp-json\/wp\/v2\/users\/9"}],"replies":[{"embeddable":true,"href":"https:\/\/hotel-des-nordens.com\/da\/wp-json\/wp\/v2\/comments?post=5310"}],"version-history":[{"count":5,"href":"https:\/\/hotel-des-nordens.com\/da\/wp-json\/wp\/v2\/pages\/5310\/revisions"}],"predecessor-version":[{"id":9688,"href":"https:\/\/hotel-des-nordens.com\/da\/wp-json\/wp\/v2\/pages\/5310\/revisions\/9688"}],"up":[{"embeddable":true,"href":"https:\/\/hotel-des-nordens.com\/da\/wp-json\/wp\/v2\/pages\/5614"}],"wp:featuredmedia":[{"embeddable":true,"href":"https:\/\/hotel-des-nordens.com\/da\/wp-json\/wp\/v2\/media\/5752"}],"wp:attachment":[{"href":"https:\/\/hotel-des-nordens.com\/da\/wp-json\/wp\/v2\/media?parent=5310"}],"curies":[{"name":"wp","href":"https:\/\/api.w.org\/{rel}","templated":true}]}}