{"id":5304,"date":"2025-08-12T22:21:15","date_gmt":"2025-08-12T22:21:15","guid":{"rendered":"https:\/\/p-ul7el4.project.space\/tilgaengelighed\/"},"modified":"2026-05-13T09:33:00","modified_gmt":"2026-05-13T09:33:00","slug":"tilgaengelighedserklaering","status":"publish","type":"page","link":"https:\/\/hotel-des-nordens.com\/da\/tilgaengelighedserklaering\/","title":{"rendered":"Tilg\u00e6ngelighed"},"content":{"rendered":"<div class=\"et_pb_section_0 et_pb_section et_section_regular et_block_section\">\n<div class=\"et_pb_row_0 et_pb_row et_block_row\">\n<div class=\"et_pb_column_0 et_pb_column et_pb_column_4_4 et-last-child et_block_column et_pb_css_mix_blend_mode_passthrough\">\n<div class=\"et_pb_heading_0 et_pb_heading et_pb_module et_flex_module preset--module--divi-heading--6b1cdf70-b116-44f1-b170-07837637ffba\"><div class=\"et_pb_heading_container\"><h1 class=\"et_pb_module_header\">Tilg\u00e6ngelighed<\/h1><\/div><\/div>\n<\/div>\n<\/div>\n\n<div class=\"et_pb_row_1 et_pb_row et_pb_equal_columns et_pb_gutters2 et_block_row\">\n<div class=\"et_pb_column_1 et_pb_column et_pb_column_4_4 et-last-child et_block_column et_pb_css_mix_blend_mode_passthrough\">\n<div class=\"et_pb_text_0 et_pb_text et_pb_bg_layout_light et_pb_module et_block_module preset--module--divi-text--c3d91961-9451-496c-928a-baa38afa33d4\"><div class=\"et_pb_text_inner\"><p style=\"text-align: left;\"><strong>HRG Hospitality B.V. &amp; Co. KG<\/strong><br \/>\nHauptstra\u00dfe 66<br \/>\nD-12159 Berlin<br \/>\nTyskland<\/p>\n<p style=\"text-align: left;\">Website: <a href=\"https:\/\/revo-hospitality-group.com\/de\">https:\/\/revo-hospitality-group.com\/de<\/a><br \/>\nTlf: <a href=\"Tlf:+493077327800\">+49 (0)30 773 27 80 \u2013 0<\/a><br \/>\nFax: +49 (0)30 773 27 80 \u2013 29<br \/>\nE-Mail: <a href=\"mailto:info@revo-h.com\">info@revo-h.com<\/a><\/p>\n<h2 class=\"fusion-responsive-typography-calculated\" style=\"--fontsize: 31; line-height: 1.2; text-align: left;\">Indledning<\/h2>\n<p style=\"text-align: left;\">HRG Hospitality B.V. &amp; Co. KG bestr\u00e6ber sig p\u00e5 at g\u00f8re sin hjemmeside<br \/>\n<a href=\"https:\/\/revo-hospitality-group.com\/\">https:\/\/revo-hospitality-group.com\/<\/a><br \/>\ntilg\u00e6ngelig i overensstemmelse med loven om styrkelse af tilg\u00e6ngelighed (BFSG) og forordningen om tilg\u00e6ngelig informationsteknologi (BITV 2.0).<\/p>\n<p style=\"text-align: left;\"><strong>Denne erkl\u00e6ring om tilg\u00e6ngelighed g\u00e6lder for f\u00f8lgende websteder<\/strong><\/p>\n<ul>\n<li><a href=\"https:\/\/revo-hospitality-group.com\/\">https:\/\/revo-hospitality-group.com\/<\/a><\/li>\n<li><a href=\"https:\/\/www.revo-club.com\/\">https:\/\/www.revo-club.com\/<\/a><\/li>\n<li><a href=\"https:\/\/www.vagabondclub.com\/en\/\">https:\/\/www.vagabondclub.com\/en\/<\/a><\/li>\n<li><a href=\"https:\/\/www.aedenlife-ruegen.com\/\">https:\/\/www.aedenlife-ruegen.com\/<\/a><\/li>\n<li><a href=\"https:\/\/markgraf-hotel-leipzig.com\/\">https:\/\/markgraf-hotel-leipzig.com\/<\/a><\/li>\n<li><a href=\"https:\/\/sylt-strandhotel.de\">https:\/\/sylt-strandhotel.de<\/a><\/li>\n<li><a href=\"https:\/\/pullman-stuttgart.com\/\">https:\/\/pullman-stuttgart.com\/<\/a><\/li>\n<li><a href=\"https:\/\/spasphere.de\">https:\/\/spasphere.de<\/a><\/li>\n<li><a href=\"https:\/\/shop.aedenlife-ruegen.com\/shop\/\">https:\/\/shop.aedenlife-ruegen.com\/shop\/<\/a><\/li>\n<li><a href=\"https:\/\/voucher-movenpick-hamburg.hrg-voucher.com\/\">https:\/\/voucher-movenpick-hamburg.hrg-voucher.com\/<\/a><\/li>\n<li><a href=\"https:\/\/voucher-movenpick-muenster.hrg-voucher.com\/\">https:\/\/voucher-movenpick-muenster.hrg-voucher.com\/<\/a><\/li>\n<li><a href=\"https:\/\/voucher-hotel-des-nordens.hrg-voucher.com\/\">https:\/\/voucher-hotel-des-nordens.hrg-voucher.com\/<\/a><\/li>\n<li><a href=\"https:\/\/voucher-movenpick-stuttgart.hrg-voucher.com\/\">https:\/\/voucher-movenpick-stuttgart.hrg-voucher.com\/<\/a><\/li>\n<li><a href=\"https:\/\/gutscheinshopmpstgtmesse.kinsta.cloud\/\">https:\/\/gutscheinshopmpstgtmesse.kinsta.cloud\/<\/a><\/li>\n<li><a href=\"https:\/\/voucher-pullman-berlin.hrg-voucher.com\/\">https:\/\/voucher-pullman-berlin.hrg-voucher.com\/<\/a><\/li>\n<li><a href=\"https:\/\/voucher-pullman-stuttgart.hrg-voucher.com\/\">https:\/\/voucher-pullman-stuttgart.hrg-voucher.com\/<\/a><\/li>\n<li><a href=\"https:\/\/chesa-roessli.de\/\">https:\/\/chesa-roessli.de\/<\/a><\/li>\n<li><a href=\"https:\/\/giacobbe.nl\/\">https:\/\/giacobbe.nl\/<\/a><\/li>\n<li><a href=\"https:\/\/www.joseph-wienerwirtshaus.com\/\">https:\/\/www.joseph-wienerwirtshaus.com\/<\/a><\/li>\n<li><a href=\"https:\/\/thecanteen.eu\/\">https:\/\/thecanteen.eu\/<\/a><\/li>\n<li><a href=\"https:\/\/www.mavericks.berlin\/de\/\">https:\/\/www.mavericks.berlin\/de\/<\/a><\/li>\n<li><a href=\"https:\/\/www.mavericksrestaurant.pl\/en\/\">https:\/\/www.mavericksrestaurant.pl\/en\/<\/a><\/li>\n<li><a href=\"https:\/\/www.skykitchen.berlin\/de\/\">https:\/\/www.skykitchen.berlin\/de\/<\/a><\/li>\n<li><a href=\"https:\/\/www.loft14.berlin\/de\/\">https:\/\/www.loft14.berlin\/de\/<\/a><\/li>\n<li><a href=\"https:\/\/www.bullandbonito.com\/en\">https:\/\/www.bullandbonito.com\/en<\/a><\/li>\n<li><a href=\"https:\/\/www.thepublic-pubandbar.com\/\">https:\/\/www.thepublic-pubandbar.com\/<\/a><\/li>\n<li><a href=\"https:\/\/restaurant-blend.com\">https:\/\/restaurant-blend.com<\/a><\/li>\n<\/ul>\n<p style=\"text-align: left;\">Overensstemmelse med lovm\u00e6ssige krav<\/p>\n<p style=\"text-align: left;\">Disse websteder er delvist i overensstemmelse med loven om styrkelse af tilg\u00e6ngelighed (BFSG) i forbindelse med BITV 2.0 og standarden EN 301 549. Nedenst\u00e5ende indhold er i \u00f8jeblikket ikke fuldst\u00e6ndigt tilg\u00e6ngeligt.<\/p>\n<h3 style=\"text-align: left;\">1. Ikke-tilg\u00e6ngeligt indhold<\/h3>\n<h4 style=\"text-align: left;\">a) Beskrivelse af barriererne<\/h4>\n<p style=\"text-align: left;\">F\u00f8lgende indhold eller funktioner opfylder endnu ikke fuldt ud de g\u00e6ldende krav:<\/p>\n<ul style=\"text-align: left; margin-left: 2em; padding-left: 1em; list-style-position: outside;\">\n<li>PDF-dokumenter (f.eks. pressemeddelelser, menukort)<\/li>\n<li>Billeder med utilstr\u00e6kkelige alternative tekster<\/li>\n<li>Navigationen kan ikke betjenes fuldst\u00e6ndigt via tastaturet i alle omr\u00e5der.<\/li>\n<li>Delvist utilstr\u00e6kkelige farvekontraster<\/li>\n<li>Manglende ARIA-labels eller semantiske markeringer<\/li>\n<\/ul>\n<h4 style=\"text-align: left;\">b) Tidsplan for afhj\u00e6lpning<\/h4>\n<p style=\"text-align: left;\">De n\u00e6vnte barrierer fjernes gradvist i forbindelse med den l\u00f8bende videreudvikling af vores websteder. En fuldst\u00e6ndig implementering af tilg\u00e6ngelighed er planlagt til 31. december 2025.<\/p>\n<h4 style=\"text-align: left;\">c) Barrierefri alternativer<\/h4>\n<ul style=\"text-align: left; margin-left: 2em; padding-left: 1em; list-style-position: outside;\">\n<li>Indhold kan rekvireres pr. telefon eller e-mail.<\/li>\n<li>P\u00e5 anmodning stiller vi information til r\u00e5dighed i alternative formater.<\/li>\n<li>Vores kundeservice hj\u00e6lper dig med navigation og booking<\/li>\n<\/ul>\n<h3 style=\"text-align: left;\">2. Uforholdsm\u00e6ssig byrde<\/h3>\n<p style=\"text-align: left;\">Nogle \u00e6ldre indholdselementer udg\u00f8r efter den nuv\u00e6rende vurdering en uforholdsm\u00e6ssig byrde i henhold til \u00a7 4 BFSG og kan derfor ikke stilles til r\u00e5dighed uden barrierer p\u00e5 nuv\u00e6rende tidspunkt. Dette omfatter:<\/p>\n<ul style=\"text-align: left; margin-left: 2em; padding-left: 1em; list-style-position: outside;\">\n<li>Indhold fra eksterne reservationssystemer<\/li>\n<\/ul>\n<h3 style=\"text-align: left;\">3. Indhold uden for anvendelsesomr\u00e5det<\/h3>\n<p style=\"text-align: left;\">F\u00f8lgende indhold er ikke omfattet af lovgivningen om tilg\u00e6ngelighed:<\/p>\n<ul style=\"text-align: left; margin-left: 2em; padding-left: 1em; list-style-position: outside;\">\n<li>Tredjepartsindhold (f.eks. reservationssystemer, integrerede Google Maps, YouTube-videoer, reservationsv\u00e6rkt\u00f8jer)<\/li>\n<\/ul>\n<h3>Udarbejdelse af denne erkl\u00e6ring<\/h3>\n<p style=\"text-align: left;\">Denne erkl\u00e6ring blev udarbejdet den 4. juni 2025.<br \/>\nVurderingen af tilg\u00e6ngeligheden blev foretaget ved en selvvurdering baseret p\u00e5 kravene i EN 301 549 og BITV 2.0 af det interne webteam.<br \/>\nSeneste kontrol: 4. juni 2025<\/p>\n<h3 style=\"text-align: left;\">Kontakt og feedback<\/h3>\n<p style=\"text-align: left;\">Hvis du st\u00f8der p\u00e5 barrierer eller har kommentarer til tilg\u00e6ngeligheden af vores hjemmeside, bedes du kontakte os:<br \/>\nE-mail:<a href=\"mailto:info@revo-h.com\"> info@revo-h.com<\/a><br \/>\nVi bestr\u00e6ber os p\u00e5 at behandle alle henvendelser hurtigst muligt.<\/p>\n<p style=\"text-align: left;\"><strong>Klageprocedure<br \/>\n<\/strong>Hvis De ikke er tilfreds med vores svar p\u00e5 Deres henvendelse vedr\u00f8rende tilg\u00e6ngelighed, kan De henvende Dem til forligsinstansen i henhold til loven om ligestilling af personer med handicap (BGG):<\/p>\n<p style=\"text-align: left;\"><strong>Schlichtungsstelle BGG<\/strong><br \/>\nc\/o Bundesbeauftragter f\u00fcr die Belange von Menschen mit Behinderungen<br \/>\nMauerstra\u00dfe 53<br \/>\n10117 Berlin<\/p>\n<p style=\"text-align: left;\">Tlf. : <a href=\"Tlf:+4930185272805\">030 18 527-2805<\/a><br \/>\nE-Mail: <a href=\"mailto:info@schlichtungsstelle-bgg.de\">info@schlichtungsstelle-bgg.de<\/a><br \/>\nWebsted: <a href=\"https:\/\/www.schlichtungsstelle-bgg.de\">www.schlichtungsstelle-bgg.de<\/a><\/p>\n<\/div><\/div>\n<\/div>\n<\/div>\n<\/div>","protected":false},"excerpt":{"rendered":"","protected":false},"author":9,"featured_media":0,"parent":0,"menu_order":0,"comment_status":"closed","ping_status":"closed","template":"","meta":{"inline_featured_image":false,"footnotes":""},"class_list":["post-5304","page","type-page","status-publish","hentry"],"yoast_head":"<!-- This site is optimized with the Yoast SEO plugin v27.6 - https:\/\/yoast.com\/product\/yoast-seo-wordpress\/ -->\n<title>Tilg\u00e6ngelighedserkl\u00e6ring | Hotel des Nordens<\/title>\n<meta name=\"description\" content=\"Tilg\u00e6ngelighedserkl\u00e6ring for brugen af Hotel des Nordens hjemmeside.\" \/>\n<meta name=\"robots\" content=\"index, follow, max-snippet:-1, max-image-preview:large, max-video-preview:-1\" \/>\n<link rel=\"canonical\" href=\"https:\/\/hotel-des-nordens.com\/da\/tilgaengelighedserklaering\/\" \/>\n<meta property=\"og:locale\" content=\"da_DK\" \/>\n<meta property=\"og:type\" content=\"article\" \/>\n<meta property=\"og:title\" content=\"Tilg\u00e6ngelighedserkl\u00e6ring | Hotel des Nordens\" \/>\n<meta property=\"og:description\" content=\"Tilg\u00e6ngelighedserkl\u00e6ring for brugen af Hotel des Nordens hjemmeside.\" \/>\n<meta property=\"og:url\" content=\"https:\/\/hotel-des-nordens.com\/da\/tilgaengelighedserklaering\/\" \/>\n<meta property=\"og:site_name\" content=\"Hotel des Nordens\" \/>\n<meta property=\"article:publisher\" content=\"https:\/\/www.facebook.com\/HotelDesNordens\/\" \/>\n<meta property=\"article:modified_time\" content=\"2026-05-13T09:33:00+00:00\" \/>\n<meta name=\"twitter:card\" content=\"summary_large_image\" \/>\n<script type=\"application\/ld+json\" class=\"yoast-schema-graph\">{\"@context\":\"https:\\\/\\\/schema.org\",\"@graph\":[{\"@type\":\"WebPage\",\"@id\":\"https:\\\/\\\/hotel-des-nordens.com\\\/da\\\/tilgaengelighedserklaering\\\/\",\"url\":\"https:\\\/\\\/hotel-des-nordens.com\\\/da\\\/tilgaengelighedserklaering\\\/\",\"name\":\"Tilg\u00e6ngelighedserkl\u00e6ring | Hotel des Nordens\",\"isPartOf\":{\"@id\":\"https:\\\/\\\/hotel-des-nordens.com\\\/da\\\/#website\"},\"datePublished\":\"2025-08-12T22:21:15+00:00\",\"dateModified\":\"2026-05-13T09:33:00+00:00\",\"description\":\"Tilg\u00e6ngelighedserkl\u00e6ring for brugen af Hotel des Nordens hjemmeside.\",\"breadcrumb\":{\"@id\":\"https:\\\/\\\/hotel-des-nordens.com\\\/da\\\/tilgaengelighedserklaering\\\/#breadcrumb\"},\"inLanguage\":\"da-DK\",\"potentialAction\":[{\"@type\":\"ReadAction\",\"target\":[\"https:\\\/\\\/hotel-des-nordens.com\\\/da\\\/tilgaengelighedserklaering\\\/\"]}]},{\"@type\":\"BreadcrumbList\",\"@id\":\"https:\\\/\\\/hotel-des-nordens.com\\\/da\\\/tilgaengelighedserklaering\\\/#breadcrumb\",\"itemListElement\":[{\"@type\":\"ListItem\",\"position\":1,\"name\":\"Home\",\"item\":\"https:\\\/\\\/hotel-des-nordens.com\\\/da\\\/\"},{\"@type\":\"ListItem\",\"position\":2,\"name\":\"Tilg\u00e6ngelighed\"}]},{\"@type\":\"WebSite\",\"@id\":\"https:\\\/\\\/hotel-des-nordens.com\\\/da\\\/#website\",\"url\":\"https:\\\/\\\/hotel-des-nordens.com\\\/da\\\/\",\"name\":\"Hotel des Nordens\",\"description\":\"\",\"publisher\":{\"@id\":\"https:\\\/\\\/hotel-des-nordens.com\\\/da\\\/#organization\"},\"potentialAction\":[{\"@type\":\"SearchAction\",\"target\":{\"@type\":\"EntryPoint\",\"urlTemplate\":\"https:\\\/\\\/hotel-des-nordens.com\\\/da\\\/?s={search_term_string}\"},\"query-input\":{\"@type\":\"PropertyValueSpecification\",\"valueRequired\":true,\"valueName\":\"search_term_string\"}}],\"inLanguage\":\"da-DK\"},{\"@type\":\"Organization\",\"@id\":\"https:\\\/\\\/hotel-des-nordens.com\\\/da\\\/#organization\",\"name\":\"Hotel des Nordens\",\"url\":\"https:\\\/\\\/hotel-des-nordens.com\\\/da\\\/\",\"logo\":{\"@type\":\"ImageObject\",\"inLanguage\":\"da-DK\",\"@id\":\"https:\\\/\\\/hotel-des-nordens.com\\\/da\\\/#\\\/schema\\\/logo\\\/image\\\/\",\"url\":\"https:\\\/\\\/hotel-des-nordens.com\\\/wp-content\\\/uploads\\\/2025\\\/09\\\/cropped-hotel-des-nordens-icon.png\",\"contentUrl\":\"https:\\\/\\\/hotel-des-nordens.com\\\/wp-content\\\/uploads\\\/2025\\\/09\\\/cropped-hotel-des-nordens-icon.png\",\"width\":512,\"height\":512,\"caption\":\"Hotel des Nordens\"},\"image\":{\"@id\":\"https:\\\/\\\/hotel-des-nordens.com\\\/da\\\/#\\\/schema\\\/logo\\\/image\\\/\"},\"sameAs\":[\"https:\\\/\\\/www.facebook.com\\\/HotelDesNordens\\\/\",\"https:\\\/\\\/www.instagram.com\\\/hoteldesnordens\\\/\"]}]}<\/script>\n<!-- \/ Yoast SEO plugin. -->","yoast_head_json":{"title":"Tilg\u00e6ngelighedserkl\u00e6ring | Hotel des Nordens","description":"Tilg\u00e6ngelighedserkl\u00e6ring for brugen af Hotel des Nordens hjemmeside.","robots":{"index":"index","follow":"follow","max-snippet":"max-snippet:-1","max-image-preview":"max-image-preview:large","max-video-preview":"max-video-preview:-1"},"canonical":"https:\/\/hotel-des-nordens.com\/da\/tilgaengelighedserklaering\/","og_locale":"da_DK","og_type":"article","og_title":"Tilg\u00e6ngelighedserkl\u00e6ring | Hotel des Nordens","og_description":"Tilg\u00e6ngelighedserkl\u00e6ring for brugen af Hotel des Nordens hjemmeside.","og_url":"https:\/\/hotel-des-nordens.com\/da\/tilgaengelighedserklaering\/","og_site_name":"Hotel des Nordens","article_publisher":"https:\/\/www.facebook.com\/HotelDesNordens\/","article_modified_time":"2026-05-13T09:33:00+00:00","twitter_card":"summary_large_image","schema":{"@context":"https:\/\/schema.org","@graph":[{"@type":"WebPage","@id":"https:\/\/hotel-des-nordens.com\/da\/tilgaengelighedserklaering\/","url":"https:\/\/hotel-des-nordens.com\/da\/tilgaengelighedserklaering\/","name":"Tilg\u00e6ngelighedserkl\u00e6ring | Hotel des Nordens","isPartOf":{"@id":"https:\/\/hotel-des-nordens.com\/da\/#website"},"datePublished":"2025-08-12T22:21:15+00:00","dateModified":"2026-05-13T09:33:00+00:00","description":"Tilg\u00e6ngelighedserkl\u00e6ring for brugen af Hotel des Nordens hjemmeside.","breadcrumb":{"@id":"https:\/\/hotel-des-nordens.com\/da\/tilgaengelighedserklaering\/#breadcrumb"},"inLanguage":"da-DK","potentialAction":[{"@type":"ReadAction","target":["https:\/\/hotel-des-nordens.com\/da\/tilgaengelighedserklaering\/"]}]},{"@type":"BreadcrumbList","@id":"https:\/\/hotel-des-nordens.com\/da\/tilgaengelighedserklaering\/#breadcrumb","itemListElement":[{"@type":"ListItem","position":1,"name":"Home","item":"https:\/\/hotel-des-nordens.com\/da\/"},{"@type":"ListItem","position":2,"name":"Tilg\u00e6ngelighed"}]},{"@type":"WebSite","@id":"https:\/\/hotel-des-nordens.com\/da\/#website","url":"https:\/\/hotel-des-nordens.com\/da\/","name":"Hotel des Nordens","description":"","publisher":{"@id":"https:\/\/hotel-des-nordens.com\/da\/#organization"},"potentialAction":[{"@type":"SearchAction","target":{"@type":"EntryPoint","urlTemplate":"https:\/\/hotel-des-nordens.com\/da\/?s={search_term_string}"},"query-input":{"@type":"PropertyValueSpecification","valueRequired":true,"valueName":"search_term_string"}}],"inLanguage":"da-DK"},{"@type":"Organization","@id":"https:\/\/hotel-des-nordens.com\/da\/#organization","name":"Hotel des Nordens","url":"https:\/\/hotel-des-nordens.com\/da\/","logo":{"@type":"ImageObject","inLanguage":"da-DK","@id":"https:\/\/hotel-des-nordens.com\/da\/#\/schema\/logo\/image\/","url":"https:\/\/hotel-des-nordens.com\/wp-content\/uploads\/2025\/09\/cropped-hotel-des-nordens-icon.png","contentUrl":"https:\/\/hotel-des-nordens.com\/wp-content\/uploads\/2025\/09\/cropped-hotel-des-nordens-icon.png","width":512,"height":512,"caption":"Hotel des Nordens"},"image":{"@id":"https:\/\/hotel-des-nordens.com\/da\/#\/schema\/logo\/image\/"},"sameAs":["https:\/\/www.facebook.com\/HotelDesNordens\/","https:\/\/www.instagram.com\/hoteldesnordens\/"]}]}},"jetpack_sharing_enabled":true,"_links":{"self":[{"href":"https:\/\/hotel-des-nordens.com\/da\/wp-json\/wp\/v2\/pages\/5304","targetHints":{"allow":["GET"]}}],"collection":[{"href":"https:\/\/hotel-des-nordens.com\/da\/wp-json\/wp\/v2\/pages"}],"about":[{"href":"https:\/\/hotel-des-nordens.com\/da\/wp-json\/wp\/v2\/types\/page"}],"author":[{"embeddable":true,"href":"https:\/\/hotel-des-nordens.com\/da\/wp-json\/wp\/v2\/users\/9"}],"replies":[{"embeddable":true,"href":"https:\/\/hotel-des-nordens.com\/da\/wp-json\/wp\/v2\/comments?post=5304"}],"version-history":[{"count":5,"href":"https:\/\/hotel-des-nordens.com\/da\/wp-json\/wp\/v2\/pages\/5304\/revisions"}],"predecessor-version":[{"id":9848,"href":"https:\/\/hotel-des-nordens.com\/da\/wp-json\/wp\/v2\/pages\/5304\/revisions\/9848"}],"wp:attachment":[{"href":"https:\/\/hotel-des-nordens.com\/da\/wp-json\/wp\/v2\/media?parent=5304"}],"curies":[{"name":"wp","href":"https:\/\/api.w.org\/{rel}","templated":true}]}}