{"id":5298,"date":"2025-08-01T13:49:26","date_gmt":"2025-08-01T13:49:26","guid":{"rendered":"https:\/\/p-ul7el4.project.space\/tilbud\/"},"modified":"2026-04-23T07:43:53","modified_gmt":"2026-04-23T07:43:53","slug":"tilbud","status":"publish","type":"page","link":"https:\/\/hotel-des-nordens.com\/da\/tilbud\/","title":{"rendered":"Tilbud"},"content":{"rendered":"<div class=\"et_pb_section_0 et_pb_section et_section_specialty et_pb_equal_columns et_pb_gutters3 et_block_section et_pb_section_parallax preset--module--divi-specialty-section--default\"><span class=\"et-pb-parallax-wrapper\"><span class=\"et-pb-parallax-background et-pb-parallax-background--css et-pb-parallax-background-module--divi-section-0\" style=\"background-image:url(https:\/\/hotel-des-nordens.com\/wp-content\/uploads\/2025\/09\/angebote-header-image-scaled.jpg)\"><\/span><\/span><div class=\"et_pb_row et_block_row\">\n<div class=\"et_pb_column_0 et_pb_column et_pb_column_single et_pb_column_1_2 et_block_column et_pb_css_mix_blend_mode_passthrough\">\n<div class=\"et_pb_code_0 et_pb_code et_pb_module\"><\/div>\n<\/div>\n\n<div class=\"et_pb_column_1 et_pb_column et_pb_specialty_column et_pb_column_1_2 et-last-child et_block_column et_pb_column_empty et_pb_css_mix_blend_mode_passthrough\"><\/div>\n<\/div><\/div>\n\n<div class=\"et_pb_section_1 et_pb_section et_section_regular et_block_section preset--module--divi-section--c76e071d-b3e5-447a-8aa9-3df7f257a5af\">\n<div class=\"et_pb_row_0 et_pb_row et_block_row\">\n<div class=\"et_pb_column_2 et_pb_column et_pb_column_4_4 et-last-child et_block_column et_pb_css_mix_blend_mode_passthrough\">\n<div class=\"et_pb_text_0 et_pb_text et_pb_bg_layout_light et_pb_module et_block_module et_pb_text_align_center preset--module--divi-text--17aa47f9-1791-4ef5-8c6e-2067ce530fd2\"><div class=\"et_pb_text_inner\"><p>S\u00e6rlige tilbud<\/p>\n<\/div><\/div>\n\n<div class=\"et_pb_heading_0 et_pb_heading et_pb_module et_block_module preset--module--divi-heading--07c807f5-30a2-466c-bd49-e9a777215f15\"><div class=\"et_pb_heading_container\"><h1 class=\"et_pb_module_header\">Tilbud p\u00e5 Hotel des Nordens<\/h1><\/div><\/div>\n\n<div class=\"et_pb_text_1 et_pb_text et_pb_bg_layout_light et_pb_module et_block_module et_pb_text_align_center preset--module--divi-text--a1bebcce-26b7-401b-bde8-72bfa10e960b\"><div class=\"et_pb_text_inner\"><p>Oplev det bedste, Flensborg og det danske gr\u00e6nseomr\u00e5de har at byde p\u00e5! Her finder du n\u00f8je udvalgte tilbud til dit n\u00e6ste bes\u00f8g hos os.<\/p>\n<\/div><\/div>\n\n<div class=\"et_pb_icon_0 et_pb_icon et_pb_module et_block_module preset--module--divi-icon--a1264cde-02c4-43b0-9644-2c0ea0ae1cfb\"><span class=\"et_pb_icon_wrap\"><span class=\"et-pb-icon\">7<\/span><\/span><\/div>\n<\/div>\n<\/div>\n<\/div>\n\n<div class=\"et_pb_section_2 et_pb_section et_section_regular et_block_section\">\n<div class=\"et_pb_row_1 et_pb_row et_block_row\">\n<div class=\"et_pb_column_3 et_pb_column et_pb_column_4_4 et-last-child et_block_column et_pb_css_mix_blend_mode_passthrough\">\n<div class=\"et_pb_heading_1 et_pb_heading et_pb_module et_block_module preset--module--divi-heading--f5eead34-ecd1-47b6-b936-72bf5a4138f6\"><div class=\"et_pb_heading_container\"><h2 class=\"et_pb_module_header\">Vores aktuelle tilbud<\/h2><\/div><\/div>\n<\/div>\n<\/div>\n\n<div class=\"et_pb_row_2 et_pb_row et_pb_equal_columns et_pb_gutters2 et_block_row services-presentation preset--module--divi-row--7c810003-92a3-4448-9065-5055661351b4\">\n<div class=\"et_pb_column_4 et_pb_column et_pb_column_4_4 et-last-child et_block_column et_pb_css_mix_blend_mode_passthrough\">\n<div class=\"et_pb_blog_0 et_pb_blog et_pb_bg_layout_light et_pb_text_align_left et_pb_posts et_animated et_pb_module blog-layout preset--module--divi-blog--58877359-148f-4b8d-8a4c-b9a666f153fb\"><div class=\"et_pb_ajax_pagination_container\"><div class=\"et_pb_posts et_grid_module\"><article class=\"et_pb_post et_pb_post_id_5525 clearfix et_pb_blog_item_0_0 post-5525 post type-post status-publish format-standard has-post-thumbnail hentry category-tilbud\"><div class=\"et_pb_image_container\"><a href=\"https:\/\/hotel-des-nordens.com\/da\/miniferie-flensborg\/\" class=\"entry-featured-image-url\"><img loading=\"lazy\" decoding=\"async\" src=\"https:\/\/hotel-des-nordens.com\/wp-content\/uploads\/2025\/09\/miniferien-angebot-image.jpg\" width=\"400\" height=\"284\" alt=\"En kvinde sidder ved et lille bord ved poolen i solen og drikker en kop kaffe.\" class=\"\" srcset=\"https:\/\/hotel-des-nordens.com\/wp-content\/uploads\/2025\/09\/miniferien-angebot-image.jpg 479w, https:\/\/hotel-des-nordens.com\/wp-content\/uploads\/2025\/09\/miniferien-angebot-image-400x284.jpg 480w\" sizes=\"(max-width:479px) 479px, 100vw\" \/><span data-icon=\"\ue050\" class=\"et_overlay et_pb_inline_icon\"><\/span><\/a><\/div><h3 class=\"entry-title\"><a href=\"https:\/\/hotel-des-nordens.com\/da\/miniferie-flensborg\/\">Miniferie i Flensborg<\/a><\/h3><p class=\"post-meta\"><\/p><div class=\"post-content\"><div class=\"post-content-inner\"><p>Miniferie p\u00e5 Hotel des Nordens \u2013 din lille pause i hverdagen. Gl\u00e6d dig til afslappende dage med middag i hotellets restaurant og attraktive inkluderede services til en fair pris.<\/p>\n<\/div><a href=\"https:\/\/hotel-des-nordens.com\/da\/miniferie-flensborg\/\" class=\"more-link\">l\u00e6s mere...<\/a><\/div><\/article><article class=\"et_pb_post et_pb_post_id_6099 clearfix et_pb_blog_item_0_1 post-6099 post type-post status-publish format-standard has-post-thumbnail hentry category-tilbud\"><div class=\"et_pb_image_container\"><a href=\"https:\/\/hotel-des-nordens.com\/da\/day-spa-tilbud\/\" class=\"entry-featured-image-url\"><img loading=\"lazy\" decoding=\"async\" src=\"https:\/\/hotel-des-nordens.com\/wp-content\/uploads\/2025\/09\/spa-angebot-image.jpg\" width=\"400\" height=\"284\" alt=\"En stor indend\u00f8rs pool med et vandfald til venstre, en mindre pool til h\u00f8jre og en bred trappe med gel\u00e6nder, der f\u00f8rer ned i poolen i forgrunden. I baggrunden ses et separat omr\u00e5de med et spabad.\" class=\"\" srcset=\"https:\/\/hotel-des-nordens.com\/wp-content\/uploads\/2025\/09\/spa-angebot-image.jpg 479w, https:\/\/hotel-des-nordens.com\/wp-content\/uploads\/2025\/09\/spa-angebot-image-400x284.jpg 480w\" sizes=\"(max-width:479px) 479px, 100vw\" \/><span data-icon=\"\ue050\" class=\"et_overlay et_pb_inline_icon\"><\/span><\/a><\/div><h3 class=\"entry-title\"><a href=\"https:\/\/hotel-des-nordens.com\/da\/day-spa-tilbud\/\">Day Spa<\/a><\/h3><p class=\"post-meta\"><\/p><div class=\"post-content\"><div class=\"post-content-inner\"><p>Start din wellness-dag med en gener\u00f8s og sund morgenmad i vores restaurant, hvor du kan nyde alt, hvad hjertet beg\u00e6rer. Derefter byder vi dig velkommen til vores Aquapoint.<\/p>\n<\/div><a href=\"https:\/\/hotel-des-nordens.com\/da\/day-spa-tilbud\/\" class=\"more-link\">l\u00e6s mere...<\/a><\/div><\/article><\/div><div class=\"pagination clearfix\">\n\t<div class=\"alignleft\"><\/div>\n\t<div class=\"alignright\"><\/div>\n<\/div><\/div><\/div>\n<\/div>\n<\/div>\n<\/div>","protected":false},"excerpt":{"rendered":"","protected":false},"author":5,"featured_media":9327,"parent":0,"menu_order":0,"comment_status":"closed","ping_status":"closed","template":"","meta":{"inline_featured_image":false,"footnotes":""},"class_list":["post-5298","page","type-page","status-publish","has-post-thumbnail","hentry"],"yoast_head":"<!-- This site is optimized with the Yoast SEO plugin v27.6 - https:\/\/yoast.com\/product\/yoast-seo-wordpress\/ -->\n<title>Aktuelle tilbud p\u00e5 Hotel des Nordens n\u00e6r Flensborg<\/title>\n<meta name=\"description\" content=\"L\u00e6s mere om aktuelle tilbud og kampagner p\u00e5 Hotel des Nordens i Harrislee ved Flensborg. Book nu og spar!\" \/>\n<meta name=\"robots\" content=\"index, follow, max-snippet:-1, max-image-preview:large, max-video-preview:-1\" \/>\n<link rel=\"canonical\" href=\"https:\/\/hotel-des-nordens.com\/da\/tilbud\/\" \/>\n<meta property=\"og:locale\" content=\"da_DK\" \/>\n<meta property=\"og:type\" content=\"article\" \/>\n<meta property=\"og:title\" content=\"Aktuelle tilbud p\u00e5 Hotel des Nordens n\u00e6r Flensborg\" \/>\n<meta property=\"og:description\" content=\"L\u00e6s mere om aktuelle tilbud og kampagner p\u00e5 Hotel des Nordens i Harrislee ved Flensborg. Book nu og spar!\" \/>\n<meta property=\"og:url\" content=\"https:\/\/hotel-des-nordens.com\/da\/tilbud\/\" \/>\n<meta property=\"og:site_name\" content=\"Hotel des Nordens\" \/>\n<meta property=\"article:publisher\" content=\"https:\/\/www.facebook.com\/HotelDesNordens\/\" \/>\n<meta property=\"article:modified_time\" content=\"2026-04-23T07:43:53+00:00\" \/>\n<meta property=\"og:image\" content=\"https:\/\/hotel-des-nordens.com\/wp-content\/uploads\/2025\/09\/ausstattung-image-05.jpg\" \/>\n\t<meta property=\"og:image:width\" content=\"480\" \/>\n\t<meta property=\"og:image:height\" content=\"388\" \/>\n\t<meta property=\"og:image:type\" content=\"image\/jpeg\" \/>\n<meta name=\"twitter:card\" content=\"summary_large_image\" \/>\n<script type=\"application\/ld+json\" class=\"yoast-schema-graph\">{\"@context\":\"https:\\\/\\\/schema.org\",\"@graph\":[{\"@type\":\"WebPage\",\"@id\":\"https:\\\/\\\/hotel-des-nordens.com\\\/da\\\/tilbud\\\/\",\"url\":\"https:\\\/\\\/hotel-des-nordens.com\\\/da\\\/tilbud\\\/\",\"name\":\"Aktuelle tilbud p\u00e5 Hotel des Nordens n\u00e6r Flensborg\",\"isPartOf\":{\"@id\":\"https:\\\/\\\/hotel-des-nordens.com\\\/da\\\/#website\"},\"primaryImageOfPage\":{\"@id\":\"https:\\\/\\\/hotel-des-nordens.com\\\/da\\\/tilbud\\\/#primaryimage\"},\"image\":{\"@id\":\"https:\\\/\\\/hotel-des-nordens.com\\\/da\\\/tilbud\\\/#primaryimage\"},\"thumbnailUrl\":\"https:\\\/\\\/hotel-des-nordens.com\\\/wp-content\\\/uploads\\\/2025\\\/09\\\/ausstattung-image-05.jpg\",\"datePublished\":\"2025-08-01T13:49:26+00:00\",\"dateModified\":\"2026-04-23T07:43:53+00:00\",\"description\":\"L\u00e6s mere om aktuelle tilbud og kampagner p\u00e5 Hotel des Nordens i Harrislee ved Flensborg. Book nu og spar!\",\"breadcrumb\":{\"@id\":\"https:\\\/\\\/hotel-des-nordens.com\\\/da\\\/tilbud\\\/#breadcrumb\"},\"inLanguage\":\"da-DK\",\"potentialAction\":[{\"@type\":\"ReadAction\",\"target\":[\"https:\\\/\\\/hotel-des-nordens.com\\\/da\\\/tilbud\\\/\"]}]},{\"@type\":\"ImageObject\",\"inLanguage\":\"da-DK\",\"@id\":\"https:\\\/\\\/hotel-des-nordens.com\\\/da\\\/tilbud\\\/#primaryimage\",\"url\":\"https:\\\/\\\/hotel-des-nordens.com\\\/wp-content\\\/uploads\\\/2025\\\/09\\\/ausstattung-image-05.jpg\",\"contentUrl\":\"https:\\\/\\\/hotel-des-nordens.com\\\/wp-content\\\/uploads\\\/2025\\\/09\\\/ausstattung-image-05.jpg\",\"width\":480,\"height\":388,\"caption\":\"En kvinde f\u00e5r en ansigtsbehandling.\"},{\"@type\":\"BreadcrumbList\",\"@id\":\"https:\\\/\\\/hotel-des-nordens.com\\\/da\\\/tilbud\\\/#breadcrumb\",\"itemListElement\":[{\"@type\":\"ListItem\",\"position\":1,\"name\":\"Home\",\"item\":\"https:\\\/\\\/hotel-des-nordens.com\\\/da\\\/\"},{\"@type\":\"ListItem\",\"position\":2,\"name\":\"Tilbud\"}]},{\"@type\":\"WebSite\",\"@id\":\"https:\\\/\\\/hotel-des-nordens.com\\\/da\\\/#website\",\"url\":\"https:\\\/\\\/hotel-des-nordens.com\\\/da\\\/\",\"name\":\"Hotel des Nordens\",\"description\":\"\",\"publisher\":{\"@id\":\"https:\\\/\\\/hotel-des-nordens.com\\\/da\\\/#organization\"},\"potentialAction\":[{\"@type\":\"SearchAction\",\"target\":{\"@type\":\"EntryPoint\",\"urlTemplate\":\"https:\\\/\\\/hotel-des-nordens.com\\\/da\\\/?s={search_term_string}\"},\"query-input\":{\"@type\":\"PropertyValueSpecification\",\"valueRequired\":true,\"valueName\":\"search_term_string\"}}],\"inLanguage\":\"da-DK\"},{\"@type\":\"Organization\",\"@id\":\"https:\\\/\\\/hotel-des-nordens.com\\\/da\\\/#organization\",\"name\":\"Hotel des Nordens\",\"url\":\"https:\\\/\\\/hotel-des-nordens.com\\\/da\\\/\",\"logo\":{\"@type\":\"ImageObject\",\"inLanguage\":\"da-DK\",\"@id\":\"https:\\\/\\\/hotel-des-nordens.com\\\/da\\\/#\\\/schema\\\/logo\\\/image\\\/\",\"url\":\"https:\\\/\\\/hotel-des-nordens.com\\\/wp-content\\\/uploads\\\/2025\\\/09\\\/cropped-hotel-des-nordens-icon.png\",\"contentUrl\":\"https:\\\/\\\/hotel-des-nordens.com\\\/wp-content\\\/uploads\\\/2025\\\/09\\\/cropped-hotel-des-nordens-icon.png\",\"width\":512,\"height\":512,\"caption\":\"Hotel des Nordens\"},\"image\":{\"@id\":\"https:\\\/\\\/hotel-des-nordens.com\\\/da\\\/#\\\/schema\\\/logo\\\/image\\\/\"},\"sameAs\":[\"https:\\\/\\\/www.facebook.com\\\/HotelDesNordens\\\/\",\"https:\\\/\\\/www.instagram.com\\\/hoteldesnordens\\\/\"]}]}<\/script>\n<!-- \/ Yoast SEO plugin. -->","yoast_head_json":{"title":"Aktuelle tilbud p\u00e5 Hotel des Nordens n\u00e6r Flensborg","description":"L\u00e6s mere om aktuelle tilbud og kampagner p\u00e5 Hotel des Nordens i Harrislee ved Flensborg. Book nu og spar!","robots":{"index":"index","follow":"follow","max-snippet":"max-snippet:-1","max-image-preview":"max-image-preview:large","max-video-preview":"max-video-preview:-1"},"canonical":"https:\/\/hotel-des-nordens.com\/da\/tilbud\/","og_locale":"da_DK","og_type":"article","og_title":"Aktuelle tilbud p\u00e5 Hotel des Nordens n\u00e6r Flensborg","og_description":"L\u00e6s mere om aktuelle tilbud og kampagner p\u00e5 Hotel des Nordens i Harrislee ved Flensborg. Book nu og spar!","og_url":"https:\/\/hotel-des-nordens.com\/da\/tilbud\/","og_site_name":"Hotel des Nordens","article_publisher":"https:\/\/www.facebook.com\/HotelDesNordens\/","article_modified_time":"2026-04-23T07:43:53+00:00","og_image":[{"width":480,"height":388,"url":"https:\/\/hotel-des-nordens.com\/wp-content\/uploads\/2025\/09\/ausstattung-image-05.jpg","type":"image\/jpeg"}],"twitter_card":"summary_large_image","schema":{"@context":"https:\/\/schema.org","@graph":[{"@type":"WebPage","@id":"https:\/\/hotel-des-nordens.com\/da\/tilbud\/","url":"https:\/\/hotel-des-nordens.com\/da\/tilbud\/","name":"Aktuelle tilbud p\u00e5 Hotel des Nordens n\u00e6r Flensborg","isPartOf":{"@id":"https:\/\/hotel-des-nordens.com\/da\/#website"},"primaryImageOfPage":{"@id":"https:\/\/hotel-des-nordens.com\/da\/tilbud\/#primaryimage"},"image":{"@id":"https:\/\/hotel-des-nordens.com\/da\/tilbud\/#primaryimage"},"thumbnailUrl":"https:\/\/hotel-des-nordens.com\/wp-content\/uploads\/2025\/09\/ausstattung-image-05.jpg","datePublished":"2025-08-01T13:49:26+00:00","dateModified":"2026-04-23T07:43:53+00:00","description":"L\u00e6s mere om aktuelle tilbud og kampagner p\u00e5 Hotel des Nordens i Harrislee ved Flensborg. Book nu og spar!","breadcrumb":{"@id":"https:\/\/hotel-des-nordens.com\/da\/tilbud\/#breadcrumb"},"inLanguage":"da-DK","potentialAction":[{"@type":"ReadAction","target":["https:\/\/hotel-des-nordens.com\/da\/tilbud\/"]}]},{"@type":"ImageObject","inLanguage":"da-DK","@id":"https:\/\/hotel-des-nordens.com\/da\/tilbud\/#primaryimage","url":"https:\/\/hotel-des-nordens.com\/wp-content\/uploads\/2025\/09\/ausstattung-image-05.jpg","contentUrl":"https:\/\/hotel-des-nordens.com\/wp-content\/uploads\/2025\/09\/ausstattung-image-05.jpg","width":480,"height":388,"caption":"En kvinde f\u00e5r en ansigtsbehandling."},{"@type":"BreadcrumbList","@id":"https:\/\/hotel-des-nordens.com\/da\/tilbud\/#breadcrumb","itemListElement":[{"@type":"ListItem","position":1,"name":"Home","item":"https:\/\/hotel-des-nordens.com\/da\/"},{"@type":"ListItem","position":2,"name":"Tilbud"}]},{"@type":"WebSite","@id":"https:\/\/hotel-des-nordens.com\/da\/#website","url":"https:\/\/hotel-des-nordens.com\/da\/","name":"Hotel des Nordens","description":"","publisher":{"@id":"https:\/\/hotel-des-nordens.com\/da\/#organization"},"potentialAction":[{"@type":"SearchAction","target":{"@type":"EntryPoint","urlTemplate":"https:\/\/hotel-des-nordens.com\/da\/?s={search_term_string}"},"query-input":{"@type":"PropertyValueSpecification","valueRequired":true,"valueName":"search_term_string"}}],"inLanguage":"da-DK"},{"@type":"Organization","@id":"https:\/\/hotel-des-nordens.com\/da\/#organization","name":"Hotel des Nordens","url":"https:\/\/hotel-des-nordens.com\/da\/","logo":{"@type":"ImageObject","inLanguage":"da-DK","@id":"https:\/\/hotel-des-nordens.com\/da\/#\/schema\/logo\/image\/","url":"https:\/\/hotel-des-nordens.com\/wp-content\/uploads\/2025\/09\/cropped-hotel-des-nordens-icon.png","contentUrl":"https:\/\/hotel-des-nordens.com\/wp-content\/uploads\/2025\/09\/cropped-hotel-des-nordens-icon.png","width":512,"height":512,"caption":"Hotel des Nordens"},"image":{"@id":"https:\/\/hotel-des-nordens.com\/da\/#\/schema\/logo\/image\/"},"sameAs":["https:\/\/www.facebook.com\/HotelDesNordens\/","https:\/\/www.instagram.com\/hoteldesnordens\/"]}]}},"jetpack_sharing_enabled":true,"_links":{"self":[{"href":"https:\/\/hotel-des-nordens.com\/da\/wp-json\/wp\/v2\/pages\/5298","targetHints":{"allow":["GET"]}}],"collection":[{"href":"https:\/\/hotel-des-nordens.com\/da\/wp-json\/wp\/v2\/pages"}],"about":[{"href":"https:\/\/hotel-des-nordens.com\/da\/wp-json\/wp\/v2\/types\/page"}],"author":[{"embeddable":true,"href":"https:\/\/hotel-des-nordens.com\/da\/wp-json\/wp\/v2\/users\/5"}],"replies":[{"embeddable":true,"href":"https:\/\/hotel-des-nordens.com\/da\/wp-json\/wp\/v2\/comments?post=5298"}],"version-history":[{"count":5,"href":"https:\/\/hotel-des-nordens.com\/da\/wp-json\/wp\/v2\/pages\/5298\/revisions"}],"predecessor-version":[{"id":9187,"href":"https:\/\/hotel-des-nordens.com\/da\/wp-json\/wp\/v2\/pages\/5298\/revisions\/9187"}],"wp:featuredmedia":[{"embeddable":true,"href":"https:\/\/hotel-des-nordens.com\/da\/wp-json\/wp\/v2\/media\/9327"}],"wp:attachment":[{"href":"https:\/\/hotel-des-nordens.com\/da\/wp-json\/wp\/v2\/media?parent=5298"}],"curies":[{"name":"wp","href":"https:\/\/api.w.org\/{rel}","templated":true}]}}